{"id":590,"date":"2022-12-22T09:25:36","date_gmt":"2022-12-22T07:25:36","guid":{"rendered":"http:\/\/www.pallokarhut.fi\/jaakiekko\/?page_id=590"},"modified":"2025-05-08T09:02:24","modified_gmt":"2025-05-08T06:02:24","slug":"uusi-harrastus-lapsille-nuorille-ja-koko-perheelle","status":"publish","type":"page","link":"https:\/\/pallokarhut.fi\/jaakiekko\/","title":{"rendered":"Harrastus lapsille, nuorille ja koko perheelle!"},"content":{"rendered":"<div>\n<p>        <img decoding=\"async\" src=\"\/jaakiekko\/wp-content\/uploads\/2022\/12\/pakakiekkoperhe2-scaled.jpg\" alt=\"\"><\/p>\n<h3>Pallo-Karhut J\u00e4\u00e4kiekko<\/h3>\n<p>Kuusamo<\/p>\n<\/div>\n<h4>Edustus&shy;joukkueen seuraava peli<\/h4>\n<h2><a href=\"\/jaakiekko\/edustusjoukkue\/\">Edustus&shy;joukkue<\/a><\/h2>\n<div>\n<p>Perinteik\u00e4s ja l\u00e4mpimi\u00e4 tunteita her\u00e4tt\u00e4v\u00e4 III-divarin j\u00e4\u00e4kiekkojoukkue.<\/p>\n<\/div>\n<p><p>\n        <a href=\"\/jaakiekko\/edustusjoukkue\/\">Joukkue<\/a>\n    <\/p>\n<\/p>\n<ul>\n<li><a href=\"https:\/\/www.facebook.com\/pakaedustus\">facebook<\/a>\n<\/li>\n<li><a href=\"https:\/\/www.instagram.com\/pakaedustus\/\">instagram<\/a>\n<\/li>\n<\/ul>\n<h2><a href=\"http:\/\/www.pallokarhut.fi\/jaakiekko\/kiinnostaako-junnukiekko-harrastuksena\/\">Juniorit<\/a><\/h2>\n<div>\n<p>Junnun pelaajapolku, joukkueet ja seuran muu ryhm\u00e4toiminta.<\/p>\n<\/div>\n<p><p>\n        <a href=\"http:\/\/www.pallokarhut.fi\/jaakiekko\/kiinnostaako-junnukiekko-harrastuksena\/\">Tule mukaan<\/a>\n    <\/p>\n<\/p>\n<ul>\n<li><a href=\"https:\/\/www.facebook.com\/profile.php?id=100041232415788\">facebook<\/a>\n<\/li>\n<li><a href=\"https:\/\/www.instagram.com\/pakajuniorit\/\">instagram<\/a>\n<\/li>\n<\/ul>\n<h2>Uutiset<\/h2>\n<div>\n<\/div>\n<p><p>\n        <a href=\"http:\/\/www.pallokarhut.fi\/jaakiekko\/uutiset\/\">Kaikki uutiset<\/a>\n    <\/p>\n<\/p>\n<p><!--more--><br \/>\n<!-- {\"type\":\"layout\",\"children\":[{\"type\":\"section\",\"props\":{\"image_position\":\"center-center\",\"image_size\":\"cover\",\"padding\":\"none\",\"style\":\"default\",\"text_color\":\"light\",\"title_breakpoint\":\"xl\",\"title_position\":\"top-left\",\"title_rotation\":\"left\",\"vertical_align\":\"\",\"width\":\"\"},\"children\":[{\"type\":\"row\",\"children\":[{\"type\":\"column\",\"props\":{\"image_position\":\"center-center\",\"position_sticky_breakpoint\":\"m\",\"width_medium\":\"1-1\"},\"children\":[{\"type\":\"overlay\",\"props\":{\"image\":\"wp-content\\\/uploads\\\/2022\\\/12\\\/pakakiekkoperhe2-scaled.jpg\",\"link_style\":\"default\",\"link_text\":\"Read more\",\"margin\":\"default\",\"media_overlay\":\"rgba(0, 0, 0, 0.32)\",\"meta\":\"Kuusamo\",\"meta_align\":\"below-title\",\"meta_element\":\"div\",\"meta_margin\":\"small\",\"meta_style\":\"h2\",\"overlay_hover\":false,\"overlay_mode\":\"cover\",\"overlay_position\":\"center\",\"overlay_style\":\"\",\"overlay_transition\":\"fade\",\"text_align\":\"center\",\"text_color\":\"light\",\"title\":\"Pallo-Karhut J\\u00e4\\u00e4kiekko\",\"title_element\":\"h3\",\"title_hover_style\":\"reset\",\"title_style\":\"heading-medium\"}}]}]}]},{\"type\":\"section\",\"props\":{\"image_position\":\"center-center\",\"image_size\":\"cover\",\"padding\":\"small\",\"preserve_color\":true,\"style\":\"secondary\",\"title_breakpoint\":\"xl\",\"title_position\":\"top-left\",\"title_rotation\":\"left\",\"vertical_align\":\"\",\"width\":\"expand\"},\"children\":[{\"type\":\"row\",\"children\":[{\"type\":\"column\",\"props\":{\"image_position\":\"center-center\",\"position_sticky_breakpoint\":\"m\",\"text_color\":\"light\",\"width_medium\":\"1-4\",\"width_small\":\"1-2\"},\"children\":[{\"type\":\"headline\",\"props\":{\"content\":\"Edustus&shy;joukkueen seuraava peli\",\"margin_remove_bottom\":true,\"text_align\":\"center\",\"title_element\":\"h4\",\"title_style\":\"h2\"}},{\"type\":\"text\",\"props\":{\"column_breakpoint\":\"m\",\"margin\":\"default\",\"text_align\":\"center\"},\"source\":{\"query\":{\"name\":\"pages.customPage\",\"arguments\":{\"users\":[],\"users_operator\":\"IN\",\"offset\":0,\"order\":\"date\",\"order_direction\":\"DESC\",\"id\":625}},\"props\":{\"content\":{\"filters\":{\"search\":\"\"},\"arguments\":{\"show_intro_text\":true},\"name\":\"content\"}}},\"name\":\"\\u00c4L\\u00c4\\u00a0KOSKE\"}]},{\"type\":\"column\",\"props\":{\"image_position\":\"center-center\",\"padding\":\"xsmall\",\"position_sticky_breakpoint\":\"m\",\"style\":\"tile-default\",\"width_medium\":\"1-4\",\"width_small\":\"1-2\"},\"children\":[{\"type\":\"headline\",\"props\":{\"content\":\"Edustus&shy;joukkue\",\"link\":\"edustusjoukkue\\\/\",\"text_align\":\"center\",\"title_element\":\"h2\",\"title_style\":\"h2\"}},{\"type\":\"text\",\"props\":{\"column_breakpoint\":\"m\",\"content\":\"\n\n<p>Perinteik\\u00e4s ja l\\u00e4mpimi\\u00e4 tunteita her\\u00e4tt\\u00e4v\\u00e4 III-divarin j\\u00e4\\u00e4kiekkojoukkue.<\\\/p>\",\"margin\":\"default\",\"text_align\":\"center\"}},{\"type\":\"button\",\"props\":{\"grid_column_gap\":\"small\",\"grid_row_gap\":\"small\",\"margin\":\"default\",\"text_align\":\"center\"},\"children\":[{\"type\":\"button_item\",\"props\":{\"button_style\":\"secondary\",\"content\":\"Joukkue\",\"dialog_layout\":\"modal\",\"dialog_offcanvas_flip\":true,\"icon_align\":\"left\",\"link\":\"edustusjoukkue\\\/\"}}]},{\"type\":\"social\",\"props\":{\"grid\":\"horizontal\",\"grid_column_gap\":\"small\",\"grid_row_gap\":\"small\",\"icon_width\":\"45\",\"image_height\":\"45\",\"image_loading\":true,\"image_svg_inline\":true,\"image_width\":\"45\",\"link_style\":\"link\",\"margin\":\"medium\",\"text_align\":\"center\"},\"children\":[{\"type\":\"social_item\",\"props\":{\"link\":\"https:\\\/\\\/www.facebook.com\\\/pakaedustus\"}},{\"type\":\"social_item\",\"props\":{\"link\":\"https:\\\/\\\/www.instagram.com\\\/pakaedustus\\\/\"}}]}]},{\"type\":\"column\",\"props\":{\"image_position\":\"center-center\",\"padding\":\"xsmall\",\"position_sticky_breakpoint\":\"m\",\"style\":\"tile-primary\",\"width_medium\":\"1-4\",\"width_small\":\"1-2\"},\"children\":[{\"type\":\"headline\",\"props\":{\"content\":\"Juniorit\",\"link\":\"http:\\\/\\\/www.pallokarhut.fi\\\/jaakiekko\\\/kiinnostaako-junnukiekko-harrastuksena\\\/\",\"text_align\":\"center\",\"title_element\":\"h2\",\"title_style\":\"h2\"}},{\"type\":\"text\",\"props\":{\"column_breakpoint\":\"m\",\"content\":\"\n\n<p>Junnun pelaajapolku, joukkueet ja seuran muu ryhm\\u00e4toiminta.<\\\/p>\",\"margin\":\"default\",\"text_align\":\"center\"}},{\"type\":\"button\",\"props\":{\"grid_column_gap\":\"small\",\"grid_row_gap\":\"small\",\"margin\":\"default\",\"text_align\":\"center\"},\"children\":[{\"type\":\"button_item\",\"props\":{\"button_style\":\"secondary\",\"content\":\"Tule mukaan\",\"dialog_layout\":\"modal\",\"dialog_offcanvas_flip\":true,\"icon_align\":\"left\",\"link\":\"http:\\\/\\\/www.pallokarhut.fi\\\/jaakiekko\\\/kiinnostaako-junnukiekko-harrastuksena\\\/\"}}]},{\"type\":\"social\",\"props\":{\"grid\":\"horizontal\",\"grid_column_gap\":\"small\",\"grid_row_gap\":\"small\",\"icon_width\":\"45\",\"image_height\":\"45\",\"image_loading\":true,\"image_svg_inline\":true,\"image_width\":\"45\",\"link_style\":\"link\",\"margin\":\"medium\",\"text_align\":\"center\"},\"children\":[{\"type\":\"social_item\",\"props\":{\"link\":\"https:\\\/\\\/www.facebook.com\\\/profile.php?id=100041232415788\"}},{\"type\":\"social_item\",\"props\":{\"link\":\"https:\\\/\\\/www.instagram.com\\\/pakajuniorit\\\/\"}}]}]},{\"type\":\"column\",\"props\":{\"image_position\":\"center-center\",\"position_sticky_breakpoint\":\"m\",\"width_medium\":\"1-4\",\"width_small\":\"1-2\"},\"children\":[{\"type\":\"module\",\"props\":{\"menu_image_align\":\"center\",\"menu_image_margin\":true,\"menu_style\":\"default\",\"menu_type\":\"nav\",\"style\":\"card-default\",\"type\":\"tribe-widget-events-list\",\"widget\":\"tribe-widget-events-list-2\"}}]}],\"props\":{\"divider\":false,\"layout\":\"1-4,1-4,1-4,1-4|1-2,1-2,1-2,1-2\"}}]},{\"type\":\"section\",\"props\":{\"image_position\":\"center-center\",\"style\":\"default\",\"title_breakpoint\":\"xl\",\"title_position\":\"top-left\",\"title_rotation\":\"left\",\"vertical_align\":\"\",\"width\":\"default\"},\"children\":[{\"type\":\"row\",\"children\":[{\"type\":\"column\",\"props\":{\"image_position\":\"center-center\",\"position_sticky_breakpoint\":\"m\"},\"children\":[{\"type\":\"headline\",\"props\":{\"content\":\"Uutiset\",\"text_align\":\"center\",\"title_decoration\":\"line\",\"title_element\":\"h2\",\"title_style\":\"heading-small\"}},{\"type\":\"grid\",\"props\":{\"content_column_breakpoint\":\"m\",\"content_margin\":\"remove\",\"filter_align\":\"left\",\"filter_all\":true,\"filter_grid_breakpoint\":\"m\",\"filter_grid_width\":\"auto\",\"filter_position\":\"top\",\"filter_style\":\"tab\",\"grid_default\":\"1\",\"grid_masonry\":\"next\",\"grid_medium\":\"3\",\"icon_width\":80,\"image_align\":\"top\",\"image_grid_breakpoint\":\"m\",\"image_grid_width\":\"1-5\",\"image_height\":\"533\",\"image_link\":true,\"image_loading\":true,\"image_svg_color\":\"emphasis\",\"image_width\":\"800\",\"item_animation\":true,\"lightbox_bg_close\":true,\"link_margin\":\"small\",\"link_style\":\"text\",\"link_text\":\"Read more\",\"margin\":\"default\",\"meta_align\":\"below-title\",\"meta_element\":\"div\",\"meta_margin\":\"remove\",\"meta_style\":\"h6\",\"panel_link\":true,\"parallax_easing\":\"1\",\"show_content\":true,\"show_hover_image\":true,\"show_hover_video\":true,\"show_image\":true,\"show_link\":true,\"show_meta\":true,\"show_title\":true,\"show_video\":true,\"title_align\":\"top\",\"title_element\":\"h3\",\"title_grid_breakpoint\":\"m\",\"title_grid_width\":\"1-2\",\"title_hover_style\":\"reset\",\"title_link\":true,\"title_style\":\"h3\"},\"children\":[{\"type\":\"grid_item\",\"props\":{\"link_text\":\"Lue uutinen\"},\"source\":{\"query\":{\"name\":\"posts.customPosts\",\"arguments\":{\"terms\":[2,3,4,5],\"category_operator\":\"IN\",\"post_tag_operator\":\"IN\",\"users\":[],\"users_operator\":\"IN\",\"offset\":0,\"limit\":6,\"order\":\"date\",\"order_direction\":\"DESC\"}},\"props\":{\"title\":{\"filters\":{\"search\":\"\"},\"name\":\"title\"},\"content\":{\"filters\":{\"search\":\"\",\"limit\":100},\"arguments\":{\"show_intro_text\":true},\"name\":\"content\"},\"link\":{\"filters\":{\"search\":\"\"},\"name\":\"link\"},\"meta\":{\"filters\":{\"search\":\"\"},\"arguments\":{\"separator\":\", \",\"show_link\":true,\"link_style\":\"\"},\"name\":\"categoryString\"}}}}],\"name\":\"Uutiset, \\u00c4L\\u00c4\\u00a0KOSKLE\"},{\"type\":\"button\",\"props\":{\"button_size\":\"large\",\"grid_column_gap\":\"small\",\"grid_row_gap\":\"small\",\"margin\":\"large\",\"text_align\":\"center\"},\"children\":[{\"type\":\"button_item\",\"props\":{\"button_style\":\"secondary\",\"content\":\"Kaikki uutiset\",\"dialog_layout\":\"modal\",\"dialog_offcanvas_flip\":true,\"icon_align\":\"left\",\"link\":\"http:\\\/\\\/www.pallokarhut.fi\\\/jaakiekko\\\/uutiset\\\/\"}}]}]}]}]}],\"version\":\"4.5.15\"} --><\/p>\n","protected":false},"excerpt":{"rendered":"<p>Pallo-Karhut J\u00e4\u00e4kiekko Kuusamo Edustus&shy;joukkueen seuraava peli Edustus&shy;joukkue Perinteik\u00e4s ja l\u00e4mpimi\u00e4 tunteita her\u00e4tt\u00e4v\u00e4 III-divarin j\u00e4\u00e4kiekkojoukkue. Joukkue facebook instagram Juniorit Junnun pelaajapolku, joukkueet ja seuran muu ryhm\u00e4toiminta. Tule mukaan facebook instagram Uutiset [&hellip;]<\/p>\n","protected":false},"author":1,"featured_media":618,"parent":0,"menu_order":0,"comment_status":"closed","ping_status":"closed","template":"","meta":{"footnotes":""},"class_list":["post-590","page","type-page","status-publish","has-post-thumbnail","hentry"],"yoast_head":"<!-- This site is optimized with the Yoast SEO plugin v27.3 - https:\/\/yoast.com\/product\/yoast-seo-wordpress\/ -->\n<title>Harrastus lapsille, nuorille ja koko perheelle! - Pallokarhut J\u00e4\u00e4kiekko, Kuusamo<\/title>\n<meta name=\"description\" content=\"Kuusamon Pallokarhujen j\u00e4\u00e4kiekkojaosto tarjoaa innostavan harrastuksen koko perheelle. Tutustu seuraan sek\u00e4 toimintaan!\" \/>\n<meta name=\"robots\" content=\"index, follow, max-snippet:-1, max-image-preview:large, max-video-preview:-1\" \/>\n<link rel=\"canonical\" href=\"https:\/\/www.pallokarhut.fi\/jaakiekko\/\" \/>\n<meta property=\"og:locale\" content=\"fi_FI\" \/>\n<meta property=\"og:type\" content=\"article\" \/>\n<meta property=\"og:title\" content=\"Harrastus lapsille, nuorille ja koko perheelle! - Pallokarhut J\u00e4\u00e4kiekko, Kuusamo\" \/>\n<meta property=\"og:description\" content=\"Kuusamon Pallokarhujen j\u00e4\u00e4kiekkojaosto tarjoaa innostavan harrastuksen koko perheelle. Tutustu seuraan sek\u00e4 toimintaan!\" \/>\n<meta property=\"og:url\" content=\"https:\/\/www.pallokarhut.fi\/jaakiekko\/\" \/>\n<meta property=\"og:site_name\" content=\"Pallokarhut J\u00e4\u00e4kiekko, Kuusamo\" \/>\n<meta property=\"article:publisher\" content=\"https:\/\/www.facebook.com\/profile.php?id=100041232415788\" \/>\n<meta property=\"article:modified_time\" content=\"2025-05-08T06:02:24+00:00\" \/>\n<meta property=\"og:image\" content=\"https:\/\/www.pallokarhut.fi\/jaakiekko\/wp-content\/uploads\/2022\/12\/pakakiekkoperhe2-scaled.jpg\" \/>\n\t<meta property=\"og:image:width\" content=\"2560\" \/>\n\t<meta property=\"og:image:height\" content=\"1329\" \/>\n\t<meta property=\"og:image:type\" content=\"image\/jpeg\" \/>\n<meta name=\"twitter:card\" content=\"summary_large_image\" \/>\n<meta name=\"twitter:label1\" content=\"Arvioitu lukuaika\" \/>\n\t<meta name=\"twitter:data1\" content=\"1 minuutti\" \/>\n<script type=\"application\/ld+json\" class=\"yoast-schema-graph\">{\"@context\":\"https:\\\/\\\/schema.org\",\"@graph\":[{\"@type\":\"WebPage\",\"@id\":\"https:\\\/\\\/www.pallokarhut.fi\\\/jaakiekko\\\/\",\"url\":\"https:\\\/\\\/www.pallokarhut.fi\\\/jaakiekko\\\/\",\"name\":\"Harrastus lapsille, nuorille ja koko perheelle! - Pallokarhut J\u00e4\u00e4kiekko, Kuusamo\",\"isPartOf\":{\"@id\":\"https:\\\/\\\/www.pallokarhut.fi\\\/jaakiekko\\\/#website\"},\"primaryImageOfPage\":{\"@id\":\"https:\\\/\\\/www.pallokarhut.fi\\\/jaakiekko\\\/#primaryimage\"},\"image\":{\"@id\":\"https:\\\/\\\/www.pallokarhut.fi\\\/jaakiekko\\\/#primaryimage\"},\"thumbnailUrl\":\"https:\\\/\\\/pallokarhut.fi\\\/jaakiekko\\\/wp-content\\\/uploads\\\/2022\\\/12\\\/pakakiekkoperhe2-scaled.jpg\",\"datePublished\":\"2022-12-22T07:25:36+00:00\",\"dateModified\":\"2025-05-08T06:02:24+00:00\",\"description\":\"Kuusamon Pallokarhujen j\u00e4\u00e4kiekkojaosto tarjoaa innostavan harrastuksen koko perheelle. Tutustu seuraan sek\u00e4 toimintaan!\",\"breadcrumb\":{\"@id\":\"https:\\\/\\\/www.pallokarhut.fi\\\/jaakiekko\\\/#breadcrumb\"},\"inLanguage\":\"fi\",\"potentialAction\":[{\"@type\":\"ReadAction\",\"target\":[\"https:\\\/\\\/www.pallokarhut.fi\\\/jaakiekko\\\/\"]}]},{\"@type\":\"ImageObject\",\"inLanguage\":\"fi\",\"@id\":\"https:\\\/\\\/www.pallokarhut.fi\\\/jaakiekko\\\/#primaryimage\",\"url\":\"https:\\\/\\\/pallokarhut.fi\\\/jaakiekko\\\/wp-content\\\/uploads\\\/2022\\\/12\\\/pakakiekkoperhe2-scaled.jpg\",\"contentUrl\":\"https:\\\/\\\/pallokarhut.fi\\\/jaakiekko\\\/wp-content\\\/uploads\\\/2022\\\/12\\\/pakakiekkoperhe2-scaled.jpg\",\"width\":2560,\"height\":1329},{\"@type\":\"BreadcrumbList\",\"@id\":\"https:\\\/\\\/www.pallokarhut.fi\\\/jaakiekko\\\/#breadcrumb\",\"itemListElement\":[{\"@type\":\"ListItem\",\"position\":1,\"name\":\"Etusivu\",\"item\":\"https:\\\/\\\/www.pallokarhut.fi\\\/jaakiekko\\\/\"},{\"@type\":\"ListItem\",\"position\":2,\"name\":\"Harrastus lapsille, nuorille ja koko perheelle!\"}]},{\"@type\":\"WebSite\",\"@id\":\"https:\\\/\\\/www.pallokarhut.fi\\\/jaakiekko\\\/#website\",\"url\":\"https:\\\/\\\/www.pallokarhut.fi\\\/jaakiekko\\\/\",\"name\":\"Pallokarhut J\u00e4\u00e4kiekko, Kuusamo\",\"description\":\"Uusi harrastus lapsille, nuorille ja koko perheelle! - Pallokarhut J\u00e4\u00e4kiekko, Kuusamo\",\"publisher\":{\"@id\":\"https:\\\/\\\/www.pallokarhut.fi\\\/jaakiekko\\\/#organization\"},\"potentialAction\":[{\"@type\":\"SearchAction\",\"target\":{\"@type\":\"EntryPoint\",\"urlTemplate\":\"https:\\\/\\\/www.pallokarhut.fi\\\/jaakiekko\\\/?s={search_term_string}\"},\"query-input\":{\"@type\":\"PropertyValueSpecification\",\"valueRequired\":true,\"valueName\":\"search_term_string\"}}],\"inLanguage\":\"fi\"},{\"@type\":\"Organization\",\"@id\":\"https:\\\/\\\/www.pallokarhut.fi\\\/jaakiekko\\\/#organization\",\"name\":\"Pallo-Karhut, j\u00e4\u00e4kiekko\",\"url\":\"https:\\\/\\\/www.pallokarhut.fi\\\/jaakiekko\\\/\",\"logo\":{\"@type\":\"ImageObject\",\"inLanguage\":\"fi\",\"@id\":\"https:\\\/\\\/www.pallokarhut.fi\\\/jaakiekko\\\/#\\\/schema\\\/logo\\\/image\\\/\",\"url\":\"https:\\\/\\\/www.pallokarhut.fi\\\/jaakiekko\\\/wp-content\\\/uploads\\\/2023\\\/02\\\/pakalogo.svg\",\"contentUrl\":\"https:\\\/\\\/www.pallokarhut.fi\\\/jaakiekko\\\/wp-content\\\/uploads\\\/2023\\\/02\\\/pakalogo.svg\",\"width\":1,\"height\":1,\"caption\":\"Pallo-Karhut, j\u00e4\u00e4kiekko\"},\"image\":{\"@id\":\"https:\\\/\\\/www.pallokarhut.fi\\\/jaakiekko\\\/#\\\/schema\\\/logo\\\/image\\\/\"},\"sameAs\":[\"https:\\\/\\\/www.facebook.com\\\/profile.php?id=100041232415788\"]}]}<\/script>\n<!-- \/ Yoast SEO plugin. -->","yoast_head_json":{"title":"Harrastus lapsille, nuorille ja koko perheelle! - Pallokarhut J\u00e4\u00e4kiekko, Kuusamo","description":"Kuusamon Pallokarhujen j\u00e4\u00e4kiekkojaosto tarjoaa innostavan harrastuksen koko perheelle. Tutustu seuraan sek\u00e4 toimintaan!","robots":{"index":"index","follow":"follow","max-snippet":"max-snippet:-1","max-image-preview":"max-image-preview:large","max-video-preview":"max-video-preview:-1"},"canonical":"https:\/\/www.pallokarhut.fi\/jaakiekko\/","og_locale":"fi_FI","og_type":"article","og_title":"Harrastus lapsille, nuorille ja koko perheelle! - Pallokarhut J\u00e4\u00e4kiekko, Kuusamo","og_description":"Kuusamon Pallokarhujen j\u00e4\u00e4kiekkojaosto tarjoaa innostavan harrastuksen koko perheelle. Tutustu seuraan sek\u00e4 toimintaan!","og_url":"https:\/\/www.pallokarhut.fi\/jaakiekko\/","og_site_name":"Pallokarhut J\u00e4\u00e4kiekko, Kuusamo","article_publisher":"https:\/\/www.facebook.com\/profile.php?id=100041232415788","article_modified_time":"2025-05-08T06:02:24+00:00","og_image":[{"width":2560,"height":1329,"url":"https:\/\/www.pallokarhut.fi\/jaakiekko\/wp-content\/uploads\/2022\/12\/pakakiekkoperhe2-scaled.jpg","type":"image\/jpeg"}],"twitter_card":"summary_large_image","twitter_misc":{"Arvioitu lukuaika":"1 minuutti"},"schema":{"@context":"https:\/\/schema.org","@graph":[{"@type":"WebPage","@id":"https:\/\/www.pallokarhut.fi\/jaakiekko\/","url":"https:\/\/www.pallokarhut.fi\/jaakiekko\/","name":"Harrastus lapsille, nuorille ja koko perheelle! - Pallokarhut J\u00e4\u00e4kiekko, Kuusamo","isPartOf":{"@id":"https:\/\/www.pallokarhut.fi\/jaakiekko\/#website"},"primaryImageOfPage":{"@id":"https:\/\/www.pallokarhut.fi\/jaakiekko\/#primaryimage"},"image":{"@id":"https:\/\/www.pallokarhut.fi\/jaakiekko\/#primaryimage"},"thumbnailUrl":"https:\/\/pallokarhut.fi\/jaakiekko\/wp-content\/uploads\/2022\/12\/pakakiekkoperhe2-scaled.jpg","datePublished":"2022-12-22T07:25:36+00:00","dateModified":"2025-05-08T06:02:24+00:00","description":"Kuusamon Pallokarhujen j\u00e4\u00e4kiekkojaosto tarjoaa innostavan harrastuksen koko perheelle. Tutustu seuraan sek\u00e4 toimintaan!","breadcrumb":{"@id":"https:\/\/www.pallokarhut.fi\/jaakiekko\/#breadcrumb"},"inLanguage":"fi","potentialAction":[{"@type":"ReadAction","target":["https:\/\/www.pallokarhut.fi\/jaakiekko\/"]}]},{"@type":"ImageObject","inLanguage":"fi","@id":"https:\/\/www.pallokarhut.fi\/jaakiekko\/#primaryimage","url":"https:\/\/pallokarhut.fi\/jaakiekko\/wp-content\/uploads\/2022\/12\/pakakiekkoperhe2-scaled.jpg","contentUrl":"https:\/\/pallokarhut.fi\/jaakiekko\/wp-content\/uploads\/2022\/12\/pakakiekkoperhe2-scaled.jpg","width":2560,"height":1329},{"@type":"BreadcrumbList","@id":"https:\/\/www.pallokarhut.fi\/jaakiekko\/#breadcrumb","itemListElement":[{"@type":"ListItem","position":1,"name":"Etusivu","item":"https:\/\/www.pallokarhut.fi\/jaakiekko\/"},{"@type":"ListItem","position":2,"name":"Harrastus lapsille, nuorille ja koko perheelle!"}]},{"@type":"WebSite","@id":"https:\/\/www.pallokarhut.fi\/jaakiekko\/#website","url":"https:\/\/www.pallokarhut.fi\/jaakiekko\/","name":"Pallokarhut J\u00e4\u00e4kiekko, Kuusamo","description":"Uusi harrastus lapsille, nuorille ja koko perheelle! - Pallokarhut J\u00e4\u00e4kiekko, Kuusamo","publisher":{"@id":"https:\/\/www.pallokarhut.fi\/jaakiekko\/#organization"},"potentialAction":[{"@type":"SearchAction","target":{"@type":"EntryPoint","urlTemplate":"https:\/\/www.pallokarhut.fi\/jaakiekko\/?s={search_term_string}"},"query-input":{"@type":"PropertyValueSpecification","valueRequired":true,"valueName":"search_term_string"}}],"inLanguage":"fi"},{"@type":"Organization","@id":"https:\/\/www.pallokarhut.fi\/jaakiekko\/#organization","name":"Pallo-Karhut, j\u00e4\u00e4kiekko","url":"https:\/\/www.pallokarhut.fi\/jaakiekko\/","logo":{"@type":"ImageObject","inLanguage":"fi","@id":"https:\/\/www.pallokarhut.fi\/jaakiekko\/#\/schema\/logo\/image\/","url":"https:\/\/www.pallokarhut.fi\/jaakiekko\/wp-content\/uploads\/2023\/02\/pakalogo.svg","contentUrl":"https:\/\/www.pallokarhut.fi\/jaakiekko\/wp-content\/uploads\/2023\/02\/pakalogo.svg","width":1,"height":1,"caption":"Pallo-Karhut, j\u00e4\u00e4kiekko"},"image":{"@id":"https:\/\/www.pallokarhut.fi\/jaakiekko\/#\/schema\/logo\/image\/"},"sameAs":["https:\/\/www.facebook.com\/profile.php?id=100041232415788"]}]}},"_links":{"self":[{"href":"https:\/\/pallokarhut.fi\/jaakiekko\/wp-json\/wp\/v2\/pages\/590","targetHints":{"allow":["GET"]}}],"collection":[{"href":"https:\/\/pallokarhut.fi\/jaakiekko\/wp-json\/wp\/v2\/pages"}],"about":[{"href":"https:\/\/pallokarhut.fi\/jaakiekko\/wp-json\/wp\/v2\/types\/page"}],"author":[{"embeddable":true,"href":"https:\/\/pallokarhut.fi\/jaakiekko\/wp-json\/wp\/v2\/users\/1"}],"replies":[{"embeddable":true,"href":"https:\/\/pallokarhut.fi\/jaakiekko\/wp-json\/wp\/v2\/comments?post=590"}],"version-history":[{"count":0,"href":"https:\/\/pallokarhut.fi\/jaakiekko\/wp-json\/wp\/v2\/pages\/590\/revisions"}],"wp:featuredmedia":[{"embeddable":true,"href":"https:\/\/pallokarhut.fi\/jaakiekko\/wp-json\/wp\/v2\/media\/618"}],"wp:attachment":[{"href":"https:\/\/pallokarhut.fi\/jaakiekko\/wp-json\/wp\/v2\/media?parent=590"}],"curies":[{"name":"wp","href":"https:\/\/api.w.org\/{rel}","templated":true}]}}