{"id":3720,"date":"2026-01-19T22:06:35","date_gmt":"2026-01-19T20:06:35","guid":{"rendered":"https:\/\/www.pallokarhut.fi\/jaakiekko\/?page_id=3720"},"modified":"2026-01-28T09:32:36","modified_gmt":"2026-01-28T07:32:36","slug":"ylakoulutoiminta","status":"publish","type":"page","link":"https:\/\/pallokarhut.fi\/jaakiekko\/ylakoulutoiminta\/","title":{"rendered":"Yl\u00e4koulutoiminta"},"content":{"rendered":"<h1>\n<p><strong>Yl\u00e4koulu<\/strong><\/p>\n<\/h1>\n<p><img decoding=\"async\" src=\"\/jaakiekko\/wp-content\/uploads\/2023\/01\/etoleyksin_logo.svg\" alt=\"etoleyksin\"><br \/>\n<img decoding=\"async\" src=\"\/jaakiekko\/wp-content\/uploads\/2026\/01\/IMG_6195-scaled.jpg\" alt=\"u15 2022 2023\"><br \/>\n<a href=\"https:\/\/vrua.fi\/ruka\/jaakiekko\/\"><img decoding=\"async\" src=\"\/jaakiekko\/wp-content\/uploads\/2026\/01\/vuokatti-ruka-urheiluakatemia-logo-1-69x70-1.png\" alt=\"\"><\/a><\/p>\n<div>\n<p><strong>Yl\u00e4koulutoimintaa<\/strong> j\u00e4rjestet\u00e4\u00e4n avoimilla j\u00e4\u00e4kiekon yl\u00e4koululeirityksill\u00e4 sek\u00e4 toteuttamalla yhteisty\u00f6t\u00e4 <a href=\"https:\/\/www.kuusamo.fi\/kasvatus-ja-koulutus\/perusopetus\/nilon-koulu\/\">Nilon<\/a> ja <a href=\"https:\/\/www.kuusamo.fi\/kasvatus-ja-koulutus\/perusopetus\/rukan-koulu\/\">Rukan<\/a> urheiluyl\u00e4koulujen kanssa. Urheiluyl\u00e4koulut mahdollistavat urheilun ja opiskelun yhdist\u00e4misen sek\u00e4 vahvistavat urheilevan oppilaan edellytyksi\u00e4 siirtya\u0308 toisen asteen urheiluoppilaitokseen ja aloittaa vaativampi harjoittelu. Oppilasvalinnat Rukan koulun urheiluryhm\u00e4\u00e4n ja Nilon koulun urheiluluokalle tehd\u00e4\u00e4n Olympiakomitean suositteleman soveltuvuuskokeen tulosten perusteella.<\/p>\n<p><strong>Yl\u00e4koululeiritys<br \/><\/strong>Yl\u00e4koululeiritys on suunnattu 7.\u20139.-luokkalaisille j\u00e4\u00e4kiekkoilijoille, jotka haluavat kehitt\u00e4\u00e4 lajitaitojaan ja oppia urheilijan arjen hallintaa. Leirityksess\u00e4 yhdistyv\u00e4t henkil\u00f6kohtainen ja joukkueharjoittelu, asiantuntijaluennot sek\u00e4 oheisharjoittelu. Leirill\u00e4 pohditaan arjen valintojen, kuten unen, ravinnon ja levon, merkityst\u00e4 urheilijaksi kasvamisessa. Leirej\u00e4 j\u00e4rjestet\u00e4\u00e4n nelj\u00e4 kertaa vuodessa. <strong>Yl\u00e4koululeiritys on kaikille avointa.<\/strong><\/p>\n<p><strong>Tulevat leirit<br \/><\/strong>Leiri III: 23.2.\u201327.2.2026.<\/p>\n<p><strong>Leirin ohjelma<br \/><\/strong>1 iltap\u00e4iv\u00e4- ja 4 aamuj\u00e4\u00e4harjoitusta<br \/>3 fysiikkaharjoitusta\/pallopelej\u00e4<br \/>Asiantuntijaluentoja Olympiakomitean &#8221;Kasva urheilijaksi&#8221; -teemalla<br \/>Ohjattua opiskelua ja aikaa kouluteht\u00e4ville<\/p>\n<p><strong>Hinta:<br \/><\/strong>Leirin hinta 150 \u20ac\/pelaaja.<br \/>Sis\u00e4lt\u00e4\u00e4: harjoitukset, valmennuksen ja asiantuntijasis\u00e4ll\u00f6t, lounaat Kuusamo Kampuksen ravintola Salviassa sek\u00e4 v\u00e4lipalat<\/p>\n<p><strong>Majoitus:<br \/><\/strong>Majoitus omatoimisesti (esim. <a href=\"https:\/\/www.kuusamo-opisto.fi\/fi\/majoituspalvelut\/\">Kuusamo-opisto<\/a>, <a href=\"https:\/\/hostelaurora.fi\/fi_FI\">Hostel Aurora<\/a>, <a href=\"https:\/\/www.holidayclubresorts.com\/fi\/kylpylahotellit-resortit\/kuusamon-tropiikki\/\">Kuusamon Tropiikki<\/a>)<\/p>\n<p><strong>Ilmoittautumisohjeet:<br \/><\/strong>Ilmoittautuminen leirille tapahtuu <strong>30.1.2026<\/strong> menness\u00e4 t\u00e4ll\u00e4 <a href=\"https:\/\/docs.google.com\/forms\/d\/e\/1FAIpQLScNiOGX-OdhKJtiwe4X2wDXjW0y5xUCVNY3ici-oJQ2QllTGA\/viewform\">lomakkeella.<\/a><\/p>\n<p><strong>Lis\u00e4tiedot<br \/><\/strong>Katso lis\u00e4tietoa leirist\u00e4 <a href=\"https:\/\/www.pallokarhut.fi\/jaakiekko\/wp-content\/uploads\/2026\/01\/Jaakiekko-ylakoululeiritys-III.pdf\">t\u00e4st\u00e4<\/a><\/p>\n<p><strong>Valmentaja:<\/strong><br \/>Perttu Karjalainen<br \/>karjalainen.perttu@edukmo.fi<\/p>\n<\/div>\n<p><!--more--><br \/>\n<!-- {\"type\":\"layout\",\"children\":[{\"type\":\"section\",\"props\":{\"animation\":\"slide-left\",\"image_position\":\"center-center\",\"padding\":\"none\",\"style\":\"default\",\"title_breakpoint\":\"xl\",\"title_position\":\"top-left\",\"title_rotation\":\"left\",\"vertical_align\":\"\",\"width\":\"\"},\"children\":[{\"type\":\"row\",\"props\":{\"column_gap\":\"collapse\",\"layout\":\"1-3,2-3\",\"row_gap\":\"collapse\"},\"children\":[{\"type\":\"column\",\"props\":{\"image_position\":\"center-center\",\"position_sticky_breakpoint\":\"m\",\"style\":\"tile-primary\",\"vertical_align\":\"middle\",\"width_medium\":\"1-3\"},\"children\":[{\"type\":\"headline\",\"props\":{\"content\":\"\n\n<p><strong>Yl\\u00e4koulu<\\\/strong><\\\/p>\",\"text_align\":\"center\",\"title_element\":\"h1\",\"title_style\":\"heading-small\"}},{\"type\":\"image\",\"props\":{\"image\":\"wp-content\\\/uploads\\\/2023\\\/01\\\/etoleyksin_logo.svg\",\"image_alt\":\"etoleyksin\",\"image_svg_color\":\"emphasis\",\"image_width\":\"180\",\"margin\":\"default\",\"text_align\":\"center\"},\"name\":\"et ole yksin\"}]},{\"type\":\"column\",\"props\":{\"image_position\":\"center-center\",\"position_sticky_breakpoint\":\"m\",\"width_medium\":\"2-3\"},\"children\":[{\"type\":\"image\",\"props\":{\"image\":\"wp-content\\\/uploads\\\/2026\\\/01\\\/IMG_6195-scaled.jpg\",\"image_alt\":\"u15 2022 2023\",\"image_height\":\"750\",\"image_svg_color\":\"emphasis\",\"image_width\":\"1600\",\"margin\":\"default\",\"text_align\":\"center\"}}]}]}]},{\"type\":\"section\",\"props\":{\"image_position\":\"center-center\",\"style\":\"default\",\"title_breakpoint\":\"xl\",\"title_position\":\"top-left\",\"title_rotation\":\"left\",\"vertical_align\":\"\",\"width\":\"small\"},\"children\":[{\"type\":\"row\",\"children\":[{\"type\":\"column\",\"props\":{\"image_position\":\"center-center\",\"position_sticky_breakpoint\":\"m\"},\"children\":[{\"type\":\"image\",\"props\":{\"image\":\"wp-content\\\/uploads\\\/2026\\\/01\\\/vuokatti-ruka-urheiluakatemia-logo-1-69x70-1.png\",\"image_svg_color\":\"emphasis\",\"link\":\"https:\\\/\\\/vrua.fi\\\/ruka\\\/jaakiekko\\\/\",\"margin\":\"default\",\"text_align\":\"center\"}},{\"type\":\"text\",\"props\":{\"column_breakpoint\":\"m\",\"content\":\"\n\n<p><strong>Yl\\u00e4koulutoimintaa<\\\/strong> j\\u00e4rjestet\\u00e4\\u00e4n avoimilla j\\u00e4\\u00e4kiekon yl\\u00e4koululeirityksill\\u00e4 sek\\u00e4 toteuttamalla yhteisty\\u00f6t\\u00e4 <a href=\\\"https:\\\/\\\/www.kuusamo.fi\\\/kasvatus-ja-koulutus\\\/perusopetus\\\/nilon-koulu\\\/\\\">Nilon<\\\/a> ja <a href=\\\"https:\\\/\\\/www.kuusamo.fi\\\/kasvatus-ja-koulutus\\\/perusopetus\\\/rukan-koulu\\\/\\\">Rukan<\\\/a> urheiluyl\\u00e4koulujen kanssa. Urheiluyl\\u00e4koulut mahdollistavat urheilun ja opiskelun yhdist\\u00e4misen sek\\u00e4 vahvistavat urheilevan oppilaan edellytyksi\\u00e4 siirtya\\u0308 toisen asteen urheiluoppilaitokseen ja aloittaa vaativampi harjoittelu. Oppilasvalinnat Rukan koulun urheiluryhm\\u00e4\\u00e4n ja Nilon koulun urheiluluokalle tehd\\u00e4\\u00e4n Olympiakomitean suositteleman soveltuvuuskokeen tulosten perusteella.<\\\/p>\\n\n\n<p><strong>Yl\\u00e4koululeiritys<br \\\/><\\\/strong>Yl\\u00e4koululeiritys on suunnattu 7.\\u20139.-luokkalaisille j\\u00e4\\u00e4kiekkoilijoille, jotka haluavat kehitt\\u00e4\\u00e4 lajitaitojaan ja oppia urheilijan arjen hallintaa. Leirityksess\\u00e4 yhdistyv\\u00e4t henkil\\u00f6kohtainen ja joukkueharjoittelu, asiantuntijaluennot sek\\u00e4 oheisharjoittelu. Leirill\\u00e4 pohditaan arjen valintojen, kuten unen, ravinnon ja levon, merkityst\\u00e4 urheilijaksi kasvamisessa. Leirej\\u00e4 j\\u00e4rjestet\\u00e4\\u00e4n nelj\\u00e4 kertaa vuodessa. <strong>Yl\\u00e4koululeiritys on kaikille avointa.<\\\/strong><\\\/p>\\n\n\n<p><strong>Tulevat leirit<br \\\/><\\\/strong>Leiri III: 23.2.\\u201327.2.2026.<\\\/p>\\n\n\n<p><strong>Leirin ohjelma<br \\\/><\\\/strong>1 iltap\\u00e4iv\\u00e4- ja 4 aamuj\\u00e4\\u00e4harjoitusta<br \\\/>3 fysiikkaharjoitusta\\\/pallopelej\\u00e4<br \\\/>Asiantuntijaluentoja Olympiakomitean \\\"Kasva urheilijaksi\\\" -teemalla<br \\\/>Ohjattua opiskelua ja aikaa kouluteht\\u00e4ville<\\\/p>\\n\n\n<p><strong>Hinta:<br \\\/><\\\/strong>Leirin hinta 150 \\u20ac\\\/pelaaja.<br \\\/>Sis\\u00e4lt\\u00e4\\u00e4: harjoitukset, valmennuksen ja asiantuntijasis\\u00e4ll\\u00f6t, lounaat Kuusamo Kampuksen ravintola Salviassa sek\\u00e4 v\\u00e4lipalat<br \\\/><br \\\/><strong>Majoitus:<br \\\/><\\\/strong>Majoitus omatoimisesti (esim. <a href=\\\"https:\\\/\\\/www.kuusamo-opisto.fi\\\/fi\\\/majoituspalvelut\\\/\\\">Kuusamo-opisto<\\\/a>, <a href=\\\"https:\\\/\\\/hostelaurora.fi\\\/fi_FI\\\">Hostel Aurora<\\\/a>, <a href=\\\"https:\\\/\\\/www.holidayclubresorts.com\\\/fi\\\/kylpylahotellit-resortit\\\/kuusamon-tropiikki\\\/\\\">Kuusamon Tropiikki<\\\/a>)<br \\\/><br \\\/><strong>Ilmoittautumisohjeet:<br \\\/><\\\/strong>Ilmoittautuminen leirille tapahtuu <strong>30.1.2026<\\\/strong> menness\\u00e4 t\\u00e4ll\\u00e4 <a href=\\\"https:\\\/\\\/docs.google.com\\\/forms\\\/d\\\/e\\\/1FAIpQLScNiOGX-OdhKJtiwe4X2wDXjW0y5xUCVNY3ici-oJQ2QllTGA\\\/viewform\\\">lomakkeella.<\\\/a><\\\/p>\\n\n\n<p><strong>Lis\\u00e4tiedot<br \\\/><\\\/strong>Katso lis\\u00e4tietoa leirist\\u00e4 <a href=\\\"https:\\\/\\\/www.pallokarhut.fi\\\/jaakiekko\\\/wp-content\\\/uploads\\\/2026\\\/01\\\/Jaakiekko-ylakoululeiritys-III.pdf\\\">t\\u00e4st\\u00e4<\\\/a><br \\\/><br \\\/><strong>Valmentaja:<\\\/strong><br \\\/>Perttu Karjalainen<br \\\/>karjalainen.perttu@edukmo.fi<\\\/p>\",\"margin\":\"default\"}}]}]}]}],\"version\":\"4.5.32\"} --><\/p>\n","protected":false},"excerpt":{"rendered":"<p>Yl\u00e4koulu Yl\u00e4koulutoimintaa j\u00e4rjestet\u00e4\u00e4n avoimilla j\u00e4\u00e4kiekon yl\u00e4koululeirityksill\u00e4 sek\u00e4 toteuttamalla yhteisty\u00f6t\u00e4 Nilon ja Rukan urheiluyl\u00e4koulujen kanssa. Urheiluyl\u00e4koulut mahdollistavat urheilun ja opiskelun yhdist\u00e4misen sek\u00e4 vahvistavat urheilevan oppilaan edellytyksi\u00e4 siirtya\u0308 toisen asteen urheiluoppilaitokseen ja [&hellip;]<\/p>\n","protected":false},"author":8,"featured_media":0,"parent":0,"menu_order":0,"comment_status":"closed","ping_status":"closed","template":"","meta":{"footnotes":""},"class_list":["post-3720","page","type-page","status-publish","hentry"],"yoast_head":"<!-- This site is optimized with the Yoast SEO plugin v27.3 - https:\/\/yoast.com\/product\/yoast-seo-wordpress\/ -->\n<title>Yl\u00e4koulutoiminta - Pallokarhut J\u00e4\u00e4kiekko, Kuusamo<\/title>\n<meta name=\"description\" content=\"Yl\u00e4koulutoimintaa j\u00e4rjestet\u00e4\u00e4n avoimilla j\u00e4\u00e4kiekon yl\u00e4koululeirityksill\u00e4 sek\u00e4 yhteisty\u00f6ll\u00e4 Nilon ja Rukan urheiluyl\u00e4koulujen kanssa.\" \/>\n<meta name=\"robots\" content=\"index, follow, max-snippet:-1, max-image-preview:large, max-video-preview:-1\" \/>\n<link rel=\"canonical\" href=\"https:\/\/www.pallokarhut.fi\/jaakiekko\/ylakoulutoiminta\/\" \/>\n<meta property=\"og:locale\" content=\"fi_FI\" \/>\n<meta property=\"og:type\" content=\"article\" \/>\n<meta property=\"og:title\" content=\"Yl\u00e4koulutoiminta - Pallokarhut J\u00e4\u00e4kiekko, Kuusamo\" \/>\n<meta property=\"og:description\" content=\"Yl\u00e4koulutoimintaa j\u00e4rjestet\u00e4\u00e4n avoimilla j\u00e4\u00e4kiekon yl\u00e4koululeirityksill\u00e4 sek\u00e4 yhteisty\u00f6ll\u00e4 Nilon ja Rukan urheiluyl\u00e4koulujen kanssa.\" \/>\n<meta property=\"og:url\" content=\"https:\/\/www.pallokarhut.fi\/jaakiekko\/ylakoulutoiminta\/\" \/>\n<meta property=\"og:site_name\" content=\"Pallokarhut J\u00e4\u00e4kiekko, Kuusamo\" \/>\n<meta property=\"article:publisher\" content=\"https:\/\/www.facebook.com\/profile.php?id=100041232415788\" \/>\n<meta property=\"article:modified_time\" content=\"2026-01-28T07:32:36+00:00\" \/>\n<meta property=\"og:image\" content=\"https:\/\/pallokarhut.fi\/jaakiekko\/wp-content\/uploads\/2023\/02\/pallokarhut-logo-iso-sin-tausta.jpg\" \/>\n\t<meta property=\"og:image:width\" content=\"1200\" \/>\n\t<meta property=\"og:image:height\" content=\"675\" \/>\n\t<meta property=\"og:image:type\" content=\"image\/jpeg\" \/>\n<meta name=\"twitter:card\" content=\"summary_large_image\" \/>\n<meta name=\"twitter:label1\" content=\"Arvioitu lukuaika\" \/>\n\t<meta name=\"twitter:data1\" content=\"2 minuuttia\" \/>\n<script type=\"application\/ld+json\" class=\"yoast-schema-graph\">{\"@context\":\"https:\\\/\\\/schema.org\",\"@graph\":[{\"@type\":\"WebPage\",\"@id\":\"https:\\\/\\\/www.pallokarhut.fi\\\/jaakiekko\\\/ylakoulutoiminta\\\/\",\"url\":\"https:\\\/\\\/www.pallokarhut.fi\\\/jaakiekko\\\/ylakoulutoiminta\\\/\",\"name\":\"Yl\u00e4koulutoiminta - Pallokarhut J\u00e4\u00e4kiekko, Kuusamo\",\"isPartOf\":{\"@id\":\"https:\\\/\\\/www.pallokarhut.fi\\\/jaakiekko\\\/#website\"},\"datePublished\":\"2026-01-19T20:06:35+00:00\",\"dateModified\":\"2026-01-28T07:32:36+00:00\",\"description\":\"Yl\u00e4koulutoimintaa j\u00e4rjestet\u00e4\u00e4n avoimilla j\u00e4\u00e4kiekon yl\u00e4koululeirityksill\u00e4 sek\u00e4 yhteisty\u00f6ll\u00e4 Nilon ja Rukan urheiluyl\u00e4koulujen kanssa.\",\"breadcrumb\":{\"@id\":\"https:\\\/\\\/www.pallokarhut.fi\\\/jaakiekko\\\/ylakoulutoiminta\\\/#breadcrumb\"},\"inLanguage\":\"fi\",\"potentialAction\":[{\"@type\":\"ReadAction\",\"target\":[\"https:\\\/\\\/www.pallokarhut.fi\\\/jaakiekko\\\/ylakoulutoiminta\\\/\"]}]},{\"@type\":\"BreadcrumbList\",\"@id\":\"https:\\\/\\\/www.pallokarhut.fi\\\/jaakiekko\\\/ylakoulutoiminta\\\/#breadcrumb\",\"itemListElement\":[{\"@type\":\"ListItem\",\"position\":1,\"name\":\"Etusivu\",\"item\":\"https:\\\/\\\/www.pallokarhut.fi\\\/jaakiekko\\\/\"},{\"@type\":\"ListItem\",\"position\":2,\"name\":\"Yl\u00e4koulutoiminta\"}]},{\"@type\":\"WebSite\",\"@id\":\"https:\\\/\\\/www.pallokarhut.fi\\\/jaakiekko\\\/#website\",\"url\":\"https:\\\/\\\/www.pallokarhut.fi\\\/jaakiekko\\\/\",\"name\":\"Pallokarhut J\u00e4\u00e4kiekko, Kuusamo\",\"description\":\"Uusi harrastus lapsille, nuorille ja koko perheelle! - Pallokarhut J\u00e4\u00e4kiekko, Kuusamo\",\"publisher\":{\"@id\":\"https:\\\/\\\/www.pallokarhut.fi\\\/jaakiekko\\\/#organization\"},\"potentialAction\":[{\"@type\":\"SearchAction\",\"target\":{\"@type\":\"EntryPoint\",\"urlTemplate\":\"https:\\\/\\\/www.pallokarhut.fi\\\/jaakiekko\\\/?s={search_term_string}\"},\"query-input\":{\"@type\":\"PropertyValueSpecification\",\"valueRequired\":true,\"valueName\":\"search_term_string\"}}],\"inLanguage\":\"fi\"},{\"@type\":\"Organization\",\"@id\":\"https:\\\/\\\/www.pallokarhut.fi\\\/jaakiekko\\\/#organization\",\"name\":\"Pallo-Karhut, j\u00e4\u00e4kiekko\",\"url\":\"https:\\\/\\\/www.pallokarhut.fi\\\/jaakiekko\\\/\",\"logo\":{\"@type\":\"ImageObject\",\"inLanguage\":\"fi\",\"@id\":\"https:\\\/\\\/www.pallokarhut.fi\\\/jaakiekko\\\/#\\\/schema\\\/logo\\\/image\\\/\",\"url\":\"https:\\\/\\\/www.pallokarhut.fi\\\/jaakiekko\\\/wp-content\\\/uploads\\\/2023\\\/02\\\/pakalogo.svg\",\"contentUrl\":\"https:\\\/\\\/www.pallokarhut.fi\\\/jaakiekko\\\/wp-content\\\/uploads\\\/2023\\\/02\\\/pakalogo.svg\",\"width\":1,\"height\":1,\"caption\":\"Pallo-Karhut, j\u00e4\u00e4kiekko\"},\"image\":{\"@id\":\"https:\\\/\\\/www.pallokarhut.fi\\\/jaakiekko\\\/#\\\/schema\\\/logo\\\/image\\\/\"},\"sameAs\":[\"https:\\\/\\\/www.facebook.com\\\/profile.php?id=100041232415788\"]}]}<\/script>\n<!-- \/ Yoast SEO plugin. -->","yoast_head_json":{"title":"Yl\u00e4koulutoiminta - Pallokarhut J\u00e4\u00e4kiekko, Kuusamo","description":"Yl\u00e4koulutoimintaa j\u00e4rjestet\u00e4\u00e4n avoimilla j\u00e4\u00e4kiekon yl\u00e4koululeirityksill\u00e4 sek\u00e4 yhteisty\u00f6ll\u00e4 Nilon ja Rukan urheiluyl\u00e4koulujen kanssa.","robots":{"index":"index","follow":"follow","max-snippet":"max-snippet:-1","max-image-preview":"max-image-preview:large","max-video-preview":"max-video-preview:-1"},"canonical":"https:\/\/www.pallokarhut.fi\/jaakiekko\/ylakoulutoiminta\/","og_locale":"fi_FI","og_type":"article","og_title":"Yl\u00e4koulutoiminta - Pallokarhut J\u00e4\u00e4kiekko, Kuusamo","og_description":"Yl\u00e4koulutoimintaa j\u00e4rjestet\u00e4\u00e4n avoimilla j\u00e4\u00e4kiekon yl\u00e4koululeirityksill\u00e4 sek\u00e4 yhteisty\u00f6ll\u00e4 Nilon ja Rukan urheiluyl\u00e4koulujen kanssa.","og_url":"https:\/\/www.pallokarhut.fi\/jaakiekko\/ylakoulutoiminta\/","og_site_name":"Pallokarhut J\u00e4\u00e4kiekko, Kuusamo","article_publisher":"https:\/\/www.facebook.com\/profile.php?id=100041232415788","article_modified_time":"2026-01-28T07:32:36+00:00","og_image":[{"width":1200,"height":675,"url":"https:\/\/pallokarhut.fi\/jaakiekko\/wp-content\/uploads\/2023\/02\/pallokarhut-logo-iso-sin-tausta.jpg","type":"image\/jpeg"}],"twitter_card":"summary_large_image","twitter_misc":{"Arvioitu lukuaika":"2 minuuttia"},"schema":{"@context":"https:\/\/schema.org","@graph":[{"@type":"WebPage","@id":"https:\/\/www.pallokarhut.fi\/jaakiekko\/ylakoulutoiminta\/","url":"https:\/\/www.pallokarhut.fi\/jaakiekko\/ylakoulutoiminta\/","name":"Yl\u00e4koulutoiminta - Pallokarhut J\u00e4\u00e4kiekko, Kuusamo","isPartOf":{"@id":"https:\/\/www.pallokarhut.fi\/jaakiekko\/#website"},"datePublished":"2026-01-19T20:06:35+00:00","dateModified":"2026-01-28T07:32:36+00:00","description":"Yl\u00e4koulutoimintaa j\u00e4rjestet\u00e4\u00e4n avoimilla j\u00e4\u00e4kiekon yl\u00e4koululeirityksill\u00e4 sek\u00e4 yhteisty\u00f6ll\u00e4 Nilon ja Rukan urheiluyl\u00e4koulujen kanssa.","breadcrumb":{"@id":"https:\/\/www.pallokarhut.fi\/jaakiekko\/ylakoulutoiminta\/#breadcrumb"},"inLanguage":"fi","potentialAction":[{"@type":"ReadAction","target":["https:\/\/www.pallokarhut.fi\/jaakiekko\/ylakoulutoiminta\/"]}]},{"@type":"BreadcrumbList","@id":"https:\/\/www.pallokarhut.fi\/jaakiekko\/ylakoulutoiminta\/#breadcrumb","itemListElement":[{"@type":"ListItem","position":1,"name":"Etusivu","item":"https:\/\/www.pallokarhut.fi\/jaakiekko\/"},{"@type":"ListItem","position":2,"name":"Yl\u00e4koulutoiminta"}]},{"@type":"WebSite","@id":"https:\/\/www.pallokarhut.fi\/jaakiekko\/#website","url":"https:\/\/www.pallokarhut.fi\/jaakiekko\/","name":"Pallokarhut J\u00e4\u00e4kiekko, Kuusamo","description":"Uusi harrastus lapsille, nuorille ja koko perheelle! - Pallokarhut J\u00e4\u00e4kiekko, Kuusamo","publisher":{"@id":"https:\/\/www.pallokarhut.fi\/jaakiekko\/#organization"},"potentialAction":[{"@type":"SearchAction","target":{"@type":"EntryPoint","urlTemplate":"https:\/\/www.pallokarhut.fi\/jaakiekko\/?s={search_term_string}"},"query-input":{"@type":"PropertyValueSpecification","valueRequired":true,"valueName":"search_term_string"}}],"inLanguage":"fi"},{"@type":"Organization","@id":"https:\/\/www.pallokarhut.fi\/jaakiekko\/#organization","name":"Pallo-Karhut, j\u00e4\u00e4kiekko","url":"https:\/\/www.pallokarhut.fi\/jaakiekko\/","logo":{"@type":"ImageObject","inLanguage":"fi","@id":"https:\/\/www.pallokarhut.fi\/jaakiekko\/#\/schema\/logo\/image\/","url":"https:\/\/www.pallokarhut.fi\/jaakiekko\/wp-content\/uploads\/2023\/02\/pakalogo.svg","contentUrl":"https:\/\/www.pallokarhut.fi\/jaakiekko\/wp-content\/uploads\/2023\/02\/pakalogo.svg","width":1,"height":1,"caption":"Pallo-Karhut, j\u00e4\u00e4kiekko"},"image":{"@id":"https:\/\/www.pallokarhut.fi\/jaakiekko\/#\/schema\/logo\/image\/"},"sameAs":["https:\/\/www.facebook.com\/profile.php?id=100041232415788"]}]}},"_links":{"self":[{"href":"https:\/\/pallokarhut.fi\/jaakiekko\/wp-json\/wp\/v2\/pages\/3720","targetHints":{"allow":["GET"]}}],"collection":[{"href":"https:\/\/pallokarhut.fi\/jaakiekko\/wp-json\/wp\/v2\/pages"}],"about":[{"href":"https:\/\/pallokarhut.fi\/jaakiekko\/wp-json\/wp\/v2\/types\/page"}],"author":[{"embeddable":true,"href":"https:\/\/pallokarhut.fi\/jaakiekko\/wp-json\/wp\/v2\/users\/8"}],"replies":[{"embeddable":true,"href":"https:\/\/pallokarhut.fi\/jaakiekko\/wp-json\/wp\/v2\/comments?post=3720"}],"version-history":[{"count":0,"href":"https:\/\/pallokarhut.fi\/jaakiekko\/wp-json\/wp\/v2\/pages\/3720\/revisions"}],"wp:attachment":[{"href":"https:\/\/pallokarhut.fi\/jaakiekko\/wp-json\/wp\/v2\/media?parent=3720"}],"curies":[{"name":"wp","href":"https:\/\/api.w.org\/{rel}","templated":true}]}}