{"id":3716,"date":"2026-01-19T22:06:15","date_gmt":"2026-01-19T20:06:15","guid":{"rendered":"https:\/\/www.pallokarhut.fi\/jaakiekko\/?page_id=3716"},"modified":"2026-03-02T15:57:45","modified_gmt":"2026-03-02T13:57:45","slug":"2-aste","status":"publish","type":"page","link":"https:\/\/pallokarhut.fi\/jaakiekko\/2-aste\/","title":{"rendered":"2. aste"},"content":{"rendered":"<h1>Akatemia 2. aste<\/h1>\n<p><img decoding=\"async\" src=\"\/jaakiekko\/wp-content\/uploads\/2023\/01\/etoleyksin_logo.svg\" alt=\"etoleyksin\"><br \/>\n<img decoding=\"async\" src=\"\/jaakiekko\/wp-content\/uploads\/2026\/01\/Marko_Hakli-13.jpg\" alt=\"u15 2022 2023\"><br \/>\n<a href=\"https:\/\/vrua.fi\/ruka\/jaakiekko\/\"><img decoding=\"async\" src=\"\/jaakiekko\/wp-content\/uploads\/2026\/01\/vuokatti-ruka-urheiluakatemia-logo-1-69x70-1.png\" alt=\"\"><\/a><\/p>\n<div>\n<p><strong>2. asteen<\/strong> toiminta tarkoittaa mahdollisuutta yhdist\u00e4\u00e4 lukio- tai ammatilliset opinnot sek\u00e4 tavoitteellinen j\u00e4\u00e4kiekkoharjoittelu. Toiminta tarjoaa urheilijoille valmennusta, harjoitusolosuhteita ja asiantuntijapalveluita, jotka tukevat sek\u00e4 urheilullista ett\u00e4 akateemista kehittymist\u00e4.<\/p>\n<p>Harjoittelu tapahtuu akatemian harjoituksissa sek\u00e4 Kuusamon Pallo-Karhujen joukkueharjoituksissa. J\u00e4\u00e4harjoituksia on 6-8 kertaa viikossa, joista aamuharjoituksia 2-3 kertaa. Lis\u00e4ksi ohjeisharjoituksia toteutetaan itsen\u00e4isesti ja ohjatusti. Toiminta on tarkoitettu sek\u00e4 tytt\u00f6- ett\u00e4 poikapelaajille.<\/p>\n<p><em>Huom! Kuusamon Pallo-Karhut J\u00e4\u00e4kiekko ry ja Kajaanin Junnu Hokki ry suunnittelevat yhteisty\u00f6ss\u00e4 naisten Suomi-sarjajoukkuetta kaudelle 2026\u20132027. Oletko kiinnostunut yhdist\u00e4m\u00e4\u00e4n akatemiassa opiskelun ja naisten Suomi-sarjassa pelaamisen? <strong>Katso <a href=\"https:\/\/www.pallokarhut.fi\/jaakiekko\/kuusamoon-suunnitteilla-naisten-jaakiekon-suomi-sarjajoukkue-yhteistyossa-kajaanin-junnu-hokki-ryn-kanssa\/\">lis\u00e4tietoja.<\/a><\/p>\n<p><\/strong><\/em><strong>Olosuhteet<br \/><\/strong>Harjoitukset j\u00e4rjestet\u00e4\u00e4n Kuusamon j\u00e4\u00e4hallilla (EVO-areena), liikuntakeskuksessa sek\u00e4 Kuusamo Kampuksen monipuolisissa tiloissa. Akatemiaurheilijat saavat kausikortin, joka oikeuttaa j\u00e4\u00e4hallin maksullisten vuorojen, uimahallin, liikuntakeskuksen kuntosalien sek\u00e4 kampuksen pelk\u00e4st\u00e4\u00e4n akatemiaurheilijoille varatun salin vapaaseen k\u00e4ytt\u00f6\u00f6n. Laadukkaiden harjoitustilojen lis\u00e4ksi k\u00e4yt\u00f6ss\u00e4 on ravintola Salvia, nykyaikaiset opiskelutilat sek\u00e4 asuntola.<\/p>\n<p><strong>Toisen asteen haku 2026<br \/><\/strong>Kev\u00e4\u00e4n 2026 perusopetuksen j\u00e4lkeisen koulutuksen yhteishaku alkaa <strong>17.2.2026 klo 8.00 ja p\u00e4\u00e4ttyy 17.3.2026 klo 15.00.<\/strong> Opinnot alkavat syksyll\u00e4 2026. Kev\u00e4\u00e4n yhteishaussa voit hakea mukaan Vuokatti-Ruka urheiluakatemian toimintaan ja varmistaa paikkasi tavoitteellisessa urheilijayhteis\u00f6ss\u00e4. <\/p>\n<p><strong>Katso tarkemmat hakuohjeet ja aikataulut <a href=\"https:\/\/vrua.fi\/ruka\/2-aste\/\">t\u00e4\u00e4lt\u00e4.<\/a><\/strong> <br \/><em>Huom! Haku on kaksi vaiheinen: 2. asteen oppilaitoksiin haku tapahtuu yhteishaussa opintopolku.fi -sivuston kautta. Vuokatti-Ruka Urheiluakatemian valmennusryhmiin hakevan tulee t\u00e4ytt\u00e4\u00e4 my\u00f6s lajikohtainen hakulomake ennen oman lajin p\u00e4\u00e4sykoetta<\/em><\/p>\n<p><strong>Tulossa:<\/strong><br \/><strong>J\u00e4\u00e4kiekon Kick Off p\u00e4iv\u00e4 29.4.2026<\/strong><\/p>\n<p><strong>Lis\u00e4tiedot<br \/><\/strong>Valmentaja:<br \/>Perttu Karjalainen<br \/>karjalainen.perttu@edukmo.fi<\/p>\n<\/div>\n<p><!--more--><br \/>\n<!-- {\"type\":\"layout\",\"children\":[{\"type\":\"section\",\"props\":{\"animation\":\"slide-left\",\"image_position\":\"center-center\",\"padding_bottom\":\"none\",\"padding_top\":\"none\",\"style\":\"default\",\"title_breakpoint\":\"xl\",\"title_position\":\"top-left\",\"title_rotation\":\"left\",\"vertical_align\":\"\",\"width\":\"\"},\"children\":[{\"type\":\"row\",\"props\":{\"column_gap\":\"collapse\",\"layout\":\"1-3,2-3\",\"row_gap\":\"collapse\"},\"children\":[{\"type\":\"column\",\"props\":{\"image_position\":\"center-center\",\"position_sticky_breakpoint\":\"m\",\"style\":\"tile-primary\",\"vertical_align\":\"middle\",\"width_medium\":\"1-3\"},\"children\":[{\"type\":\"headline\",\"props\":{\"content\":\"Akatemia 2. aste\",\"image_align\":\"left\",\"image_margin\":\"xsmall\",\"text_align\":\"center\",\"title_element\":\"h1\",\"title_style\":\"heading-small\"}},{\"type\":\"image\",\"props\":{\"image\":\"wp-content\/uploads\/2023\/01\/etoleyksin_logo.svg\",\"image_alt\":\"etoleyksin\",\"image_svg_color\":\"emphasis\",\"image_width\":\"180\",\"margin_bottom\":\"default\",\"margin_top\":\"default\",\"text_align\":\"center\"},\"name\":\"et ole yksin\"}]},{\"type\":\"column\",\"props\":{\"image_position\":\"center-center\",\"position_sticky_breakpoint\":\"m\",\"width_medium\":\"2-3\"},\"children\":[{\"type\":\"image\",\"props\":{\"image\":\"wp-content\/uploads\/2026\/01\/Marko_Hakli-13.jpg\",\"image_alt\":\"u15 2022 2023\",\"image_height\":\"750\",\"image_svg_color\":\"emphasis\",\"image_width\":\"1600\",\"margin_bottom\":\"default\",\"margin_top\":\"default\",\"text_align\":\"center\"}}]}]}]},{\"type\":\"section\",\"props\":{\"image_position\":\"center-center\",\"style\":\"default\",\"title_breakpoint\":\"xl\",\"title_position\":\"top-left\",\"title_rotation\":\"left\",\"vertical_align\":\"\",\"width\":\"small\"},\"children\":[{\"type\":\"row\",\"children\":[{\"type\":\"column\",\"props\":{\"image_position\":\"center-center\",\"position_sticky_breakpoint\":\"m\"},\"children\":[{\"type\":\"image\",\"props\":{\"image\":\"wp-content\/uploads\/2026\/01\/vuokatti-ruka-urheiluakatemia-logo-1-69x70-1.png\",\"image_svg_color\":\"emphasis\",\"link\":\"https:\/\/vrua.fi\/ruka\/jaakiekko\/\",\"link_target\":true,\"margin_bottom\":\"default\",\"margin_top\":\"default\",\"position\":\"relative\",\"position_left\":\"0\",\"text_align\":\"center\"}},{\"type\":\"text\",\"props\":{\"column_breakpoint\":\"m\",\"content\":\"\n\n<p><strong>2. asteen<\/strong> toiminta tarkoittaa mahdollisuutta yhdist\u00e4\u00e4 lukio- tai ammatilliset opinnot sek\u00e4 tavoitteellinen j\u00e4\u00e4kiekkoharjoittelu. Toiminta tarjoaa urheilijoille valmennusta, harjoitusolosuhteita ja asiantuntijapalveluita, jotka tukevat sek\u00e4 urheilullista ett\u00e4 akateemista kehittymist\u00e4.<\/p>\n\n\\n\n\n<p>Harjoittelu tapahtuu akatemian harjoituksissa sek\u00e4 Kuusamon Pallo-Karhujen joukkueharjoituksissa. J\u00e4\u00e4harjoituksia on 6-8 kertaa viikossa, joista aamuharjoituksia 2-3 kertaa. Lis\u00e4ksi ohjeisharjoituksia toteutetaan itsen\u00e4isesti ja ohjatusti. Toiminta on tarkoitettu sek\u00e4 tytt\u00f6- ett\u00e4 poikapelaajille.\n\n<\/p>\n\n\\n\n\n<p><em>Huom! Kuusamon Pallo-Karhut J\u00e4\u00e4kiekko ry ja Kajaanin Junnu Hokki ry suunnittelevat yhteisty\u00f6ss\u00e4 naisten Suomi-sarjajoukkuetta kaudelle 2026\u20132027. Oletko kiinnostunut yhdist\u00e4m\u00e4\u00e4n akatemiassa opiskelun ja naisten Suomi-sarjassa pelaamisen? <strong>Katso <a href=\\\"https:\/\/www.pallokarhut.fi\/jaakiekko\/kuusamoon-suunnitteilla-naisten-jaakiekon-suomi-sarjajoukkue-yhteistyossa-kajaanin-junnu-hokki-ryn-kanssa\/\\\">lis\u00e4tietoja.<\/a>\n\n<\/strong><\/em><strong>Olosuhteet<br \/><\/strong>Harjoitukset j\u00e4rjestet\u00e4\u00e4n Kuusamon j\u00e4\u00e4hallilla (EVO-areena), liikuntakeskuksessa sek\u00e4 Kuusamo Kampuksen monipuolisissa tiloissa. Akatemiaurheilijat saavat kausikortin, joka oikeuttaa j\u00e4\u00e4hallin maksullisten vuorojen, uimahallin, liikuntakeskuksen kuntosalien sek\u00e4 kampuksen pelk\u00e4st\u00e4\u00e4n akatemiaurheilijoille varatun salin vapaaseen k\u00e4ytt\u00f6\u00f6n. Laadukkaiden harjoitustilojen lis\u00e4ksi k\u00e4yt\u00f6ss\u00e4 on ravintola Salvia, nykyaikaiset opiskelutilat sek\u00e4 asuntola.<\/p>\n\n\\n\n\n<p><strong>Toisen asteen haku 2026<br \/><\/strong>Kev\u00e4\u00e4n 2026 perusopetuksen j\u00e4lkeisen koulutuksen yhteishaku alkaa <strong>17.2.2026 klo 8.00 ja p\u00e4\u00e4ttyy 17.3.2026 klo 15.00.<\/strong> Opinnot alkavat syksyll\u00e4 2026. Kev\u00e4\u00e4n yhteishaussa voit hakea mukaan Vuokatti-Ruka urheiluakatemian toimintaan ja varmistaa paikkasi tavoitteellisessa urheilijayhteis\u00f6ss\u00e4. \n\n<strong>Katso tarkemmat hakuohjeet ja aikataulut <a href=\\\"https:\/\/vrua.fi\/ruka\/2-aste\/\\\">t\u00e4\u00e4lt\u00e4.<\/a><\/strong> <br \/><em>Huom! Haku on kaksi vaiheinen: 2. asteen oppilaitoksiin haku tapahtuu yhteishaussa opintopolku.fi -sivuston kautta. Vuokatti-Ruka Urheiluakatemian valmennusryhmiin hakevan tulee t\u00e4ytt\u00e4\u00e4 my\u00f6s lajikohtainen hakulomake ennen oman lajin p\u00e4\u00e4sykoetta<\/em><\/p>\n\n\\n\n\n<p><strong>Tulossa:<\/strong><br \/><strong>J\u00e4\u00e4kiekon Kick Off p\u00e4iv\u00e4 29.4.2026<\/strong><\/p>\n\n\\n\n\n<p><strong>Lis\u00e4tiedot<br \/><\/strong>Valmentaja:<br \/>Perttu Karjalainen<br \/>karjalainen.perttu@edukmo.fi<\/p>\n\n\",\"margin_bottom\":\"default\",\"margin_top\":\"default\"}}]}]}]}],\"version\":\"5.0.14\"} --><\/p>\n","protected":false},"excerpt":{"rendered":"<p>Akatemia 2. aste 2. asteen toiminta tarkoittaa mahdollisuutta yhdist\u00e4\u00e4 lukio- tai ammatilliset opinnot sek\u00e4 tavoitteellinen j\u00e4\u00e4kiekkoharjoittelu. Toiminta tarjoaa urheilijoille valmennusta, harjoitusolosuhteita ja asiantuntijapalveluita, jotka tukevat sek\u00e4 urheilullista ett\u00e4 akateemista kehittymist\u00e4. [&hellip;]<\/p>\n","protected":false},"author":8,"featured_media":0,"parent":0,"menu_order":0,"comment_status":"closed","ping_status":"closed","template":"","meta":{"footnotes":""},"class_list":["post-3716","page","type-page","status-publish","hentry"],"yoast_head":"<!-- This site is optimized with the Yoast SEO plugin v27.3 - https:\/\/yoast.com\/product\/yoast-seo-wordpress\/ -->\n<title>2. aste - Pallokarhut J\u00e4\u00e4kiekko, Kuusamo<\/title>\n<meta name=\"robots\" content=\"index, follow, max-snippet:-1, max-image-preview:large, max-video-preview:-1\" \/>\n<link rel=\"canonical\" href=\"https:\/\/www.pallokarhut.fi\/jaakiekko\/2-aste\/\" \/>\n<meta property=\"og:locale\" content=\"fi_FI\" \/>\n<meta property=\"og:type\" content=\"article\" \/>\n<meta property=\"og:title\" content=\"2. aste - Pallokarhut J\u00e4\u00e4kiekko, Kuusamo\" \/>\n<meta property=\"og:description\" content=\"Akatemia 2. aste 2. asteen toiminta tarkoittaa mahdollisuutta yhdist\u00e4\u00e4 lukio- tai ammatilliset opinnot sek\u00e4 tavoitteellinen j\u00e4\u00e4kiekkoharjoittelu. Toiminta tarjoaa urheilijoille valmennusta, harjoitusolosuhteita ja asiantuntijapalveluita, jotka tukevat sek\u00e4 urheilullista ett\u00e4 akateemista kehittymist\u00e4. [&hellip;]\" \/>\n<meta property=\"og:url\" content=\"https:\/\/www.pallokarhut.fi\/jaakiekko\/2-aste\/\" \/>\n<meta property=\"og:site_name\" content=\"Pallokarhut J\u00e4\u00e4kiekko, Kuusamo\" \/>\n<meta property=\"article:publisher\" content=\"https:\/\/www.facebook.com\/profile.php?id=100041232415788\" \/>\n<meta property=\"article:modified_time\" content=\"2026-03-02T13:57:45+00:00\" \/>\n<meta property=\"og:image\" content=\"https:\/\/pallokarhut.fi\/jaakiekko\/wp-content\/uploads\/2023\/02\/pallokarhut-logo-iso-sin-tausta.jpg\" \/>\n\t<meta property=\"og:image:width\" content=\"1200\" \/>\n\t<meta property=\"og:image:height\" content=\"675\" \/>\n\t<meta property=\"og:image:type\" content=\"image\/jpeg\" \/>\n<meta name=\"twitter:card\" content=\"summary_large_image\" \/>\n<meta name=\"twitter:label1\" content=\"Arvioitu lukuaika\" \/>\n\t<meta name=\"twitter:data1\" content=\"2 minuuttia\" \/>\n<script type=\"application\/ld+json\" class=\"yoast-schema-graph\">{\"@context\":\"https:\\\/\\\/schema.org\",\"@graph\":[{\"@type\":\"WebPage\",\"@id\":\"https:\\\/\\\/www.pallokarhut.fi\\\/jaakiekko\\\/2-aste\\\/\",\"url\":\"https:\\\/\\\/www.pallokarhut.fi\\\/jaakiekko\\\/2-aste\\\/\",\"name\":\"2. aste - Pallokarhut J\u00e4\u00e4kiekko, Kuusamo\",\"isPartOf\":{\"@id\":\"https:\\\/\\\/www.pallokarhut.fi\\\/jaakiekko\\\/#website\"},\"datePublished\":\"2026-01-19T20:06:15+00:00\",\"dateModified\":\"2026-03-02T13:57:45+00:00\",\"breadcrumb\":{\"@id\":\"https:\\\/\\\/www.pallokarhut.fi\\\/jaakiekko\\\/2-aste\\\/#breadcrumb\"},\"inLanguage\":\"fi\",\"potentialAction\":[{\"@type\":\"ReadAction\",\"target\":[\"https:\\\/\\\/www.pallokarhut.fi\\\/jaakiekko\\\/2-aste\\\/\"]}]},{\"@type\":\"BreadcrumbList\",\"@id\":\"https:\\\/\\\/www.pallokarhut.fi\\\/jaakiekko\\\/2-aste\\\/#breadcrumb\",\"itemListElement\":[{\"@type\":\"ListItem\",\"position\":1,\"name\":\"Etusivu\",\"item\":\"https:\\\/\\\/www.pallokarhut.fi\\\/jaakiekko\\\/\"},{\"@type\":\"ListItem\",\"position\":2,\"name\":\"2. aste\"}]},{\"@type\":\"WebSite\",\"@id\":\"https:\\\/\\\/www.pallokarhut.fi\\\/jaakiekko\\\/#website\",\"url\":\"https:\\\/\\\/www.pallokarhut.fi\\\/jaakiekko\\\/\",\"name\":\"Pallokarhut J\u00e4\u00e4kiekko, Kuusamo\",\"description\":\"Uusi harrastus lapsille, nuorille ja koko perheelle! - Pallokarhut J\u00e4\u00e4kiekko, Kuusamo\",\"publisher\":{\"@id\":\"https:\\\/\\\/www.pallokarhut.fi\\\/jaakiekko\\\/#organization\"},\"potentialAction\":[{\"@type\":\"SearchAction\",\"target\":{\"@type\":\"EntryPoint\",\"urlTemplate\":\"https:\\\/\\\/www.pallokarhut.fi\\\/jaakiekko\\\/?s={search_term_string}\"},\"query-input\":{\"@type\":\"PropertyValueSpecification\",\"valueRequired\":true,\"valueName\":\"search_term_string\"}}],\"inLanguage\":\"fi\"},{\"@type\":\"Organization\",\"@id\":\"https:\\\/\\\/www.pallokarhut.fi\\\/jaakiekko\\\/#organization\",\"name\":\"Pallo-Karhut, j\u00e4\u00e4kiekko\",\"url\":\"https:\\\/\\\/www.pallokarhut.fi\\\/jaakiekko\\\/\",\"logo\":{\"@type\":\"ImageObject\",\"inLanguage\":\"fi\",\"@id\":\"https:\\\/\\\/www.pallokarhut.fi\\\/jaakiekko\\\/#\\\/schema\\\/logo\\\/image\\\/\",\"url\":\"https:\\\/\\\/www.pallokarhut.fi\\\/jaakiekko\\\/wp-content\\\/uploads\\\/2023\\\/02\\\/pakalogo.svg\",\"contentUrl\":\"https:\\\/\\\/www.pallokarhut.fi\\\/jaakiekko\\\/wp-content\\\/uploads\\\/2023\\\/02\\\/pakalogo.svg\",\"width\":1,\"height\":1,\"caption\":\"Pallo-Karhut, j\u00e4\u00e4kiekko\"},\"image\":{\"@id\":\"https:\\\/\\\/www.pallokarhut.fi\\\/jaakiekko\\\/#\\\/schema\\\/logo\\\/image\\\/\"},\"sameAs\":[\"https:\\\/\\\/www.facebook.com\\\/profile.php?id=100041232415788\"]}]}<\/script>\n<!-- \/ Yoast SEO plugin. -->","yoast_head_json":{"title":"2. aste - Pallokarhut J\u00e4\u00e4kiekko, Kuusamo","robots":{"index":"index","follow":"follow","max-snippet":"max-snippet:-1","max-image-preview":"max-image-preview:large","max-video-preview":"max-video-preview:-1"},"canonical":"https:\/\/www.pallokarhut.fi\/jaakiekko\/2-aste\/","og_locale":"fi_FI","og_type":"article","og_title":"2. aste - Pallokarhut J\u00e4\u00e4kiekko, Kuusamo","og_description":"Akatemia 2. aste 2. asteen toiminta tarkoittaa mahdollisuutta yhdist\u00e4\u00e4 lukio- tai ammatilliset opinnot sek\u00e4 tavoitteellinen j\u00e4\u00e4kiekkoharjoittelu. Toiminta tarjoaa urheilijoille valmennusta, harjoitusolosuhteita ja asiantuntijapalveluita, jotka tukevat sek\u00e4 urheilullista ett\u00e4 akateemista kehittymist\u00e4. [&hellip;]","og_url":"https:\/\/www.pallokarhut.fi\/jaakiekko\/2-aste\/","og_site_name":"Pallokarhut J\u00e4\u00e4kiekko, Kuusamo","article_publisher":"https:\/\/www.facebook.com\/profile.php?id=100041232415788","article_modified_time":"2026-03-02T13:57:45+00:00","og_image":[{"width":1200,"height":675,"url":"https:\/\/pallokarhut.fi\/jaakiekko\/wp-content\/uploads\/2023\/02\/pallokarhut-logo-iso-sin-tausta.jpg","type":"image\/jpeg"}],"twitter_card":"summary_large_image","twitter_misc":{"Arvioitu lukuaika":"2 minuuttia"},"schema":{"@context":"https:\/\/schema.org","@graph":[{"@type":"WebPage","@id":"https:\/\/www.pallokarhut.fi\/jaakiekko\/2-aste\/","url":"https:\/\/www.pallokarhut.fi\/jaakiekko\/2-aste\/","name":"2. aste - Pallokarhut J\u00e4\u00e4kiekko, Kuusamo","isPartOf":{"@id":"https:\/\/www.pallokarhut.fi\/jaakiekko\/#website"},"datePublished":"2026-01-19T20:06:15+00:00","dateModified":"2026-03-02T13:57:45+00:00","breadcrumb":{"@id":"https:\/\/www.pallokarhut.fi\/jaakiekko\/2-aste\/#breadcrumb"},"inLanguage":"fi","potentialAction":[{"@type":"ReadAction","target":["https:\/\/www.pallokarhut.fi\/jaakiekko\/2-aste\/"]}]},{"@type":"BreadcrumbList","@id":"https:\/\/www.pallokarhut.fi\/jaakiekko\/2-aste\/#breadcrumb","itemListElement":[{"@type":"ListItem","position":1,"name":"Etusivu","item":"https:\/\/www.pallokarhut.fi\/jaakiekko\/"},{"@type":"ListItem","position":2,"name":"2. aste"}]},{"@type":"WebSite","@id":"https:\/\/www.pallokarhut.fi\/jaakiekko\/#website","url":"https:\/\/www.pallokarhut.fi\/jaakiekko\/","name":"Pallokarhut J\u00e4\u00e4kiekko, Kuusamo","description":"Uusi harrastus lapsille, nuorille ja koko perheelle! - Pallokarhut J\u00e4\u00e4kiekko, Kuusamo","publisher":{"@id":"https:\/\/www.pallokarhut.fi\/jaakiekko\/#organization"},"potentialAction":[{"@type":"SearchAction","target":{"@type":"EntryPoint","urlTemplate":"https:\/\/www.pallokarhut.fi\/jaakiekko\/?s={search_term_string}"},"query-input":{"@type":"PropertyValueSpecification","valueRequired":true,"valueName":"search_term_string"}}],"inLanguage":"fi"},{"@type":"Organization","@id":"https:\/\/www.pallokarhut.fi\/jaakiekko\/#organization","name":"Pallo-Karhut, j\u00e4\u00e4kiekko","url":"https:\/\/www.pallokarhut.fi\/jaakiekko\/","logo":{"@type":"ImageObject","inLanguage":"fi","@id":"https:\/\/www.pallokarhut.fi\/jaakiekko\/#\/schema\/logo\/image\/","url":"https:\/\/www.pallokarhut.fi\/jaakiekko\/wp-content\/uploads\/2023\/02\/pakalogo.svg","contentUrl":"https:\/\/www.pallokarhut.fi\/jaakiekko\/wp-content\/uploads\/2023\/02\/pakalogo.svg","width":1,"height":1,"caption":"Pallo-Karhut, j\u00e4\u00e4kiekko"},"image":{"@id":"https:\/\/www.pallokarhut.fi\/jaakiekko\/#\/schema\/logo\/image\/"},"sameAs":["https:\/\/www.facebook.com\/profile.php?id=100041232415788"]}]}},"_links":{"self":[{"href":"https:\/\/pallokarhut.fi\/jaakiekko\/wp-json\/wp\/v2\/pages\/3716","targetHints":{"allow":["GET"]}}],"collection":[{"href":"https:\/\/pallokarhut.fi\/jaakiekko\/wp-json\/wp\/v2\/pages"}],"about":[{"href":"https:\/\/pallokarhut.fi\/jaakiekko\/wp-json\/wp\/v2\/types\/page"}],"author":[{"embeddable":true,"href":"https:\/\/pallokarhut.fi\/jaakiekko\/wp-json\/wp\/v2\/users\/8"}],"replies":[{"embeddable":true,"href":"https:\/\/pallokarhut.fi\/jaakiekko\/wp-json\/wp\/v2\/comments?post=3716"}],"version-history":[{"count":0,"href":"https:\/\/pallokarhut.fi\/jaakiekko\/wp-json\/wp\/v2\/pages\/3716\/revisions"}],"wp:attachment":[{"href":"https:\/\/pallokarhut.fi\/jaakiekko\/wp-json\/wp\/v2\/media?parent=3716"}],"curies":[{"name":"wp","href":"https:\/\/api.w.org\/{rel}","templated":true}]}}