{"id":3709,"date":"2026-01-19T21:49:43","date_gmt":"2026-01-19T19:49:43","guid":{"rendered":"https:\/\/www.pallokarhut.fi\/jaakiekko\/?page_id=3709"},"modified":"2026-04-10T13:33:27","modified_gmt":"2026-04-10T10:33:27","slug":"akatemia","status":"publish","type":"page","link":"https:\/\/pallokarhut.fi\/jaakiekko\/akatemia\/","title":{"rendered":"Akatemia"},"content":{"rendered":"<h1>Akatemia<\/h1>\n<p><img decoding=\"async\" src=\"\/jaakiekko\/wp-content\/uploads\/2023\/01\/etoleyksin_logo.svg\" alt=\"etoleyksin\"><br \/>\n<img decoding=\"async\" src=\"\/jaakiekko\/wp-content\/uploads\/2025\/10\/2F5A0298-scaled.jpg\" alt=\"\"><br \/>\n<a href=\"https:\/\/vrua.fi\/ruka\/jaakiekko\/\"><img decoding=\"async\" src=\"\/jaakiekko\/wp-content\/uploads\/2026\/01\/vuokatti-ruka-urheiluakatemia-logo-1-69x70-1.png\" alt=\"\"><\/a><\/p>\n<div>\n<p>Kuusamon Pallo-Karhut ja Vuokatti-Ruka urheiluakatemia tekev\u00e4t vahvaa yhteisty\u00f6t\u00e4 j\u00e4\u00e4kiekkoilijan urheilijanpolun rakentamiseksi Kuusamossa. Kuusamon\u00a0 monipuoliset liikuntatilat antavat huikeat mahdollisuudet niin fysiikkaharjoitteluun kuin j\u00e4\u00e4harjoitteluun. Pelaajana olet osa perinteik\u00e4st\u00e4 paikallista seuraa ja yhteis\u00f6\u00e4 Kuusamon Pallo-Karhuja.<\/p>\n<\/p>\n<p>Akatemia-toiminta tarjoaa tavoitteellisille j\u00e4\u00e4kiekkoilijoille mahdollisuuden yhdist\u00e4\u00e4 opiskelun ja laadukkaan harjoittelun. Akatemia tukee urheilijan kaksoisuraa, jossa urheilullinen kehittyminen ja opintojen eteneminen kulkevat rinnakkain. Akatemian kautta p\u00e4\u00e4set osaksi motivoitunutta yhteis\u00f6\u00e4, jossa arjen valinnat, kuten lepo, ravinto ja harjoittelu, tukevat kasvuasi urheilijaksi.<\/p>\n<\/p>\n<p>Kuusamon Pallo-Karhut ja <a href=\"https:\/\/vrua.fi\/ruka\/jaakiekko\/\">Vuokatti-Ruka urheiluakatemia<\/a> toteuttavat akatemiatoimintaa Kuusamossa <a href=\"https:\/\/www.pallokarhut.fi\/jaakiekko\/2-aste\/\">2. asteella<\/a> ja <a href=\"https:\/\/www.pallokarhut.fi\/jaakiekko\/ylakoulutoiminta\/\">yl\u00e4kouluik\u00e4isille<\/a>.<\/p>\n<\/div>\n<p><!--more--><br \/>\n<!-- {\"type\":\"layout\",\"children\":[{\"type\":\"section\",\"props\":{\"animation\":\"slide-left\",\"image_position\":\"center-center\",\"padding_bottom\":\"none\",\"padding_top\":\"none\",\"style\":\"default\",\"title_breakpoint\":\"xl\",\"title_position\":\"top-left\",\"title_rotation\":\"left\",\"vertical_align\":\"\",\"width\":\"\"},\"children\":[{\"type\":\"row\",\"props\":{\"column_gap\":\"collapse\",\"layout\":\"1-3,2-3\",\"row_gap\":\"collapse\"},\"children\":[{\"type\":\"column\",\"props\":{\"image_position\":\"center-center\",\"position_sticky_breakpoint\":\"m\",\"style\":\"tile-primary\",\"vertical_align\":\"middle\",\"width_medium\":\"1-3\"},\"children\":[{\"type\":\"headline\",\"props\":{\"content\":\"Akatemia\",\"image_align\":\"left\",\"image_margin\":\"xsmall\",\"text_align\":\"center\",\"title_element\":\"h1\",\"title_style\":\"heading-small\"}},{\"type\":\"image\",\"props\":{\"image\":\"wp-content\/uploads\/2023\/01\/etoleyksin_logo.svg\",\"image_alt\":\"etoleyksin\",\"image_svg_color\":\"emphasis\",\"image_width\":\"180\",\"margin_bottom\":\"default\",\"margin_top\":\"default\",\"text_align\":\"center\"},\"name\":\"et ole yksin\"}]},{\"type\":\"column\",\"props\":{\"image_position\":\"center-center\",\"position_sticky_breakpoint\":\"m\",\"width_medium\":\"2-3\"},\"children\":[{\"type\":\"image\",\"props\":{\"image\":\"wp-content\/uploads\/2025\/10\/2F5A0298-scaled.jpg\",\"image_svg_color\":\"emphasis\",\"margin_bottom\":\"default\",\"margin_top\":\"default\",\"text_align\":\"center\"}}]}]}]},{\"type\":\"section\",\"props\":{\"image_position\":\"center-center\",\"style\":\"default\",\"title_breakpoint\":\"xl\",\"title_position\":\"top-left\",\"title_rotation\":\"left\",\"vertical_align\":\"\",\"width\":\"small\"},\"children\":[{\"type\":\"row\",\"children\":[{\"type\":\"column\",\"props\":{\"image_position\":\"center-center\",\"position_sticky_breakpoint\":\"m\"},\"children\":[{\"type\":\"image\",\"props\":{\"image\":\"wp-content\/uploads\/2026\/01\/vuokatti-ruka-urheiluakatemia-logo-1-69x70-1.png\",\"image_svg_color\":\"emphasis\",\"link\":\"https:\/\/vrua.fi\/ruka\/jaakiekko\/\",\"margin_bottom\":\"default\",\"margin_top\":\"default\",\"text_align\":\"center\"}},{\"type\":\"text\",\"props\":{\"column_breakpoint\":\"m\",\"content\":\"\n\n<p>Kuusamon Pallo-Karhut ja Vuokatti-Ruka urheiluakatemia tekev\u00e4t vahvaa yhteisty\u00f6t\u00e4 j\u00e4\u00e4kiekkoilijan urheilijanpolun rakentamiseksi Kuusamossa. Kuusamon\u00a0 monipuoliset liikuntatilat antavat huikeat mahdollisuudet niin fysiikkaharjoitteluun kuin j\u00e4\u00e4harjoitteluun. Pelaajana olet osa perinteik\u00e4st\u00e4 paikallista seuraa ja yhteis\u00f6\u00e4 Kuusamon Pallo-Karhuja.<\/p>\n\n\\n\n\n\n\n\\n\n\n<p>Akatemia-toiminta tarjoaa tavoitteellisille j\u00e4\u00e4kiekkoilijoille mahdollisuuden yhdist\u00e4\u00e4 opiskelun ja laadukkaan harjoittelun. Akatemia tukee urheilijan kaksoisuraa, jossa urheilullinen kehittyminen ja opintojen eteneminen kulkevat rinnakkain. Akatemian kautta p\u00e4\u00e4set osaksi motivoitunutta yhteis\u00f6\u00e4, jossa arjen valinnat, kuten lepo, ravinto ja harjoittelu, tukevat kasvuasi urheilijaksi.<\/p>\n\n\\n\n\n\n\n\\n\n\n<p>Kuusamon Pallo-Karhut ja <a href=\\\"https:\/\/vrua.fi\/ruka\/jaakiekko\/\\\">Vuokatti-Ruka urheiluakatemia<\/a> toteuttavat akatemiatoimintaa Kuusamossa <a href=\\\"https:\/\/www.pallokarhut.fi\/jaakiekko\/2-aste\/\\\">2. asteella<\/a> ja <a href=\\\"https:\/\/www.pallokarhut.fi\/jaakiekko\/ylakoulutoiminta\/\\\">yl\u00e4kouluik\u00e4isille<\/a>.<\/p>\n\n\",\"margin_bottom\":\"default\",\"margin_top\":\"default\"}}]}]}]}],\"version\":\"5.0.28\"} --><\/p>\n","protected":false},"excerpt":{"rendered":"<p>Akatemia Kuusamon Pallo-Karhut ja Vuokatti-Ruka urheiluakatemia tekev\u00e4t vahvaa yhteisty\u00f6t\u00e4 j\u00e4\u00e4kiekkoilijan urheilijanpolun rakentamiseksi Kuusamossa. Kuusamon\u00a0 monipuoliset liikuntatilat antavat huikeat mahdollisuudet niin fysiikkaharjoitteluun kuin j\u00e4\u00e4harjoitteluun. Pelaajana olet osa perinteik\u00e4st\u00e4 paikallista seuraa ja [&hellip;]<\/p>\n","protected":false},"author":8,"featured_media":0,"parent":0,"menu_order":0,"comment_status":"closed","ping_status":"closed","template":"","meta":{"footnotes":""},"class_list":["post-3709","page","type-page","status-publish","hentry"],"yoast_head":"<!-- This site is optimized with the Yoast SEO plugin v27.3 - https:\/\/yoast.com\/product\/yoast-seo-wordpress\/ -->\n<title>Akatemia - Pallokarhut J\u00e4\u00e4kiekko, Kuusamo<\/title>\n<meta name=\"description\" content=\"Kuusamon Pallo-Karhut ja Vuokatti-Ruka urheiluakatemia tekev\u00e4t vahvaa yhteisty\u00f6t\u00e4 j\u00e4\u00e4kiekkoilijan urheilijanpolun rakentamiseksi Kuusamossa ja toteuttavat akatemiatoimintaa Kuusamossa 2. asteella ja yl\u00e4kouluilla.\" \/>\n<meta name=\"robots\" content=\"index, follow, max-snippet:-1, max-image-preview:large, max-video-preview:-1\" \/>\n<link rel=\"canonical\" href=\"https:\/\/www.pallokarhut.fi\/jaakiekko\/akatemia\/\" \/>\n<meta property=\"og:locale\" content=\"fi_FI\" \/>\n<meta property=\"og:type\" content=\"article\" \/>\n<meta property=\"og:title\" content=\"Akatemia - Pallokarhut J\u00e4\u00e4kiekko, Kuusamo\" \/>\n<meta property=\"og:description\" content=\"Kuusamon Pallo-Karhut ja Vuokatti-Ruka urheiluakatemia tekev\u00e4t vahvaa yhteisty\u00f6t\u00e4 j\u00e4\u00e4kiekkoilijan urheilijanpolun rakentamiseksi Kuusamossa ja toteuttavat akatemiatoimintaa Kuusamossa 2. asteella ja yl\u00e4kouluilla.\" \/>\n<meta property=\"og:url\" content=\"https:\/\/www.pallokarhut.fi\/jaakiekko\/akatemia\/\" \/>\n<meta property=\"og:site_name\" content=\"Pallokarhut J\u00e4\u00e4kiekko, Kuusamo\" \/>\n<meta property=\"article:publisher\" content=\"https:\/\/www.facebook.com\/profile.php?id=100041232415788\" \/>\n<meta property=\"article:modified_time\" content=\"2026-04-10T10:33:27+00:00\" \/>\n<meta property=\"og:image\" content=\"https:\/\/pallokarhut.fi\/jaakiekko\/wp-content\/uploads\/2023\/02\/pallokarhut-logo-iso-sin-tausta.jpg\" \/>\n\t<meta property=\"og:image:width\" content=\"1200\" \/>\n\t<meta property=\"og:image:height\" content=\"675\" \/>\n\t<meta property=\"og:image:type\" content=\"image\/jpeg\" \/>\n<meta name=\"twitter:card\" content=\"summary_large_image\" \/>\n<meta name=\"twitter:label1\" content=\"Arvioitu lukuaika\" \/>\n\t<meta name=\"twitter:data1\" content=\"1 minuutti\" \/>\n<script type=\"application\/ld+json\" class=\"yoast-schema-graph\">{\"@context\":\"https:\\\/\\\/schema.org\",\"@graph\":[{\"@type\":\"WebPage\",\"@id\":\"https:\\\/\\\/www.pallokarhut.fi\\\/jaakiekko\\\/akatemia\\\/\",\"url\":\"https:\\\/\\\/www.pallokarhut.fi\\\/jaakiekko\\\/akatemia\\\/\",\"name\":\"Akatemia - Pallokarhut J\u00e4\u00e4kiekko, Kuusamo\",\"isPartOf\":{\"@id\":\"https:\\\/\\\/www.pallokarhut.fi\\\/jaakiekko\\\/#website\"},\"datePublished\":\"2026-01-19T19:49:43+00:00\",\"dateModified\":\"2026-04-10T10:33:27+00:00\",\"description\":\"Kuusamon Pallo-Karhut ja Vuokatti-Ruka urheiluakatemia tekev\u00e4t vahvaa yhteisty\u00f6t\u00e4 j\u00e4\u00e4kiekkoilijan urheilijanpolun rakentamiseksi Kuusamossa ja toteuttavat akatemiatoimintaa Kuusamossa 2. asteella ja yl\u00e4kouluilla.\",\"breadcrumb\":{\"@id\":\"https:\\\/\\\/www.pallokarhut.fi\\\/jaakiekko\\\/akatemia\\\/#breadcrumb\"},\"inLanguage\":\"fi\",\"potentialAction\":[{\"@type\":\"ReadAction\",\"target\":[\"https:\\\/\\\/www.pallokarhut.fi\\\/jaakiekko\\\/akatemia\\\/\"]}]},{\"@type\":\"BreadcrumbList\",\"@id\":\"https:\\\/\\\/www.pallokarhut.fi\\\/jaakiekko\\\/akatemia\\\/#breadcrumb\",\"itemListElement\":[{\"@type\":\"ListItem\",\"position\":1,\"name\":\"Etusivu\",\"item\":\"https:\\\/\\\/www.pallokarhut.fi\\\/jaakiekko\\\/\"},{\"@type\":\"ListItem\",\"position\":2,\"name\":\"Akatemia\"}]},{\"@type\":\"WebSite\",\"@id\":\"https:\\\/\\\/www.pallokarhut.fi\\\/jaakiekko\\\/#website\",\"url\":\"https:\\\/\\\/www.pallokarhut.fi\\\/jaakiekko\\\/\",\"name\":\"Pallokarhut J\u00e4\u00e4kiekko, Kuusamo\",\"description\":\"Uusi harrastus lapsille, nuorille ja koko perheelle! - Pallokarhut J\u00e4\u00e4kiekko, Kuusamo\",\"publisher\":{\"@id\":\"https:\\\/\\\/www.pallokarhut.fi\\\/jaakiekko\\\/#organization\"},\"potentialAction\":[{\"@type\":\"SearchAction\",\"target\":{\"@type\":\"EntryPoint\",\"urlTemplate\":\"https:\\\/\\\/www.pallokarhut.fi\\\/jaakiekko\\\/?s={search_term_string}\"},\"query-input\":{\"@type\":\"PropertyValueSpecification\",\"valueRequired\":true,\"valueName\":\"search_term_string\"}}],\"inLanguage\":\"fi\"},{\"@type\":\"Organization\",\"@id\":\"https:\\\/\\\/www.pallokarhut.fi\\\/jaakiekko\\\/#organization\",\"name\":\"Pallo-Karhut, j\u00e4\u00e4kiekko\",\"url\":\"https:\\\/\\\/www.pallokarhut.fi\\\/jaakiekko\\\/\",\"logo\":{\"@type\":\"ImageObject\",\"inLanguage\":\"fi\",\"@id\":\"https:\\\/\\\/www.pallokarhut.fi\\\/jaakiekko\\\/#\\\/schema\\\/logo\\\/image\\\/\",\"url\":\"https:\\\/\\\/www.pallokarhut.fi\\\/jaakiekko\\\/wp-content\\\/uploads\\\/2023\\\/02\\\/pakalogo.svg\",\"contentUrl\":\"https:\\\/\\\/www.pallokarhut.fi\\\/jaakiekko\\\/wp-content\\\/uploads\\\/2023\\\/02\\\/pakalogo.svg\",\"width\":1,\"height\":1,\"caption\":\"Pallo-Karhut, j\u00e4\u00e4kiekko\"},\"image\":{\"@id\":\"https:\\\/\\\/www.pallokarhut.fi\\\/jaakiekko\\\/#\\\/schema\\\/logo\\\/image\\\/\"},\"sameAs\":[\"https:\\\/\\\/www.facebook.com\\\/profile.php?id=100041232415788\"]}]}<\/script>\n<!-- \/ Yoast SEO plugin. -->","yoast_head_json":{"title":"Akatemia - Pallokarhut J\u00e4\u00e4kiekko, Kuusamo","description":"Kuusamon Pallo-Karhut ja Vuokatti-Ruka urheiluakatemia tekev\u00e4t vahvaa yhteisty\u00f6t\u00e4 j\u00e4\u00e4kiekkoilijan urheilijanpolun rakentamiseksi Kuusamossa ja toteuttavat akatemiatoimintaa Kuusamossa 2. asteella ja yl\u00e4kouluilla.","robots":{"index":"index","follow":"follow","max-snippet":"max-snippet:-1","max-image-preview":"max-image-preview:large","max-video-preview":"max-video-preview:-1"},"canonical":"https:\/\/www.pallokarhut.fi\/jaakiekko\/akatemia\/","og_locale":"fi_FI","og_type":"article","og_title":"Akatemia - Pallokarhut J\u00e4\u00e4kiekko, Kuusamo","og_description":"Kuusamon Pallo-Karhut ja Vuokatti-Ruka urheiluakatemia tekev\u00e4t vahvaa yhteisty\u00f6t\u00e4 j\u00e4\u00e4kiekkoilijan urheilijanpolun rakentamiseksi Kuusamossa ja toteuttavat akatemiatoimintaa Kuusamossa 2. asteella ja yl\u00e4kouluilla.","og_url":"https:\/\/www.pallokarhut.fi\/jaakiekko\/akatemia\/","og_site_name":"Pallokarhut J\u00e4\u00e4kiekko, Kuusamo","article_publisher":"https:\/\/www.facebook.com\/profile.php?id=100041232415788","article_modified_time":"2026-04-10T10:33:27+00:00","og_image":[{"width":1200,"height":675,"url":"https:\/\/pallokarhut.fi\/jaakiekko\/wp-content\/uploads\/2023\/02\/pallokarhut-logo-iso-sin-tausta.jpg","type":"image\/jpeg"}],"twitter_card":"summary_large_image","twitter_misc":{"Arvioitu lukuaika":"1 minuutti"},"schema":{"@context":"https:\/\/schema.org","@graph":[{"@type":"WebPage","@id":"https:\/\/www.pallokarhut.fi\/jaakiekko\/akatemia\/","url":"https:\/\/www.pallokarhut.fi\/jaakiekko\/akatemia\/","name":"Akatemia - Pallokarhut J\u00e4\u00e4kiekko, Kuusamo","isPartOf":{"@id":"https:\/\/www.pallokarhut.fi\/jaakiekko\/#website"},"datePublished":"2026-01-19T19:49:43+00:00","dateModified":"2026-04-10T10:33:27+00:00","description":"Kuusamon Pallo-Karhut ja Vuokatti-Ruka urheiluakatemia tekev\u00e4t vahvaa yhteisty\u00f6t\u00e4 j\u00e4\u00e4kiekkoilijan urheilijanpolun rakentamiseksi Kuusamossa ja toteuttavat akatemiatoimintaa Kuusamossa 2. asteella ja yl\u00e4kouluilla.","breadcrumb":{"@id":"https:\/\/www.pallokarhut.fi\/jaakiekko\/akatemia\/#breadcrumb"},"inLanguage":"fi","potentialAction":[{"@type":"ReadAction","target":["https:\/\/www.pallokarhut.fi\/jaakiekko\/akatemia\/"]}]},{"@type":"BreadcrumbList","@id":"https:\/\/www.pallokarhut.fi\/jaakiekko\/akatemia\/#breadcrumb","itemListElement":[{"@type":"ListItem","position":1,"name":"Etusivu","item":"https:\/\/www.pallokarhut.fi\/jaakiekko\/"},{"@type":"ListItem","position":2,"name":"Akatemia"}]},{"@type":"WebSite","@id":"https:\/\/www.pallokarhut.fi\/jaakiekko\/#website","url":"https:\/\/www.pallokarhut.fi\/jaakiekko\/","name":"Pallokarhut J\u00e4\u00e4kiekko, Kuusamo","description":"Uusi harrastus lapsille, nuorille ja koko perheelle! - Pallokarhut J\u00e4\u00e4kiekko, Kuusamo","publisher":{"@id":"https:\/\/www.pallokarhut.fi\/jaakiekko\/#organization"},"potentialAction":[{"@type":"SearchAction","target":{"@type":"EntryPoint","urlTemplate":"https:\/\/www.pallokarhut.fi\/jaakiekko\/?s={search_term_string}"},"query-input":{"@type":"PropertyValueSpecification","valueRequired":true,"valueName":"search_term_string"}}],"inLanguage":"fi"},{"@type":"Organization","@id":"https:\/\/www.pallokarhut.fi\/jaakiekko\/#organization","name":"Pallo-Karhut, j\u00e4\u00e4kiekko","url":"https:\/\/www.pallokarhut.fi\/jaakiekko\/","logo":{"@type":"ImageObject","inLanguage":"fi","@id":"https:\/\/www.pallokarhut.fi\/jaakiekko\/#\/schema\/logo\/image\/","url":"https:\/\/www.pallokarhut.fi\/jaakiekko\/wp-content\/uploads\/2023\/02\/pakalogo.svg","contentUrl":"https:\/\/www.pallokarhut.fi\/jaakiekko\/wp-content\/uploads\/2023\/02\/pakalogo.svg","width":1,"height":1,"caption":"Pallo-Karhut, j\u00e4\u00e4kiekko"},"image":{"@id":"https:\/\/www.pallokarhut.fi\/jaakiekko\/#\/schema\/logo\/image\/"},"sameAs":["https:\/\/www.facebook.com\/profile.php?id=100041232415788"]}]}},"_links":{"self":[{"href":"https:\/\/pallokarhut.fi\/jaakiekko\/wp-json\/wp\/v2\/pages\/3709","targetHints":{"allow":["GET"]}}],"collection":[{"href":"https:\/\/pallokarhut.fi\/jaakiekko\/wp-json\/wp\/v2\/pages"}],"about":[{"href":"https:\/\/pallokarhut.fi\/jaakiekko\/wp-json\/wp\/v2\/types\/page"}],"author":[{"embeddable":true,"href":"https:\/\/pallokarhut.fi\/jaakiekko\/wp-json\/wp\/v2\/users\/8"}],"replies":[{"embeddable":true,"href":"https:\/\/pallokarhut.fi\/jaakiekko\/wp-json\/wp\/v2\/comments?post=3709"}],"version-history":[{"count":1,"href":"https:\/\/pallokarhut.fi\/jaakiekko\/wp-json\/wp\/v2\/pages\/3709\/revisions"}],"predecessor-version":[{"id":3875,"href":"https:\/\/pallokarhut.fi\/jaakiekko\/wp-json\/wp\/v2\/pages\/3709\/revisions\/3875"}],"wp:attachment":[{"href":"https:\/\/pallokarhut.fi\/jaakiekko\/wp-json\/wp\/v2\/media?parent=3709"}],"curies":[{"name":"wp","href":"https:\/\/api.w.org\/{rel}","templated":true}]}}