{"id":3201,"date":"2024-12-05T07:16:55","date_gmt":"2024-12-05T05:16:55","guid":{"rendered":"https:\/\/www.pallokarhut.fi\/jaakiekko\/?page_id=3201"},"modified":"2024-12-05T07:45:03","modified_gmt":"2024-12-05T05:45:03","slug":"urheilulliset-elamantavat","status":"publish","type":"page","link":"https:\/\/pallokarhut.fi\/jaakiekko\/urheilulliset-elamantavat\/","title":{"rendered":"Urheilulliset el\u00e4m\u00e4ntavat"},"content":{"rendered":"<p>Seuran yksi keskeisin tavoite on ohjata ja kasvattaa lapsia ja nuoria urheilullisiin el\u00e4m\u00e4ntapoihin. Urheilullinen el\u00e4m\u00e4ntapa on j\u00e4\u00e4kiekkoilijan el\u00e4m\u00e4n peruspilari, joka mahdollistaa edellytykset pelaamiselle sek\u00e4 pelaajauralle urheilijan omien tavoitteiden mukaisesti.<\/p>\n<p>Urheilullinen el\u00e4m\u00e4ntapa tarkoittaa s\u00e4\u00e4nn\u00f6llist\u00e4 liikuntaa, terveellist\u00e4 ravintoa, riitt\u00e4v\u00e4\u00e4 unta ja henkist\u00e4 hyvinvointia. Se sis\u00e4lt\u00e4\u00e4 my\u00f6s tasapainoisen arjen, jossa liikunta ja lepo vuorottelevat, sek\u00e4 terveellisten valintojen tekemist\u00e4 p\u00e4ivitt\u00e4in. T\u00e4m\u00e4 el\u00e4m\u00e4ntapa edist\u00e4\u00e4 kokonaisvaltaista hyvinvointia ja auttaa yll\u00e4pit\u00e4m\u00e4\u00e4n hyv\u00e4\u00e4 fyysist\u00e4 ja henkist\u00e4 terveytt\u00e4.<\/p>\n<p>T\u00e4lle sivulle on koottu materiaaleja urheilullisiin el\u00e4m\u00e4ntapoihin liittyen.<\/p>\n<ul>\n<li><a href=\"https:\/\/www.pallokarhut.fi\/jaakiekko\/wp-content\/uploads\/2024\/12\/Harjoittelu_ja_liikunta.pdf\">Harjoittelu ja liikunta<\/a><\/li>\n<li><a href=\"https:\/\/www.pallokarhut.fi\/jaakiekko\/wp-content\/uploads\/2024\/12\/Nuoren_urheilijan_ravinto.pdf\">Nuoren urheilijan ravinto<\/a><\/li>\n<li><a href=\"https:\/\/www.pallokarhut.fi\/jaakiekko\/wp-content\/uploads\/2024\/12\/Urheilullinen_elamanrytmi.pdf\">Urheilullinen el\u00e4m\u00e4nrytmi<\/a><\/li>\n<li><a href=\"https:\/\/www.pallokarhut.fi\/jaakiekko\/wp-content\/uploads\/2024\/12\/Urheilulliset_elamantavat_vanhemmille.pdf\">Urheilulliset el\u00e4m\u00e4ntavat vanhemmille<\/a><\/li>\n<li><a href=\"https:\/\/www.pallokarhut.fi\/jaakiekko\/wp-content\/uploads\/2024\/12\/urheilulliset_elamantavat_opas.pdf\">Urheilulliset elamantavat -opas<\/a><\/li>\n<li><a href=\"https:\/\/www.pallokarhut.fi\/jaakiekko\/wp-content\/uploads\/2024\/12\/Paihteeton_pelikentta.pdf\">P\u00e4ihteet\u00f6n pelikentt\u00e4<\/a><\/li>\n<li><a href=\"https:\/\/www.pallokarhut.fi\/jaakiekko\/wp-content\/uploads\/2024\/12\/Nuoret_ja_nuuska.pdf\">Nuoret ja nuuska<\/a><\/li>\n<li><a href=\"https:\/\/www.pallokarhut.fi\/jaakiekko\/wp-content\/uploads\/2024\/12\/Antidopingopas_2024.pdf\">Antidoping -opas 2024<\/a><\/li>\n<\/ul>\n","protected":false},"excerpt":{"rendered":"<p>Seuran yksi keskeisin tavoite on ohjata ja kasvattaa lapsia ja nuoria urheilullisiin el\u00e4m\u00e4ntapoihin. Urheilullinen el\u00e4m\u00e4ntapa on j\u00e4\u00e4kiekkoilijan el\u00e4m\u00e4n peruspilari, joka mahdollistaa edellytykset pelaamiselle sek\u00e4 pelaajauralle urheilijan omien tavoitteiden mukaisesti. Urheilullinen [&hellip;]<\/p>\n","protected":false},"author":1,"featured_media":0,"parent":0,"menu_order":0,"comment_status":"closed","ping_status":"closed","template":"","meta":{"footnotes":""},"class_list":["post-3201","page","type-page","status-publish","hentry"],"yoast_head":"<!-- This site is optimized with the Yoast SEO plugin v27.3 - https:\/\/yoast.com\/product\/yoast-seo-wordpress\/ -->\n<title>Urheilulliset el\u00e4m\u00e4ntavat - Pallokarhut J\u00e4\u00e4kiekko, Kuusamo<\/title>\n<meta name=\"robots\" content=\"index, follow, max-snippet:-1, max-image-preview:large, max-video-preview:-1\" \/>\n<link rel=\"canonical\" href=\"https:\/\/www.pallokarhut.fi\/jaakiekko\/urheilulliset-elamantavat\/\" \/>\n<meta property=\"og:locale\" content=\"fi_FI\" \/>\n<meta property=\"og:type\" content=\"article\" \/>\n<meta property=\"og:title\" content=\"Urheilulliset el\u00e4m\u00e4ntavat - Pallokarhut J\u00e4\u00e4kiekko, Kuusamo\" \/>\n<meta property=\"og:description\" content=\"Seuran yksi keskeisin tavoite on ohjata ja kasvattaa lapsia ja nuoria urheilullisiin el\u00e4m\u00e4ntapoihin. Urheilullinen el\u00e4m\u00e4ntapa on j\u00e4\u00e4kiekkoilijan el\u00e4m\u00e4n peruspilari, joka mahdollistaa edellytykset pelaamiselle sek\u00e4 pelaajauralle urheilijan omien tavoitteiden mukaisesti. Urheilullinen [&hellip;]\" \/>\n<meta property=\"og:url\" content=\"https:\/\/www.pallokarhut.fi\/jaakiekko\/urheilulliset-elamantavat\/\" \/>\n<meta property=\"og:site_name\" content=\"Pallokarhut J\u00e4\u00e4kiekko, Kuusamo\" \/>\n<meta property=\"article:publisher\" content=\"https:\/\/www.facebook.com\/profile.php?id=100041232415788\" \/>\n<meta property=\"article:modified_time\" content=\"2024-12-05T05:45:03+00:00\" \/>\n<meta property=\"og:image\" content=\"https:\/\/pallokarhut.fi\/jaakiekko\/wp-content\/uploads\/2023\/02\/pallokarhut-logo-iso-sin-tausta.jpg\" \/>\n\t<meta property=\"og:image:width\" content=\"1200\" \/>\n\t<meta property=\"og:image:height\" content=\"675\" \/>\n\t<meta property=\"og:image:type\" content=\"image\/jpeg\" \/>\n<meta name=\"twitter:card\" content=\"summary_large_image\" \/>\n<meta name=\"twitter:label1\" content=\"Arvioitu lukuaika\" \/>\n\t<meta name=\"twitter:data1\" content=\"1 minuutti\" \/>\n<script type=\"application\/ld+json\" class=\"yoast-schema-graph\">{\"@context\":\"https:\\\/\\\/schema.org\",\"@graph\":[{\"@type\":\"WebPage\",\"@id\":\"https:\\\/\\\/www.pallokarhut.fi\\\/jaakiekko\\\/urheilulliset-elamantavat\\\/\",\"url\":\"https:\\\/\\\/www.pallokarhut.fi\\\/jaakiekko\\\/urheilulliset-elamantavat\\\/\",\"name\":\"Urheilulliset el\u00e4m\u00e4ntavat - Pallokarhut J\u00e4\u00e4kiekko, Kuusamo\",\"isPartOf\":{\"@id\":\"https:\\\/\\\/www.pallokarhut.fi\\\/jaakiekko\\\/#website\"},\"datePublished\":\"2024-12-05T05:16:55+00:00\",\"dateModified\":\"2024-12-05T05:45:03+00:00\",\"breadcrumb\":{\"@id\":\"https:\\\/\\\/www.pallokarhut.fi\\\/jaakiekko\\\/urheilulliset-elamantavat\\\/#breadcrumb\"},\"inLanguage\":\"fi\",\"potentialAction\":[{\"@type\":\"ReadAction\",\"target\":[\"https:\\\/\\\/www.pallokarhut.fi\\\/jaakiekko\\\/urheilulliset-elamantavat\\\/\"]}]},{\"@type\":\"BreadcrumbList\",\"@id\":\"https:\\\/\\\/www.pallokarhut.fi\\\/jaakiekko\\\/urheilulliset-elamantavat\\\/#breadcrumb\",\"itemListElement\":[{\"@type\":\"ListItem\",\"position\":1,\"name\":\"Etusivu\",\"item\":\"https:\\\/\\\/www.pallokarhut.fi\\\/jaakiekko\\\/\"},{\"@type\":\"ListItem\",\"position\":2,\"name\":\"Urheilulliset el\u00e4m\u00e4ntavat\"}]},{\"@type\":\"WebSite\",\"@id\":\"https:\\\/\\\/www.pallokarhut.fi\\\/jaakiekko\\\/#website\",\"url\":\"https:\\\/\\\/www.pallokarhut.fi\\\/jaakiekko\\\/\",\"name\":\"Pallokarhut J\u00e4\u00e4kiekko, Kuusamo\",\"description\":\"Uusi harrastus lapsille, nuorille ja koko perheelle! - Pallokarhut J\u00e4\u00e4kiekko, Kuusamo\",\"publisher\":{\"@id\":\"https:\\\/\\\/www.pallokarhut.fi\\\/jaakiekko\\\/#organization\"},\"potentialAction\":[{\"@type\":\"SearchAction\",\"target\":{\"@type\":\"EntryPoint\",\"urlTemplate\":\"https:\\\/\\\/www.pallokarhut.fi\\\/jaakiekko\\\/?s={search_term_string}\"},\"query-input\":{\"@type\":\"PropertyValueSpecification\",\"valueRequired\":true,\"valueName\":\"search_term_string\"}}],\"inLanguage\":\"fi\"},{\"@type\":\"Organization\",\"@id\":\"https:\\\/\\\/www.pallokarhut.fi\\\/jaakiekko\\\/#organization\",\"name\":\"Pallo-Karhut, j\u00e4\u00e4kiekko\",\"url\":\"https:\\\/\\\/www.pallokarhut.fi\\\/jaakiekko\\\/\",\"logo\":{\"@type\":\"ImageObject\",\"inLanguage\":\"fi\",\"@id\":\"https:\\\/\\\/www.pallokarhut.fi\\\/jaakiekko\\\/#\\\/schema\\\/logo\\\/image\\\/\",\"url\":\"https:\\\/\\\/www.pallokarhut.fi\\\/jaakiekko\\\/wp-content\\\/uploads\\\/2023\\\/02\\\/pakalogo.svg\",\"contentUrl\":\"https:\\\/\\\/www.pallokarhut.fi\\\/jaakiekko\\\/wp-content\\\/uploads\\\/2023\\\/02\\\/pakalogo.svg\",\"width\":1,\"height\":1,\"caption\":\"Pallo-Karhut, j\u00e4\u00e4kiekko\"},\"image\":{\"@id\":\"https:\\\/\\\/www.pallokarhut.fi\\\/jaakiekko\\\/#\\\/schema\\\/logo\\\/image\\\/\"},\"sameAs\":[\"https:\\\/\\\/www.facebook.com\\\/profile.php?id=100041232415788\"]}]}<\/script>\n<!-- \/ Yoast SEO plugin. -->","yoast_head_json":{"title":"Urheilulliset el\u00e4m\u00e4ntavat - Pallokarhut J\u00e4\u00e4kiekko, Kuusamo","robots":{"index":"index","follow":"follow","max-snippet":"max-snippet:-1","max-image-preview":"max-image-preview:large","max-video-preview":"max-video-preview:-1"},"canonical":"https:\/\/www.pallokarhut.fi\/jaakiekko\/urheilulliset-elamantavat\/","og_locale":"fi_FI","og_type":"article","og_title":"Urheilulliset el\u00e4m\u00e4ntavat - Pallokarhut J\u00e4\u00e4kiekko, Kuusamo","og_description":"Seuran yksi keskeisin tavoite on ohjata ja kasvattaa lapsia ja nuoria urheilullisiin el\u00e4m\u00e4ntapoihin. Urheilullinen el\u00e4m\u00e4ntapa on j\u00e4\u00e4kiekkoilijan el\u00e4m\u00e4n peruspilari, joka mahdollistaa edellytykset pelaamiselle sek\u00e4 pelaajauralle urheilijan omien tavoitteiden mukaisesti. Urheilullinen [&hellip;]","og_url":"https:\/\/www.pallokarhut.fi\/jaakiekko\/urheilulliset-elamantavat\/","og_site_name":"Pallokarhut J\u00e4\u00e4kiekko, Kuusamo","article_publisher":"https:\/\/www.facebook.com\/profile.php?id=100041232415788","article_modified_time":"2024-12-05T05:45:03+00:00","og_image":[{"width":1200,"height":675,"url":"https:\/\/pallokarhut.fi\/jaakiekko\/wp-content\/uploads\/2023\/02\/pallokarhut-logo-iso-sin-tausta.jpg","type":"image\/jpeg"}],"twitter_card":"summary_large_image","twitter_misc":{"Arvioitu lukuaika":"1 minuutti"},"schema":{"@context":"https:\/\/schema.org","@graph":[{"@type":"WebPage","@id":"https:\/\/www.pallokarhut.fi\/jaakiekko\/urheilulliset-elamantavat\/","url":"https:\/\/www.pallokarhut.fi\/jaakiekko\/urheilulliset-elamantavat\/","name":"Urheilulliset el\u00e4m\u00e4ntavat - Pallokarhut J\u00e4\u00e4kiekko, Kuusamo","isPartOf":{"@id":"https:\/\/www.pallokarhut.fi\/jaakiekko\/#website"},"datePublished":"2024-12-05T05:16:55+00:00","dateModified":"2024-12-05T05:45:03+00:00","breadcrumb":{"@id":"https:\/\/www.pallokarhut.fi\/jaakiekko\/urheilulliset-elamantavat\/#breadcrumb"},"inLanguage":"fi","potentialAction":[{"@type":"ReadAction","target":["https:\/\/www.pallokarhut.fi\/jaakiekko\/urheilulliset-elamantavat\/"]}]},{"@type":"BreadcrumbList","@id":"https:\/\/www.pallokarhut.fi\/jaakiekko\/urheilulliset-elamantavat\/#breadcrumb","itemListElement":[{"@type":"ListItem","position":1,"name":"Etusivu","item":"https:\/\/www.pallokarhut.fi\/jaakiekko\/"},{"@type":"ListItem","position":2,"name":"Urheilulliset el\u00e4m\u00e4ntavat"}]},{"@type":"WebSite","@id":"https:\/\/www.pallokarhut.fi\/jaakiekko\/#website","url":"https:\/\/www.pallokarhut.fi\/jaakiekko\/","name":"Pallokarhut J\u00e4\u00e4kiekko, Kuusamo","description":"Uusi harrastus lapsille, nuorille ja koko perheelle! - Pallokarhut J\u00e4\u00e4kiekko, Kuusamo","publisher":{"@id":"https:\/\/www.pallokarhut.fi\/jaakiekko\/#organization"},"potentialAction":[{"@type":"SearchAction","target":{"@type":"EntryPoint","urlTemplate":"https:\/\/www.pallokarhut.fi\/jaakiekko\/?s={search_term_string}"},"query-input":{"@type":"PropertyValueSpecification","valueRequired":true,"valueName":"search_term_string"}}],"inLanguage":"fi"},{"@type":"Organization","@id":"https:\/\/www.pallokarhut.fi\/jaakiekko\/#organization","name":"Pallo-Karhut, j\u00e4\u00e4kiekko","url":"https:\/\/www.pallokarhut.fi\/jaakiekko\/","logo":{"@type":"ImageObject","inLanguage":"fi","@id":"https:\/\/www.pallokarhut.fi\/jaakiekko\/#\/schema\/logo\/image\/","url":"https:\/\/www.pallokarhut.fi\/jaakiekko\/wp-content\/uploads\/2023\/02\/pakalogo.svg","contentUrl":"https:\/\/www.pallokarhut.fi\/jaakiekko\/wp-content\/uploads\/2023\/02\/pakalogo.svg","width":1,"height":1,"caption":"Pallo-Karhut, j\u00e4\u00e4kiekko"},"image":{"@id":"https:\/\/www.pallokarhut.fi\/jaakiekko\/#\/schema\/logo\/image\/"},"sameAs":["https:\/\/www.facebook.com\/profile.php?id=100041232415788"]}]}},"_links":{"self":[{"href":"https:\/\/pallokarhut.fi\/jaakiekko\/wp-json\/wp\/v2\/pages\/3201","targetHints":{"allow":["GET"]}}],"collection":[{"href":"https:\/\/pallokarhut.fi\/jaakiekko\/wp-json\/wp\/v2\/pages"}],"about":[{"href":"https:\/\/pallokarhut.fi\/jaakiekko\/wp-json\/wp\/v2\/types\/page"}],"author":[{"embeddable":true,"href":"https:\/\/pallokarhut.fi\/jaakiekko\/wp-json\/wp\/v2\/users\/1"}],"replies":[{"embeddable":true,"href":"https:\/\/pallokarhut.fi\/jaakiekko\/wp-json\/wp\/v2\/comments?post=3201"}],"version-history":[{"count":0,"href":"https:\/\/pallokarhut.fi\/jaakiekko\/wp-json\/wp\/v2\/pages\/3201\/revisions"}],"wp:attachment":[{"href":"https:\/\/pallokarhut.fi\/jaakiekko\/wp-json\/wp\/v2\/media?parent=3201"}],"curies":[{"name":"wp","href":"https:\/\/api.w.org\/{rel}","templated":true}]}}