{"id":275,"date":"2022-02-13T17:59:55","date_gmt":"2022-02-13T15:59:55","guid":{"rendered":"http:\/\/www.pallokarhut.fi\/jaakiekko\/?p=275"},"modified":"2025-07-26T08:24:00","modified_gmt":"2025-07-26T05:24:00","slug":"joukkueet-ja-muut-ryhmaet-2024-2025","status":"publish","type":"page","link":"https:\/\/pallokarhut.fi\/jaakiekko\/joukkueet-ja-muut-ryhmaet-2024-2025\/","title":{"rendered":"Joukkueet ja ryhm\u00e4toiminta 2024-2025"},"content":{"rendered":"<h1>\n<p>Joukkueet ja ryhm\u00e4toiminta 2025-2026<\/p>\n<\/h1>\n<div>\n<p>J\u00e4\u00e4kausi starttaa EVO Areenalla elokuussa. P\u00e4ivittyv\u00e4t j\u00e4\u00e4harjoitusajat joukkuesivuilta ja <a href=\"http:\/\/www.pallokarhut.fi\/jaakiekko\/jaaharjoitusajat\/\">t\u00e4\u00e4lt\u00e4<\/a>.<\/p>\n<div property=\"text\">\n<h3>PaKa J\u00e4\u00e4kiekko ry:n joukkueet<\/h3>\n<ul>\n<li><a href=\"https:\/\/www.pallokarhut.fi\/jaakiekko\/junnut-u8\/\">U8<\/a> v. 2018 syntyneet ja nuoremmat<\/li>\n<li><a href=\"https:\/\/www.pallokarhut.fi\/jaakiekko\/junnut-u9\/\">U9<\/a> v. 2017 syntyneet<\/li>\n<li><a href=\"https:\/\/www.pallokarhut.fi\/jaakiekko\/junnut-u10\/\">U10<\/a> v. 2016 syntyneet<\/li>\n<li><a href=\"https:\/\/www.pallokarhut.fi\/jaakiekko\/junnut-u11\/\">U11<\/a> v. 2015 syntyneet<\/li>\n<li>N12\u00a0<\/li>\n<li><a href=\"https:\/\/www.pallokarhut.fi\/jaakiekko\/junnut-u13\/\">U13<\/a> v.2013 syntyneet<\/li>\n<li><a href=\"https:\/\/www.pallokarhut.fi\/jaakiekko\/junnut-u14\/\">U14<\/a> v. 2011-2010 syntyneet<\/li>\n<li><a href=\"https:\/\/www.pallokarhut.fi\/jaakiekko\/junnut-u15\/\">U15<\/a><\/li>\n<li><a href=\"https:\/\/www.pallokarhut.fi\/jaakiekko\/n15-ja-mimmit\/\">N15<\/a><\/li>\n<li><a href=\"https:\/\/www.pallokarhut.fi\/jaakiekko\/junnut-u18\/\">U18<\/a><\/li>\n<li><a href=\"https:\/\/www.pallokarhut.fi\/jaakiekko\/edustusjoukkue\/\">Edustusjoukkue<\/a><\/li>\n<\/ul>\n<h3>PaKa J\u00e4\u00e4kiekko ry:n ryhm\u00e4toiminta\u00a0<\/h3>\n<ul>\n<li><a href=\"https:\/\/www.pallokarhut.fi\/jaakiekko\/luistelukoulu-ja-leijona-kiekkokoulu\/\">Luistelukoulu<\/a> 4-10-vuotiaille<\/li>\n<li><a href=\"https:\/\/www.pallokarhut.fi\/jaakiekko\/luistelukoulu-ja-leijona-kiekkokoulu\/\">Leijona-Kiekkokoulu<\/a> 4-10 vuotiaille<\/li>\n<li><a href=\"https:\/\/www.pallokarhut.fi\/jaakiekko\/luistelukoulu-ja-leijona-kiekkokoulu\/\">Tytt\u00f6kiekkokoulu<\/a><\/li>\n<li><a href=\"https:\/\/www.pallokarhut.fi\/jaakiekko\/n15-ja-mimmit\/\">Mimmit<\/a><\/li>\n<li><a href=\"http:\/\/www.pallokarhut.fi\/jaakiekko\/harrastekiekko\/\" target=\"_blank\" rel=\"noopener noreferrer\">Harrastekiekko<\/a> 10-17-vuotiaille<\/li>\n<li>Aikuisten kiekkokoulu (harjoitusajat tiedossa my\u00f6hemmin syksyll\u00e4)<\/li>\n<\/ul>\n<p>J\u00e4rjest\u00e4mme joukkue- ja sarjatoiminnan sek\u00e4 ryhm\u00e4toiminnan lis\u00e4ksi erilaisia tapahtumia, kuten perhe- ja tytt\u00f6kiekkotapahtumat.<\/p>\n<\/div>\n<\/div>\n<p><!--more--><br \/>\n<!-- {\"type\":\"layout\",\"children\":[{\"type\":\"section\",\"props\":{\"image_position\":\"center-center\",\"style\":\"default\",\"title_breakpoint\":\"xl\",\"title_position\":\"top-left\",\"title_rotation\":\"left\",\"vertical_align\":\"\",\"width\":\"xsmall\"},\"children\":[{\"type\":\"row\",\"children\":[{\"type\":\"column\",\"props\":{\"image_position\":\"center-center\",\"position_sticky_breakpoint\":\"m\"},\"children\":[{\"type\":\"headline\",\"props\":{\"content\":\"\n\n<p>Joukkueet ja ryhm\\u00e4toiminta 2025-2026<\\\/p>\",\"title_element\":\"h1\"}},{\"type\":\"text\",\"props\":{\"column_breakpoint\":\"m\",\"content\":\"\n\n<p>J\\u00e4\\u00e4kausi starttaa EVO Areenalla elokuussa. P\\u00e4ivittyv\\u00e4t j\\u00e4\\u00e4harjoitusajat joukkuesivuilta ja <a href=\\\"http:\\\/\\\/www.pallokarhut.fi\\\/jaakiekko\\\/jaaharjoitusajat\\\/\\\">t\\u00e4\\u00e4lt\\u00e4<\\\/a>.<\\\/p>\\n\n\n<div property=\\\"text\\\">\\n\n\n<h3>PaKa J\\u00e4\\u00e4kiekko ry:n joukkueet<\\\/h3>\\n\n\n<ul>\\n\n\n<li><a href=\\\"https:\\\/\\\/www.pallokarhut.fi\\\/jaakiekko\\\/junnut-u8\\\/\\\">U8<\\\/a> v. 2018 syntyneet ja nuoremmat<\\\/li>\\n\n\n<li><a href=\\\"https:\\\/\\\/www.pallokarhut.fi\\\/jaakiekko\\\/junnut-u9\\\/\\\">U9<\\\/a> v. 2017 syntyneet<\\\/li>\\n\n\n<li><a href=\\\"https:\\\/\\\/www.pallokarhut.fi\\\/jaakiekko\\\/junnut-u10\\\/\\\">U10<\\\/a> v. 2016 syntyneet<\\\/li>\\n\n\n<li><a href=\\\"https:\\\/\\\/www.pallokarhut.fi\\\/jaakiekko\\\/junnut-u11\\\/\\\">U11<\\\/a> v. 2015 syntyneet<\\\/li>\\n\n\n<li>N12\\u00a0<\\\/li>\\n\n\n<li><a href=\\\"https:\\\/\\\/www.pallokarhut.fi\\\/jaakiekko\\\/junnut-u13\\\/\\\">U13<\\\/a> v.2013 syntyneet<\\\/li>\\n\n\n<li><a href=\\\"https:\\\/\\\/www.pallokarhut.fi\\\/jaakiekko\\\/junnut-u14\\\/\\\">U14<\\\/a> v. 2011-2010 syntyneet<\\\/li>\\n\n\n<li><a href=\\\"https:\\\/\\\/www.pallokarhut.fi\\\/jaakiekko\\\/junnut-u15\\\/\\\">U15<\\\/a><\\\/li>\\n\n\n<li><a href=\\\"https:\\\/\\\/www.pallokarhut.fi\\\/jaakiekko\\\/n15-ja-mimmit\\\/\\\">N15<\\\/a><\\\/li>\\n\n\n<li><a href=\\\"https:\\\/\\\/www.pallokarhut.fi\\\/jaakiekko\\\/junnut-u18\\\/\\\">U18<\\\/a><\\\/li>\\n\n\n<li><a href=\\\"https:\\\/\\\/www.pallokarhut.fi\\\/jaakiekko\\\/edustusjoukkue\\\/\\\">Edustusjoukkue<\\\/a><\\\/li>\\n<\\\/ul>\\n\n\n<h3>PaKa J\\u00e4\\u00e4kiekko ry:n ryhm\\u00e4toiminta\\u00a0<\\\/h3>\\n\n\n<ul>\\n\n\n<li><a href=\\\"https:\\\/\\\/www.pallokarhut.fi\\\/jaakiekko\\\/luistelukoulu-ja-leijona-kiekkokoulu\\\/\\\">Luistelukoulu<\\\/a> 4-10-vuotiaille<\\\/li>\\n\n\n<li><a href=\\\"https:\\\/\\\/www.pallokarhut.fi\\\/jaakiekko\\\/luistelukoulu-ja-leijona-kiekkokoulu\\\/\\\">Leijona-Kiekkokoulu<\\\/a> 4-10 vuotiaille<\\\/li>\\n\n\n<li><a href=\\\"https:\\\/\\\/www.pallokarhut.fi\\\/jaakiekko\\\/luistelukoulu-ja-leijona-kiekkokoulu\\\/\\\">Tytt\\u00f6kiekkokoulu<\\\/a><\\\/li>\\n\n\n<li><a href=\\\"https:\\\/\\\/www.pallokarhut.fi\\\/jaakiekko\\\/n15-ja-mimmit\\\/\\\">Mimmit<\\\/a><\\\/li>\\n\n\n<li><a href=\\\"http:\\\/\\\/www.pallokarhut.fi\\\/jaakiekko\\\/harrastekiekko\\\/\\\" target=\\\"_blank\\\" rel=\\\"noopener noreferrer\\\">Harrastekiekko<\\\/a> 10-17-vuotiaille<\\\/li>\\n\n\n<li>Aikuisten kiekkokoulu (harjoitusajat tiedossa my\\u00f6hemmin syksyll\\u00e4)<\\\/li>\\n<\\\/ul>\\n\n\n<p>J\\u00e4rjest\\u00e4mme joukkue- ja sarjatoiminnan sek\\u00e4 ryhm\\u00e4toiminnan lis\\u00e4ksi erilaisia tapahtumia, kuten perhe- ja tytt\\u00f6kiekkotapahtumat.<\\\/p>\\n<\\\/div>\",\"margin\":\"default\"}}]}]}]}],\"version\":\"4.5.19\"} --><\/p>\n","protected":false},"excerpt":{"rendered":"<p>Joukkueet ja ryhm\u00e4toiminta 2025-2026 J\u00e4\u00e4kausi starttaa EVO Areenalla elokuussa. P\u00e4ivittyv\u00e4t j\u00e4\u00e4harjoitusajat joukkuesivuilta ja t\u00e4\u00e4lt\u00e4. PaKa J\u00e4\u00e4kiekko ry:n joukkueet U8 v. 2018 syntyneet ja nuoremmat U9 v. 2017 syntyneet U10 v. [&hellip;]<\/p>\n","protected":false},"author":1,"featured_media":0,"parent":0,"menu_order":1,"comment_status":"closed","ping_status":"closed","template":"","meta":{"footnotes":""},"class_list":["post-275","page","type-page","status-publish","hentry"],"yoast_head":"<!-- This site is optimized with the Yoast SEO plugin v27.3 - https:\/\/yoast.com\/product\/yoast-seo-wordpress\/ -->\n<title>Joukkueet ja ryhm\u00e4toiminta 2024-2025 - Pallokarhut J\u00e4\u00e4kiekko, Kuusamo<\/title>\n<meta name=\"robots\" content=\"index, follow, max-snippet:-1, max-image-preview:large, max-video-preview:-1\" \/>\n<link rel=\"canonical\" href=\"https:\/\/www.pallokarhut.fi\/jaakiekko\/joukkueet-ja-muut-ryhmaet-2024-2025\/\" \/>\n<meta property=\"og:locale\" content=\"fi_FI\" \/>\n<meta property=\"og:type\" content=\"article\" \/>\n<meta property=\"og:title\" content=\"Joukkueet ja ryhm\u00e4toiminta 2024-2025 - Pallokarhut J\u00e4\u00e4kiekko, Kuusamo\" \/>\n<meta property=\"og:description\" content=\"Joukkueet ja ryhm\u00e4toiminta 2025-2026 J\u00e4\u00e4kausi starttaa EVO Areenalla elokuussa. P\u00e4ivittyv\u00e4t j\u00e4\u00e4harjoitusajat joukkuesivuilta ja t\u00e4\u00e4lt\u00e4. PaKa J\u00e4\u00e4kiekko ry:n joukkueet U8 v. 2018 syntyneet ja nuoremmat U9 v. 2017 syntyneet U10 v. [&hellip;]\" \/>\n<meta property=\"og:url\" content=\"https:\/\/www.pallokarhut.fi\/jaakiekko\/joukkueet-ja-muut-ryhmaet-2024-2025\/\" \/>\n<meta property=\"og:site_name\" content=\"Pallokarhut J\u00e4\u00e4kiekko, Kuusamo\" \/>\n<meta property=\"article:publisher\" content=\"https:\/\/www.facebook.com\/profile.php?id=100041232415788\" \/>\n<meta property=\"article:modified_time\" content=\"2025-07-26T05:24:00+00:00\" \/>\n<meta property=\"og:image\" content=\"https:\/\/pallokarhut.fi\/jaakiekko\/wp-content\/uploads\/2023\/02\/pallokarhut-logo-iso-sin-tausta.jpg\" \/>\n\t<meta property=\"og:image:width\" content=\"1200\" \/>\n\t<meta property=\"og:image:height\" content=\"675\" \/>\n\t<meta property=\"og:image:type\" content=\"image\/jpeg\" \/>\n<meta name=\"twitter:card\" content=\"summary_large_image\" \/>\n<meta name=\"twitter:label1\" content=\"Arvioitu lukuaika\" \/>\n\t<meta name=\"twitter:data1\" content=\"1 minuutti\" \/>\n<script type=\"application\/ld+json\" class=\"yoast-schema-graph\">{\"@context\":\"https:\\\/\\\/schema.org\",\"@graph\":[{\"@type\":\"WebPage\",\"@id\":\"https:\\\/\\\/www.pallokarhut.fi\\\/jaakiekko\\\/joukkueet-ja-muut-ryhmaet-2024-2025\\\/\",\"url\":\"https:\\\/\\\/www.pallokarhut.fi\\\/jaakiekko\\\/joukkueet-ja-muut-ryhmaet-2024-2025\\\/\",\"name\":\"Joukkueet ja ryhm\u00e4toiminta 2024-2025 - Pallokarhut J\u00e4\u00e4kiekko, Kuusamo\",\"isPartOf\":{\"@id\":\"https:\\\/\\\/www.pallokarhut.fi\\\/jaakiekko\\\/#website\"},\"datePublished\":\"2022-02-13T15:59:55+00:00\",\"dateModified\":\"2025-07-26T05:24:00+00:00\",\"breadcrumb\":{\"@id\":\"https:\\\/\\\/www.pallokarhut.fi\\\/jaakiekko\\\/joukkueet-ja-muut-ryhmaet-2024-2025\\\/#breadcrumb\"},\"inLanguage\":\"fi\",\"potentialAction\":[{\"@type\":\"ReadAction\",\"target\":[\"https:\\\/\\\/www.pallokarhut.fi\\\/jaakiekko\\\/joukkueet-ja-muut-ryhmaet-2024-2025\\\/\"]}]},{\"@type\":\"BreadcrumbList\",\"@id\":\"https:\\\/\\\/www.pallokarhut.fi\\\/jaakiekko\\\/joukkueet-ja-muut-ryhmaet-2024-2025\\\/#breadcrumb\",\"itemListElement\":[{\"@type\":\"ListItem\",\"position\":1,\"name\":\"Etusivu\",\"item\":\"https:\\\/\\\/www.pallokarhut.fi\\\/jaakiekko\\\/\"},{\"@type\":\"ListItem\",\"position\":2,\"name\":\"Joukkueet ja ryhm\u00e4toiminta 2024-2025\"}]},{\"@type\":\"WebSite\",\"@id\":\"https:\\\/\\\/www.pallokarhut.fi\\\/jaakiekko\\\/#website\",\"url\":\"https:\\\/\\\/www.pallokarhut.fi\\\/jaakiekko\\\/\",\"name\":\"Pallokarhut J\u00e4\u00e4kiekko, Kuusamo\",\"description\":\"Uusi harrastus lapsille, nuorille ja koko perheelle! - Pallokarhut J\u00e4\u00e4kiekko, Kuusamo\",\"publisher\":{\"@id\":\"https:\\\/\\\/www.pallokarhut.fi\\\/jaakiekko\\\/#organization\"},\"potentialAction\":[{\"@type\":\"SearchAction\",\"target\":{\"@type\":\"EntryPoint\",\"urlTemplate\":\"https:\\\/\\\/www.pallokarhut.fi\\\/jaakiekko\\\/?s={search_term_string}\"},\"query-input\":{\"@type\":\"PropertyValueSpecification\",\"valueRequired\":true,\"valueName\":\"search_term_string\"}}],\"inLanguage\":\"fi\"},{\"@type\":\"Organization\",\"@id\":\"https:\\\/\\\/www.pallokarhut.fi\\\/jaakiekko\\\/#organization\",\"name\":\"Pallo-Karhut, j\u00e4\u00e4kiekko\",\"url\":\"https:\\\/\\\/www.pallokarhut.fi\\\/jaakiekko\\\/\",\"logo\":{\"@type\":\"ImageObject\",\"inLanguage\":\"fi\",\"@id\":\"https:\\\/\\\/www.pallokarhut.fi\\\/jaakiekko\\\/#\\\/schema\\\/logo\\\/image\\\/\",\"url\":\"https:\\\/\\\/www.pallokarhut.fi\\\/jaakiekko\\\/wp-content\\\/uploads\\\/2023\\\/02\\\/pakalogo.svg\",\"contentUrl\":\"https:\\\/\\\/www.pallokarhut.fi\\\/jaakiekko\\\/wp-content\\\/uploads\\\/2023\\\/02\\\/pakalogo.svg\",\"width\":1,\"height\":1,\"caption\":\"Pallo-Karhut, j\u00e4\u00e4kiekko\"},\"image\":{\"@id\":\"https:\\\/\\\/www.pallokarhut.fi\\\/jaakiekko\\\/#\\\/schema\\\/logo\\\/image\\\/\"},\"sameAs\":[\"https:\\\/\\\/www.facebook.com\\\/profile.php?id=100041232415788\"]}]}<\/script>\n<!-- \/ Yoast SEO plugin. -->","yoast_head_json":{"title":"Joukkueet ja ryhm\u00e4toiminta 2024-2025 - Pallokarhut J\u00e4\u00e4kiekko, Kuusamo","robots":{"index":"index","follow":"follow","max-snippet":"max-snippet:-1","max-image-preview":"max-image-preview:large","max-video-preview":"max-video-preview:-1"},"canonical":"https:\/\/www.pallokarhut.fi\/jaakiekko\/joukkueet-ja-muut-ryhmaet-2024-2025\/","og_locale":"fi_FI","og_type":"article","og_title":"Joukkueet ja ryhm\u00e4toiminta 2024-2025 - Pallokarhut J\u00e4\u00e4kiekko, Kuusamo","og_description":"Joukkueet ja ryhm\u00e4toiminta 2025-2026 J\u00e4\u00e4kausi starttaa EVO Areenalla elokuussa. P\u00e4ivittyv\u00e4t j\u00e4\u00e4harjoitusajat joukkuesivuilta ja t\u00e4\u00e4lt\u00e4. PaKa J\u00e4\u00e4kiekko ry:n joukkueet U8 v. 2018 syntyneet ja nuoremmat U9 v. 2017 syntyneet U10 v. [&hellip;]","og_url":"https:\/\/www.pallokarhut.fi\/jaakiekko\/joukkueet-ja-muut-ryhmaet-2024-2025\/","og_site_name":"Pallokarhut J\u00e4\u00e4kiekko, Kuusamo","article_publisher":"https:\/\/www.facebook.com\/profile.php?id=100041232415788","article_modified_time":"2025-07-26T05:24:00+00:00","og_image":[{"width":1200,"height":675,"url":"https:\/\/pallokarhut.fi\/jaakiekko\/wp-content\/uploads\/2023\/02\/pallokarhut-logo-iso-sin-tausta.jpg","type":"image\/jpeg"}],"twitter_card":"summary_large_image","twitter_misc":{"Arvioitu lukuaika":"1 minuutti"},"schema":{"@context":"https:\/\/schema.org","@graph":[{"@type":"WebPage","@id":"https:\/\/www.pallokarhut.fi\/jaakiekko\/joukkueet-ja-muut-ryhmaet-2024-2025\/","url":"https:\/\/www.pallokarhut.fi\/jaakiekko\/joukkueet-ja-muut-ryhmaet-2024-2025\/","name":"Joukkueet ja ryhm\u00e4toiminta 2024-2025 - Pallokarhut J\u00e4\u00e4kiekko, Kuusamo","isPartOf":{"@id":"https:\/\/www.pallokarhut.fi\/jaakiekko\/#website"},"datePublished":"2022-02-13T15:59:55+00:00","dateModified":"2025-07-26T05:24:00+00:00","breadcrumb":{"@id":"https:\/\/www.pallokarhut.fi\/jaakiekko\/joukkueet-ja-muut-ryhmaet-2024-2025\/#breadcrumb"},"inLanguage":"fi","potentialAction":[{"@type":"ReadAction","target":["https:\/\/www.pallokarhut.fi\/jaakiekko\/joukkueet-ja-muut-ryhmaet-2024-2025\/"]}]},{"@type":"BreadcrumbList","@id":"https:\/\/www.pallokarhut.fi\/jaakiekko\/joukkueet-ja-muut-ryhmaet-2024-2025\/#breadcrumb","itemListElement":[{"@type":"ListItem","position":1,"name":"Etusivu","item":"https:\/\/www.pallokarhut.fi\/jaakiekko\/"},{"@type":"ListItem","position":2,"name":"Joukkueet ja ryhm\u00e4toiminta 2024-2025"}]},{"@type":"WebSite","@id":"https:\/\/www.pallokarhut.fi\/jaakiekko\/#website","url":"https:\/\/www.pallokarhut.fi\/jaakiekko\/","name":"Pallokarhut J\u00e4\u00e4kiekko, Kuusamo","description":"Uusi harrastus lapsille, nuorille ja koko perheelle! - Pallokarhut J\u00e4\u00e4kiekko, Kuusamo","publisher":{"@id":"https:\/\/www.pallokarhut.fi\/jaakiekko\/#organization"},"potentialAction":[{"@type":"SearchAction","target":{"@type":"EntryPoint","urlTemplate":"https:\/\/www.pallokarhut.fi\/jaakiekko\/?s={search_term_string}"},"query-input":{"@type":"PropertyValueSpecification","valueRequired":true,"valueName":"search_term_string"}}],"inLanguage":"fi"},{"@type":"Organization","@id":"https:\/\/www.pallokarhut.fi\/jaakiekko\/#organization","name":"Pallo-Karhut, j\u00e4\u00e4kiekko","url":"https:\/\/www.pallokarhut.fi\/jaakiekko\/","logo":{"@type":"ImageObject","inLanguage":"fi","@id":"https:\/\/www.pallokarhut.fi\/jaakiekko\/#\/schema\/logo\/image\/","url":"https:\/\/www.pallokarhut.fi\/jaakiekko\/wp-content\/uploads\/2023\/02\/pakalogo.svg","contentUrl":"https:\/\/www.pallokarhut.fi\/jaakiekko\/wp-content\/uploads\/2023\/02\/pakalogo.svg","width":1,"height":1,"caption":"Pallo-Karhut, j\u00e4\u00e4kiekko"},"image":{"@id":"https:\/\/www.pallokarhut.fi\/jaakiekko\/#\/schema\/logo\/image\/"},"sameAs":["https:\/\/www.facebook.com\/profile.php?id=100041232415788"]}]}},"_links":{"self":[{"href":"https:\/\/pallokarhut.fi\/jaakiekko\/wp-json\/wp\/v2\/pages\/275","targetHints":{"allow":["GET"]}}],"collection":[{"href":"https:\/\/pallokarhut.fi\/jaakiekko\/wp-json\/wp\/v2\/pages"}],"about":[{"href":"https:\/\/pallokarhut.fi\/jaakiekko\/wp-json\/wp\/v2\/types\/page"}],"author":[{"embeddable":true,"href":"https:\/\/pallokarhut.fi\/jaakiekko\/wp-json\/wp\/v2\/users\/1"}],"replies":[{"embeddable":true,"href":"https:\/\/pallokarhut.fi\/jaakiekko\/wp-json\/wp\/v2\/comments?post=275"}],"version-history":[{"count":0,"href":"https:\/\/pallokarhut.fi\/jaakiekko\/wp-json\/wp\/v2\/pages\/275\/revisions"}],"wp:attachment":[{"href":"https:\/\/pallokarhut.fi\/jaakiekko\/wp-json\/wp\/v2\/media?parent=275"}],"curies":[{"name":"wp","href":"https:\/\/api.w.org\/{rel}","templated":true}]}}