{"id":255,"date":"2019-05-30T13:06:48","date_gmt":"2019-05-30T10:06:48","guid":{"rendered":"http:\/\/www.pallokarhut.fi\/jaakiekko\/?p=255"},"modified":"2026-01-11T00:10:44","modified_gmt":"2026-01-10T22:10:44","slug":"junnut-u11","status":"publish","type":"page","link":"https:\/\/pallokarhut.fi\/jaakiekko\/junnut-u11\/","title":{"rendered":"Junnut U11"},"content":{"rendered":"<h1>U11<\/h1>\n<p><img decoding=\"async\" src=\"\/jaakiekko\/wp-content\/uploads\/2023\/01\/etoleyksin_logo.svg\" alt=\"etoleyksin\"><br \/>\n<img decoding=\"async\" src=\"\/jaakiekko\/wp-content\/uploads\/2026\/01\/U11-scaled.jpeg\" alt=\"u9 2022 2023\"><\/p>\n<div>\n<p><strong>Pelaajat 2025-2026<br \/><\/strong>Aikio Otto<br \/>Aikio Topias<br \/>Heikkinen Niko<br \/>Hoikkala Topi<br \/>Huotari Eevi<br \/>H\u00e4meenniemi Julius<br \/>Ker\u00e4nen Herkko<br \/>Korhonen Severi<br \/>Kouri Emmi<br \/>Kynsij\u00e4rvi Eemeli<br \/>Parkkinen Mirja<br \/>Pitk\u00e4nen Minttu<br \/>Poussu Topias<br \/>Rytioja Alma<br \/>Suoraj\u00e4rvi Netta<br \/>T\u00f6rm\u00e4nen Eetu<br \/>\u00c4mm\u00e4l\u00e4 Luka<\/p>\n<p><strong>Katso joukkueen otteluohjelma <a href=\"https:\/\/tulospalvelu.leijonat.fi\/serie\/?lang=fi\">t\u00e4\u00e4lt\u00e4<\/a><\/strong><\/p>\n<\/div>\n<div>\n<p><strong>Vastuuvalmentaja<\/strong><br \/>Markku Heikkinen<\/p>\n<p><b>Valmentaja<br \/><\/b>Markku Aikio (MV:t)<br \/>Marko T\u00f6rm\u00e4nen<br \/>Matti Kynsij\u00e4rvi\u00a0<\/p>\n<p><b><\/b><strong>Joukkueenjohtaja<\/strong><br \/>Jukka Rytioja (puh 044 056 2265)<\/p>\n<p><b>Huoltajat<br \/><\/b>Suvi H\u00e4meenniemi<br \/>Jenniina Nevala (Ea-vastaava)<br \/>Eija Leinonen (Ea-vastaava)<\/p>\n<p><strong>J\u00e4\u00e4harjoitusajat kaudella 2025-2026<\/strong><br \/>Maanantai klo 17:15-18:15<br \/>Torstai klo 17:25-18:25<\/p>\n<\/div>\n<p><!--more--><br \/>\n<!-- {\"type\":\"layout\",\"children\":[{\"type\":\"section\",\"props\":{\"animation\":\"slide-left\",\"image_position\":\"center-center\",\"padding\":\"none\",\"style\":\"default\",\"title_breakpoint\":\"xl\",\"title_position\":\"top-left\",\"title_rotation\":\"left\",\"vertical_align\":\"\",\"width\":\"\"},\"children\":[{\"type\":\"row\",\"props\":{\"column_gap\":\"collapse\",\"layout\":\"1-3,2-3\",\"row_gap\":\"collapse\"},\"children\":[{\"type\":\"column\",\"props\":{\"image_position\":\"center-center\",\"position_sticky_breakpoint\":\"m\",\"style\":\"tile-primary\",\"vertical_align\":\"middle\",\"width_medium\":\"1-3\"},\"children\":[{\"type\":\"headline\",\"props\":{\"content\":\"U11\",\"text_align\":\"center\",\"title_element\":\"h1\",\"title_style\":\"heading-small\"}},{\"type\":\"image\",\"props\":{\"image\":\"wp-content\\\/uploads\\\/2023\\\/01\\\/etoleyksin_logo.svg\",\"image_alt\":\"etoleyksin\",\"image_svg_color\":\"emphasis\",\"image_width\":\"180\",\"margin\":\"default\",\"text_align\":\"center\"},\"name\":\"et ole yksin\"}]},{\"type\":\"column\",\"props\":{\"image_position\":\"center-center\",\"position_sticky_breakpoint\":\"m\",\"width_medium\":\"2-3\"},\"children\":[{\"type\":\"image\",\"props\":{\"image\":\"wp-content\\\/uploads\\\/2026\\\/01\\\/U11-scaled.jpeg\",\"image_alt\":\"u9 2022 2023\",\"image_height\":\"800\",\"image_svg_color\":\"emphasis\",\"image_width\":\"1600\",\"margin\":\"default\",\"text_align\":\"center\"}}]}]}]},{\"type\":\"section\",\"props\":{\"image_position\":\"center-center\",\"style\":\"default\",\"title_breakpoint\":\"xl\",\"title_position\":\"top-left\",\"title_rotation\":\"left\",\"vertical_align\":\"\",\"width\":\"small\"},\"children\":[{\"type\":\"row\",\"props\":{\"layout\":\"1-2,1-2\"},\"children\":[{\"type\":\"column\",\"props\":{\"image_position\":\"center-center\",\"position_sticky_breakpoint\":\"m\",\"width_medium\":\"1-2\",\"width_small\":\"1-2\"},\"children\":[{\"type\":\"text\",\"props\":{\"column_breakpoint\":\"m\",\"content\":\"\n\n<p><strong>Pelaajat 2025-2026<br \\\/><\\\/strong>Aikio Otto<br \\\/>Aikio Topias<br \\\/>Heikkinen Niko<br \\\/>Hoikkala Topi<br \\\/>Huotari Eevi<br \\\/>H\\u00e4meenniemi Julius<br \\\/>Ker\\u00e4nen Herkko<br \\\/>Korhonen Severi<br \\\/>Kouri Emmi<br \\\/>Kynsij\\u00e4rvi Eemeli<br \\\/>Parkkinen Mirja<br \\\/>Pitk\\u00e4nen Minttu<br \\\/>Poussu Topias<br \\\/>Rytioja Alma<br \\\/>Suoraj\\u00e4rvi Netta<br \\\/>T\\u00f6rm\\u00e4nen Eetu<br \\\/>\\u00c4mm\\u00e4l\\u00e4 Luka<br \\\/><br \\\/><strong>Katso joukkueen otteluohjelma <a href=\\\"https:\\\/\\\/tulospalvelu.leijonat.fi\\\/serie\\\/?lang=fi\\\">t\\u00e4\\u00e4lt\\u00e4<\\\/a><\\\/strong><\\\/p>\",\"margin\":\"default\"}}]},{\"type\":\"column\",\"props\":{\"image_position\":\"center-center\",\"position_sticky_breakpoint\":\"m\",\"width_medium\":\"1-2\",\"width_small\":\"1-2\"},\"children\":[{\"type\":\"text\",\"props\":{\"column_breakpoint\":\"m\",\"content\":\"\n\n<p><strong>Vastuuvalmentaja<\\\/strong><br \\\/>Markku Heikkinen<br \\\/><br \\\/><b>Valmentaja<br \\\/><\\\/b>Markku Aikio (MV:t)<br \\\/>Marko T\\u00f6rm\\u00e4nen<br \\\/>Matti Kynsij\\u00e4rvi\\u00a0<br \\\/><br \\\/><b><\\\/b><strong>Joukkueenjohtaja<\\\/strong><br \\\/>Jukka Rytioja (puh 044 056 2265)<br \\\/><br \\\/><b>Huoltajat<br \\\/><\\\/b>Suvi H\\u00e4meenniemi<br \\\/>Jenniina Nevala (Ea-vastaava)<br \\\/>Eija Leinonen (Ea-vastaava)<\\\/p>\\n\n\n<p><strong>J\\u00e4\\u00e4harjoitusajat kaudella 2025-2026<\\\/strong><br \\\/>Maanantai klo 17:15-18:15<br \\\/>Torstai klo 17:25-18:25<\\\/p>\",\"margin\":\"default\"}}]}]}]}],\"version\":\"4.5.32\"} --><\/p>\n","protected":false},"excerpt":{"rendered":"<p>U11 Pelaajat 2025-2026Aikio OttoAikio TopiasHeikkinen NikoHoikkala TopiHuotari EeviH\u00e4meenniemi JuliusKer\u00e4nen HerkkoKorhonen SeveriKouri EmmiKynsij\u00e4rvi EemeliParkkinen MirjaPitk\u00e4nen MinttuPoussu TopiasRytioja AlmaSuoraj\u00e4rvi NettaT\u00f6rm\u00e4nen Eetu\u00c4mm\u00e4l\u00e4 Luka Katso joukkueen otteluohjelma t\u00e4\u00e4lt\u00e4 VastuuvalmentajaMarkku Heikkinen ValmentajaMarkku Aikio (MV:t)Marko T\u00f6rm\u00e4nenMatti [&hellip;]<\/p>\n","protected":false},"author":1,"featured_media":0,"parent":0,"menu_order":4,"comment_status":"closed","ping_status":"closed","template":"","meta":{"footnotes":""},"class_list":["post-255","page","type-page","status-publish","hentry"],"yoast_head":"<!-- This site is optimized with the Yoast SEO plugin v27.3 - https:\/\/yoast.com\/product\/yoast-seo-wordpress\/ -->\n<title>Junnut U11 - Pallokarhut J\u00e4\u00e4kiekko, Kuusamo<\/title>\n<meta name=\"description\" content=\"U11\" \/>\n<meta name=\"robots\" content=\"index, follow, max-snippet:-1, max-image-preview:large, max-video-preview:-1\" \/>\n<link rel=\"canonical\" href=\"https:\/\/www.pallokarhut.fi\/jaakiekko\/junnut-u11\/\" \/>\n<meta property=\"og:locale\" content=\"fi_FI\" \/>\n<meta property=\"og:type\" content=\"article\" \/>\n<meta property=\"og:title\" content=\"Junnut U11 - Pallokarhut J\u00e4\u00e4kiekko, Kuusamo\" \/>\n<meta property=\"og:description\" content=\"U11\" \/>\n<meta property=\"og:url\" content=\"https:\/\/www.pallokarhut.fi\/jaakiekko\/junnut-u11\/\" \/>\n<meta property=\"og:site_name\" content=\"Pallokarhut J\u00e4\u00e4kiekko, Kuusamo\" \/>\n<meta property=\"article:publisher\" content=\"https:\/\/www.facebook.com\/profile.php?id=100041232415788\" \/>\n<meta property=\"article:modified_time\" content=\"2026-01-10T22:10:44+00:00\" \/>\n<meta property=\"og:image\" content=\"https:\/\/pallokarhut.fi\/jaakiekko\/wp-content\/uploads\/2023\/02\/pallokarhut-logo-iso-sin-tausta.jpg\" \/>\n\t<meta property=\"og:image:width\" content=\"1200\" \/>\n\t<meta property=\"og:image:height\" content=\"675\" \/>\n\t<meta property=\"og:image:type\" content=\"image\/jpeg\" \/>\n<meta name=\"twitter:card\" content=\"summary_large_image\" \/>\n<meta name=\"twitter:label1\" content=\"Arvioitu lukuaika\" \/>\n\t<meta name=\"twitter:data1\" content=\"1 minuutti\" \/>\n<script type=\"application\/ld+json\" class=\"yoast-schema-graph\">{\"@context\":\"https:\\\/\\\/schema.org\",\"@graph\":[{\"@type\":\"WebPage\",\"@id\":\"https:\\\/\\\/www.pallokarhut.fi\\\/jaakiekko\\\/junnut-u11\\\/\",\"url\":\"https:\\\/\\\/www.pallokarhut.fi\\\/jaakiekko\\\/junnut-u11\\\/\",\"name\":\"Junnut U11 - Pallokarhut J\u00e4\u00e4kiekko, Kuusamo\",\"isPartOf\":{\"@id\":\"https:\\\/\\\/www.pallokarhut.fi\\\/jaakiekko\\\/#website\"},\"datePublished\":\"2019-05-30T10:06:48+00:00\",\"dateModified\":\"2026-01-10T22:10:44+00:00\",\"description\":\"U11\",\"breadcrumb\":{\"@id\":\"https:\\\/\\\/www.pallokarhut.fi\\\/jaakiekko\\\/junnut-u11\\\/#breadcrumb\"},\"inLanguage\":\"fi\",\"potentialAction\":[{\"@type\":\"ReadAction\",\"target\":[\"https:\\\/\\\/www.pallokarhut.fi\\\/jaakiekko\\\/junnut-u11\\\/\"]}]},{\"@type\":\"BreadcrumbList\",\"@id\":\"https:\\\/\\\/www.pallokarhut.fi\\\/jaakiekko\\\/junnut-u11\\\/#breadcrumb\",\"itemListElement\":[{\"@type\":\"ListItem\",\"position\":1,\"name\":\"Etusivu\",\"item\":\"https:\\\/\\\/www.pallokarhut.fi\\\/jaakiekko\\\/\"},{\"@type\":\"ListItem\",\"position\":2,\"name\":\"Junnut U11\"}]},{\"@type\":\"WebSite\",\"@id\":\"https:\\\/\\\/www.pallokarhut.fi\\\/jaakiekko\\\/#website\",\"url\":\"https:\\\/\\\/www.pallokarhut.fi\\\/jaakiekko\\\/\",\"name\":\"Pallokarhut J\u00e4\u00e4kiekko, Kuusamo\",\"description\":\"Uusi harrastus lapsille, nuorille ja koko perheelle! - Pallokarhut J\u00e4\u00e4kiekko, Kuusamo\",\"publisher\":{\"@id\":\"https:\\\/\\\/www.pallokarhut.fi\\\/jaakiekko\\\/#organization\"},\"potentialAction\":[{\"@type\":\"SearchAction\",\"target\":{\"@type\":\"EntryPoint\",\"urlTemplate\":\"https:\\\/\\\/www.pallokarhut.fi\\\/jaakiekko\\\/?s={search_term_string}\"},\"query-input\":{\"@type\":\"PropertyValueSpecification\",\"valueRequired\":true,\"valueName\":\"search_term_string\"}}],\"inLanguage\":\"fi\"},{\"@type\":\"Organization\",\"@id\":\"https:\\\/\\\/www.pallokarhut.fi\\\/jaakiekko\\\/#organization\",\"name\":\"Pallo-Karhut, j\u00e4\u00e4kiekko\",\"url\":\"https:\\\/\\\/www.pallokarhut.fi\\\/jaakiekko\\\/\",\"logo\":{\"@type\":\"ImageObject\",\"inLanguage\":\"fi\",\"@id\":\"https:\\\/\\\/www.pallokarhut.fi\\\/jaakiekko\\\/#\\\/schema\\\/logo\\\/image\\\/\",\"url\":\"https:\\\/\\\/www.pallokarhut.fi\\\/jaakiekko\\\/wp-content\\\/uploads\\\/2023\\\/02\\\/pakalogo.svg\",\"contentUrl\":\"https:\\\/\\\/www.pallokarhut.fi\\\/jaakiekko\\\/wp-content\\\/uploads\\\/2023\\\/02\\\/pakalogo.svg\",\"width\":1,\"height\":1,\"caption\":\"Pallo-Karhut, j\u00e4\u00e4kiekko\"},\"image\":{\"@id\":\"https:\\\/\\\/www.pallokarhut.fi\\\/jaakiekko\\\/#\\\/schema\\\/logo\\\/image\\\/\"},\"sameAs\":[\"https:\\\/\\\/www.facebook.com\\\/profile.php?id=100041232415788\"]}]}<\/script>\n<!-- \/ Yoast SEO plugin. -->","yoast_head_json":{"title":"Junnut U11 - Pallokarhut J\u00e4\u00e4kiekko, Kuusamo","description":"U11","robots":{"index":"index","follow":"follow","max-snippet":"max-snippet:-1","max-image-preview":"max-image-preview:large","max-video-preview":"max-video-preview:-1"},"canonical":"https:\/\/www.pallokarhut.fi\/jaakiekko\/junnut-u11\/","og_locale":"fi_FI","og_type":"article","og_title":"Junnut U11 - Pallokarhut J\u00e4\u00e4kiekko, Kuusamo","og_description":"U11","og_url":"https:\/\/www.pallokarhut.fi\/jaakiekko\/junnut-u11\/","og_site_name":"Pallokarhut J\u00e4\u00e4kiekko, Kuusamo","article_publisher":"https:\/\/www.facebook.com\/profile.php?id=100041232415788","article_modified_time":"2026-01-10T22:10:44+00:00","og_image":[{"width":1200,"height":675,"url":"https:\/\/pallokarhut.fi\/jaakiekko\/wp-content\/uploads\/2023\/02\/pallokarhut-logo-iso-sin-tausta.jpg","type":"image\/jpeg"}],"twitter_card":"summary_large_image","twitter_misc":{"Arvioitu lukuaika":"1 minuutti"},"schema":{"@context":"https:\/\/schema.org","@graph":[{"@type":"WebPage","@id":"https:\/\/www.pallokarhut.fi\/jaakiekko\/junnut-u11\/","url":"https:\/\/www.pallokarhut.fi\/jaakiekko\/junnut-u11\/","name":"Junnut U11 - Pallokarhut J\u00e4\u00e4kiekko, Kuusamo","isPartOf":{"@id":"https:\/\/www.pallokarhut.fi\/jaakiekko\/#website"},"datePublished":"2019-05-30T10:06:48+00:00","dateModified":"2026-01-10T22:10:44+00:00","description":"U11","breadcrumb":{"@id":"https:\/\/www.pallokarhut.fi\/jaakiekko\/junnut-u11\/#breadcrumb"},"inLanguage":"fi","potentialAction":[{"@type":"ReadAction","target":["https:\/\/www.pallokarhut.fi\/jaakiekko\/junnut-u11\/"]}]},{"@type":"BreadcrumbList","@id":"https:\/\/www.pallokarhut.fi\/jaakiekko\/junnut-u11\/#breadcrumb","itemListElement":[{"@type":"ListItem","position":1,"name":"Etusivu","item":"https:\/\/www.pallokarhut.fi\/jaakiekko\/"},{"@type":"ListItem","position":2,"name":"Junnut U11"}]},{"@type":"WebSite","@id":"https:\/\/www.pallokarhut.fi\/jaakiekko\/#website","url":"https:\/\/www.pallokarhut.fi\/jaakiekko\/","name":"Pallokarhut J\u00e4\u00e4kiekko, Kuusamo","description":"Uusi harrastus lapsille, nuorille ja koko perheelle! - Pallokarhut J\u00e4\u00e4kiekko, Kuusamo","publisher":{"@id":"https:\/\/www.pallokarhut.fi\/jaakiekko\/#organization"},"potentialAction":[{"@type":"SearchAction","target":{"@type":"EntryPoint","urlTemplate":"https:\/\/www.pallokarhut.fi\/jaakiekko\/?s={search_term_string}"},"query-input":{"@type":"PropertyValueSpecification","valueRequired":true,"valueName":"search_term_string"}}],"inLanguage":"fi"},{"@type":"Organization","@id":"https:\/\/www.pallokarhut.fi\/jaakiekko\/#organization","name":"Pallo-Karhut, j\u00e4\u00e4kiekko","url":"https:\/\/www.pallokarhut.fi\/jaakiekko\/","logo":{"@type":"ImageObject","inLanguage":"fi","@id":"https:\/\/www.pallokarhut.fi\/jaakiekko\/#\/schema\/logo\/image\/","url":"https:\/\/www.pallokarhut.fi\/jaakiekko\/wp-content\/uploads\/2023\/02\/pakalogo.svg","contentUrl":"https:\/\/www.pallokarhut.fi\/jaakiekko\/wp-content\/uploads\/2023\/02\/pakalogo.svg","width":1,"height":1,"caption":"Pallo-Karhut, j\u00e4\u00e4kiekko"},"image":{"@id":"https:\/\/www.pallokarhut.fi\/jaakiekko\/#\/schema\/logo\/image\/"},"sameAs":["https:\/\/www.facebook.com\/profile.php?id=100041232415788"]}]}},"_links":{"self":[{"href":"https:\/\/pallokarhut.fi\/jaakiekko\/wp-json\/wp\/v2\/pages\/255","targetHints":{"allow":["GET"]}}],"collection":[{"href":"https:\/\/pallokarhut.fi\/jaakiekko\/wp-json\/wp\/v2\/pages"}],"about":[{"href":"https:\/\/pallokarhut.fi\/jaakiekko\/wp-json\/wp\/v2\/types\/page"}],"author":[{"embeddable":true,"href":"https:\/\/pallokarhut.fi\/jaakiekko\/wp-json\/wp\/v2\/users\/1"}],"replies":[{"embeddable":true,"href":"https:\/\/pallokarhut.fi\/jaakiekko\/wp-json\/wp\/v2\/comments?post=255"}],"version-history":[{"count":0,"href":"https:\/\/pallokarhut.fi\/jaakiekko\/wp-json\/wp\/v2\/pages\/255\/revisions"}],"wp:attachment":[{"href":"https:\/\/pallokarhut.fi\/jaakiekko\/wp-json\/wp\/v2\/media?parent=255"}],"curies":[{"name":"wp","href":"https:\/\/api.w.org\/{rel}","templated":true}]}}