{"id":253,"date":"2019-05-30T12:38:59","date_gmt":"2019-05-30T09:38:59","guid":{"rendered":"http:\/\/www.pallokarhut.fi\/jaakiekko\/?p=253"},"modified":"2026-01-10T21:44:43","modified_gmt":"2026-01-10T19:44:43","slug":"junnut-u18","status":"publish","type":"page","link":"https:\/\/pallokarhut.fi\/jaakiekko\/junnut-u18\/","title":{"rendered":"U18"},"content":{"rendered":"<h1>U18<\/h1>\n<p><img decoding=\"async\" src=\"\/jaakiekko\/wp-content\/uploads\/2023\/01\/etoleyksin_logo.svg\" alt=\"etoleyksin\"><br \/>\n<img decoding=\"async\" src=\"\/jaakiekko\/wp-content\/uploads\/2025\/10\/2F5A0298-scaled.jpg\" alt=\"u15 2022 2023\"><\/p>\n<div>\n<p><strong>Pelaajat 2025-2026<br \/><\/strong><span><\/span><google-sheets-html-origin><\/google-sheets-html-origin>Haataja Matias<br \/>Heikkil\u00e4 Eevert<br \/>Huotari Elli<br \/>Hyry Samuel<br \/>Karjalainen Patrik<br \/>Karjalainen Eemeli<br \/>Kivel\u00e4 Miikka<br \/>K\u00e4kel\u00e4 Matias<br \/>Koramo Iiro<br \/>Loukusa Onni<br \/>Mursu Jesse<br \/>M\u00e4\u00e4tt\u00e4 Jonne<br \/>M\u00e4\u00e4tt\u00e4 Tomas<br \/>Nurmi Veeti<br \/>Pes\u00e4maa Eemil<br \/>Ruokamo Oskari<br \/>R\u00e4is\u00e4nen Ville<br \/>Suopanki Valtteri<br \/>Timonen Tuukka<br \/>Tornberg Roni<br \/>Tuovila Petteri<br \/>Tuukkanen\u00a0 Eeli<\/p>\n<p><strong>Katso joukkueen otteluohjelma <a href=\"https:\/\/tulospalvelu.leijonat.fi\/serie\/?lang=fi\">t\u00e4\u00e4lt\u00e4<\/a><\/strong><\/p>\n<\/div>\n<div>\n<p><b>Vastuuvalmentaja<br \/><\/b>Tapio Jukka<\/p>\n<p><strong>Valmentajat<\/strong><span><br \/>S\u00e4kkinen Jani<br \/><\/span>Loukusa Jussi<span><\/p>\n<p><\/span><span><strong>Joukkueenjohtaja<br \/><\/strong><\/span>Timonen Kirsi\u00a0<span style=\"color: #001f21; font-family: 'Work Sans';\">(puh 044 326 1441)<\/span><span><br \/><\/span><\/p>\n<p><strong>Huoltajat<\/strong><br \/>Nurmi Marko<br \/>Tuukkanen Jarmo<\/p>\n<p><strong>J\u00e4\u00e4harjoitusajat kaudella 2025-2026<br \/><\/strong>Tiistai klo 19:45-21:00<br \/>Torstai klo 19:45-21:00<br \/>Perjantai klo 18:30-19:30<\/p>\n<\/div>\n<p><!--more--><br \/>\n<!-- {\"type\":\"layout\",\"children\":[{\"type\":\"section\",\"props\":{\"animation\":\"slide-left\",\"image_position\":\"center-center\",\"padding\":\"none\",\"style\":\"default\",\"title_breakpoint\":\"xl\",\"title_position\":\"top-left\",\"title_rotation\":\"left\",\"vertical_align\":\"\",\"width\":\"\"},\"children\":[{\"type\":\"row\",\"props\":{\"column_gap\":\"collapse\",\"layout\":\"1-3,2-3\",\"row_gap\":\"collapse\"},\"children\":[{\"type\":\"column\",\"props\":{\"image_position\":\"center-center\",\"position_sticky_breakpoint\":\"m\",\"style\":\"tile-primary\",\"vertical_align\":\"middle\",\"width_medium\":\"1-3\"},\"children\":[{\"type\":\"headline\",\"props\":{\"content\":\"U18\",\"text_align\":\"center\",\"title_element\":\"h1\",\"title_style\":\"heading-small\"}},{\"type\":\"image\",\"props\":{\"image\":\"wp-content\\\/uploads\\\/2023\\\/01\\\/etoleyksin_logo.svg\",\"image_alt\":\"etoleyksin\",\"image_svg_color\":\"emphasis\",\"image_width\":\"180\",\"margin\":\"default\",\"text_align\":\"center\"},\"name\":\"et ole yksin\"}]},{\"type\":\"column\",\"props\":{\"image_position\":\"center-center\",\"position_sticky_breakpoint\":\"m\",\"width_medium\":\"2-3\"},\"children\":[{\"type\":\"image\",\"props\":{\"image\":\"wp-content\\\/uploads\\\/2025\\\/10\\\/2F5A0298-scaled.jpg\",\"image_alt\":\"u15 2022 2023\",\"image_height\":\"800\",\"image_svg_color\":\"emphasis\",\"image_width\":\"1600\",\"margin\":\"default\",\"text_align\":\"center\"}}]}]}]},{\"type\":\"section\",\"props\":{\"image_position\":\"center-center\",\"style\":\"default\",\"title_breakpoint\":\"xl\",\"title_position\":\"top-left\",\"title_rotation\":\"left\",\"vertical_align\":\"\",\"width\":\"small\"},\"children\":[{\"type\":\"row\",\"props\":{\"layout\":\"1-2,1-2\"},\"children\":[{\"type\":\"column\",\"props\":{\"image_position\":\"center-center\",\"position_sticky_breakpoint\":\"m\",\"width_medium\":\"1-2\",\"width_small\":\"1-2\"},\"children\":[{\"type\":\"text\",\"props\":{\"column_breakpoint\":\"m\",\"content\":\"\n\n<p><strong>Pelaajat 2025-2026<br \\\/><\\\/strong><span><\\\/span><google-sheets-html-origin><\\\/google-sheets-html-origin>Haataja Matias<br \\\/>Heikkil\\u00e4 Eevert<br \\\/>Huotari Elli<br \\\/>Hyry Samuel<br \\\/>Karjalainen Patrik<br \\\/>Karjalainen Eemeli<br \\\/>Kivel\\u00e4 Miikka<br \\\/>K\\u00e4kel\\u00e4 Matias<br \\\/>Koramo Iiro<br \\\/>Loukusa Onni<br \\\/>Mursu Jesse<br \\\/>M\\u00e4\\u00e4tt\\u00e4 Jonne<br \\\/>M\\u00e4\\u00e4tt\\u00e4 Tomas<br \\\/>Nurmi Veeti<br \\\/>Pes\\u00e4maa Eemil<br \\\/>Ruokamo Oskari<br \\\/>R\\u00e4is\\u00e4nen Ville<br \\\/>Suopanki Valtteri<br \\\/>Timonen Tuukka<br \\\/>Tornberg Roni<br \\\/>Tuovila Petteri<br \\\/>Tuukkanen\\u00a0 Eeli<\\\/p>\\n\n\n<p><strong>Katso joukkueen otteluohjelma <a href=\\\"https:\\\/\\\/tulospalvelu.leijonat.fi\\\/serie\\\/?lang=fi\\\">t\\u00e4\\u00e4lt\\u00e4<\\\/a><\\\/strong><\\\/p>\",\"margin\":\"default\"}}]},{\"type\":\"column\",\"props\":{\"image_position\":\"center-center\",\"position_sticky_breakpoint\":\"m\",\"width_medium\":\"1-2\",\"width_small\":\"1-2\"},\"children\":[{\"type\":\"text\",\"props\":{\"column_breakpoint\":\"m\",\"content\":\"\n\n<p><b>Vastuuvalmentaja<br \\\/><\\\/b>Tapio Jukka<\\\/p>\\n\n\n<p><strong>Valmentajat<\\\/strong><span><br \\\/>S\\u00e4kkinen Jani<br \\\/><\\\/span>Loukusa Jussi<span><br \\\/><br \\\/><\\\/span><span><strong>Joukkueenjohtaja<br \\\/><\\\/strong><\\\/span>Timonen Kirsi\\u00a0<span style=\\\"color: #001f21; font-family: 'Work Sans';\\\">(puh 044 326 1441)<\\\/span><span><br \\\/><\\\/span><\\\/p>\\n\n\n<p><strong>Huoltajat<\\\/strong><br \\\/>Nurmi Marko<br \\\/>Tuukkanen Jarmo<\\\/p>\\n\n\n<p><strong>J\\u00e4\\u00e4harjoitusajat kaudella 2025-2026<br \\\/><\\\/strong>Tiistai klo 19:45-21:00<br \\\/>Torstai klo 19:45-21:00<br \\\/>Perjantai klo 18:30-19:30<\\\/p>\",\"margin\":\"default\"}}]}]}]}],\"version\":\"4.5.32\"} --><\/p>\n","protected":false},"excerpt":{"rendered":"<p>U18 Pelaajat 2025-2026Haataja MatiasHeikkil\u00e4 EevertHuotari ElliHyry SamuelKarjalainen PatrikKarjalainen EemeliKivel\u00e4 MiikkaK\u00e4kel\u00e4 MatiasKoramo IiroLoukusa OnniMursu JesseM\u00e4\u00e4tt\u00e4 JonneM\u00e4\u00e4tt\u00e4 TomasNurmi VeetiPes\u00e4maa EemilRuokamo OskariR\u00e4is\u00e4nen VilleSuopanki ValtteriTimonen TuukkaTornberg RoniTuovila PetteriTuukkanen\u00a0 Eeli Katso joukkueen otteluohjelma t\u00e4\u00e4lt\u00e4 VastuuvalmentajaTapio [&hellip;]<\/p>\n","protected":false},"author":1,"featured_media":0,"parent":0,"menu_order":5,"comment_status":"closed","ping_status":"closed","template":"","meta":{"footnotes":""},"class_list":["post-253","page","type-page","status-publish","hentry"],"yoast_head":"<!-- This site is optimized with the Yoast SEO plugin v27.3 - https:\/\/yoast.com\/product\/yoast-seo-wordpress\/ -->\n<title>U18 - Pallokarhut J\u00e4\u00e4kiekko, Kuusamo<\/title>\n<meta name=\"description\" content=\"U18\" \/>\n<meta name=\"robots\" content=\"index, follow, max-snippet:-1, max-image-preview:large, max-video-preview:-1\" \/>\n<link rel=\"canonical\" href=\"https:\/\/www.pallokarhut.fi\/jaakiekko\/junnut-u18\/\" \/>\n<meta property=\"og:locale\" content=\"fi_FI\" \/>\n<meta property=\"og:type\" content=\"article\" \/>\n<meta property=\"og:title\" content=\"U18 - Pallokarhut J\u00e4\u00e4kiekko, Kuusamo\" \/>\n<meta property=\"og:description\" content=\"U18\" \/>\n<meta property=\"og:url\" content=\"https:\/\/www.pallokarhut.fi\/jaakiekko\/junnut-u18\/\" \/>\n<meta property=\"og:site_name\" content=\"Pallokarhut J\u00e4\u00e4kiekko, Kuusamo\" \/>\n<meta property=\"article:publisher\" content=\"https:\/\/www.facebook.com\/profile.php?id=100041232415788\" \/>\n<meta property=\"article:modified_time\" content=\"2026-01-10T19:44:43+00:00\" \/>\n<meta property=\"og:image\" content=\"https:\/\/pallokarhut.fi\/jaakiekko\/wp-content\/uploads\/2023\/02\/pallokarhut-logo-iso-sin-tausta.jpg\" \/>\n\t<meta property=\"og:image:width\" content=\"1200\" \/>\n\t<meta property=\"og:image:height\" content=\"675\" \/>\n\t<meta property=\"og:image:type\" content=\"image\/jpeg\" \/>\n<meta name=\"twitter:card\" content=\"summary_large_image\" \/>\n<meta name=\"twitter:label1\" content=\"Arvioitu lukuaika\" \/>\n\t<meta name=\"twitter:data1\" content=\"1 minuutti\" \/>\n<script type=\"application\/ld+json\" class=\"yoast-schema-graph\">{\"@context\":\"https:\\\/\\\/schema.org\",\"@graph\":[{\"@type\":\"WebPage\",\"@id\":\"https:\\\/\\\/www.pallokarhut.fi\\\/jaakiekko\\\/junnut-u18\\\/\",\"url\":\"https:\\\/\\\/www.pallokarhut.fi\\\/jaakiekko\\\/junnut-u18\\\/\",\"name\":\"U18 - Pallokarhut J\u00e4\u00e4kiekko, Kuusamo\",\"isPartOf\":{\"@id\":\"https:\\\/\\\/www.pallokarhut.fi\\\/jaakiekko\\\/#website\"},\"datePublished\":\"2019-05-30T09:38:59+00:00\",\"dateModified\":\"2026-01-10T19:44:43+00:00\",\"description\":\"U18\",\"breadcrumb\":{\"@id\":\"https:\\\/\\\/www.pallokarhut.fi\\\/jaakiekko\\\/junnut-u18\\\/#breadcrumb\"},\"inLanguage\":\"fi\",\"potentialAction\":[{\"@type\":\"ReadAction\",\"target\":[\"https:\\\/\\\/www.pallokarhut.fi\\\/jaakiekko\\\/junnut-u18\\\/\"]}]},{\"@type\":\"BreadcrumbList\",\"@id\":\"https:\\\/\\\/www.pallokarhut.fi\\\/jaakiekko\\\/junnut-u18\\\/#breadcrumb\",\"itemListElement\":[{\"@type\":\"ListItem\",\"position\":1,\"name\":\"Etusivu\",\"item\":\"https:\\\/\\\/www.pallokarhut.fi\\\/jaakiekko\\\/\"},{\"@type\":\"ListItem\",\"position\":2,\"name\":\"U18\"}]},{\"@type\":\"WebSite\",\"@id\":\"https:\\\/\\\/www.pallokarhut.fi\\\/jaakiekko\\\/#website\",\"url\":\"https:\\\/\\\/www.pallokarhut.fi\\\/jaakiekko\\\/\",\"name\":\"Pallokarhut J\u00e4\u00e4kiekko, Kuusamo\",\"description\":\"Uusi harrastus lapsille, nuorille ja koko perheelle! - Pallokarhut J\u00e4\u00e4kiekko, Kuusamo\",\"publisher\":{\"@id\":\"https:\\\/\\\/www.pallokarhut.fi\\\/jaakiekko\\\/#organization\"},\"potentialAction\":[{\"@type\":\"SearchAction\",\"target\":{\"@type\":\"EntryPoint\",\"urlTemplate\":\"https:\\\/\\\/www.pallokarhut.fi\\\/jaakiekko\\\/?s={search_term_string}\"},\"query-input\":{\"@type\":\"PropertyValueSpecification\",\"valueRequired\":true,\"valueName\":\"search_term_string\"}}],\"inLanguage\":\"fi\"},{\"@type\":\"Organization\",\"@id\":\"https:\\\/\\\/www.pallokarhut.fi\\\/jaakiekko\\\/#organization\",\"name\":\"Pallo-Karhut, j\u00e4\u00e4kiekko\",\"url\":\"https:\\\/\\\/www.pallokarhut.fi\\\/jaakiekko\\\/\",\"logo\":{\"@type\":\"ImageObject\",\"inLanguage\":\"fi\",\"@id\":\"https:\\\/\\\/www.pallokarhut.fi\\\/jaakiekko\\\/#\\\/schema\\\/logo\\\/image\\\/\",\"url\":\"https:\\\/\\\/www.pallokarhut.fi\\\/jaakiekko\\\/wp-content\\\/uploads\\\/2023\\\/02\\\/pakalogo.svg\",\"contentUrl\":\"https:\\\/\\\/www.pallokarhut.fi\\\/jaakiekko\\\/wp-content\\\/uploads\\\/2023\\\/02\\\/pakalogo.svg\",\"width\":1,\"height\":1,\"caption\":\"Pallo-Karhut, j\u00e4\u00e4kiekko\"},\"image\":{\"@id\":\"https:\\\/\\\/www.pallokarhut.fi\\\/jaakiekko\\\/#\\\/schema\\\/logo\\\/image\\\/\"},\"sameAs\":[\"https:\\\/\\\/www.facebook.com\\\/profile.php?id=100041232415788\"]}]}<\/script>\n<!-- \/ Yoast SEO plugin. -->","yoast_head_json":{"title":"U18 - Pallokarhut J\u00e4\u00e4kiekko, Kuusamo","description":"U18","robots":{"index":"index","follow":"follow","max-snippet":"max-snippet:-1","max-image-preview":"max-image-preview:large","max-video-preview":"max-video-preview:-1"},"canonical":"https:\/\/www.pallokarhut.fi\/jaakiekko\/junnut-u18\/","og_locale":"fi_FI","og_type":"article","og_title":"U18 - Pallokarhut J\u00e4\u00e4kiekko, Kuusamo","og_description":"U18","og_url":"https:\/\/www.pallokarhut.fi\/jaakiekko\/junnut-u18\/","og_site_name":"Pallokarhut J\u00e4\u00e4kiekko, Kuusamo","article_publisher":"https:\/\/www.facebook.com\/profile.php?id=100041232415788","article_modified_time":"2026-01-10T19:44:43+00:00","og_image":[{"width":1200,"height":675,"url":"https:\/\/pallokarhut.fi\/jaakiekko\/wp-content\/uploads\/2023\/02\/pallokarhut-logo-iso-sin-tausta.jpg","type":"image\/jpeg"}],"twitter_card":"summary_large_image","twitter_misc":{"Arvioitu lukuaika":"1 minuutti"},"schema":{"@context":"https:\/\/schema.org","@graph":[{"@type":"WebPage","@id":"https:\/\/www.pallokarhut.fi\/jaakiekko\/junnut-u18\/","url":"https:\/\/www.pallokarhut.fi\/jaakiekko\/junnut-u18\/","name":"U18 - Pallokarhut J\u00e4\u00e4kiekko, Kuusamo","isPartOf":{"@id":"https:\/\/www.pallokarhut.fi\/jaakiekko\/#website"},"datePublished":"2019-05-30T09:38:59+00:00","dateModified":"2026-01-10T19:44:43+00:00","description":"U18","breadcrumb":{"@id":"https:\/\/www.pallokarhut.fi\/jaakiekko\/junnut-u18\/#breadcrumb"},"inLanguage":"fi","potentialAction":[{"@type":"ReadAction","target":["https:\/\/www.pallokarhut.fi\/jaakiekko\/junnut-u18\/"]}]},{"@type":"BreadcrumbList","@id":"https:\/\/www.pallokarhut.fi\/jaakiekko\/junnut-u18\/#breadcrumb","itemListElement":[{"@type":"ListItem","position":1,"name":"Etusivu","item":"https:\/\/www.pallokarhut.fi\/jaakiekko\/"},{"@type":"ListItem","position":2,"name":"U18"}]},{"@type":"WebSite","@id":"https:\/\/www.pallokarhut.fi\/jaakiekko\/#website","url":"https:\/\/www.pallokarhut.fi\/jaakiekko\/","name":"Pallokarhut J\u00e4\u00e4kiekko, Kuusamo","description":"Uusi harrastus lapsille, nuorille ja koko perheelle! - Pallokarhut J\u00e4\u00e4kiekko, Kuusamo","publisher":{"@id":"https:\/\/www.pallokarhut.fi\/jaakiekko\/#organization"},"potentialAction":[{"@type":"SearchAction","target":{"@type":"EntryPoint","urlTemplate":"https:\/\/www.pallokarhut.fi\/jaakiekko\/?s={search_term_string}"},"query-input":{"@type":"PropertyValueSpecification","valueRequired":true,"valueName":"search_term_string"}}],"inLanguage":"fi"},{"@type":"Organization","@id":"https:\/\/www.pallokarhut.fi\/jaakiekko\/#organization","name":"Pallo-Karhut, j\u00e4\u00e4kiekko","url":"https:\/\/www.pallokarhut.fi\/jaakiekko\/","logo":{"@type":"ImageObject","inLanguage":"fi","@id":"https:\/\/www.pallokarhut.fi\/jaakiekko\/#\/schema\/logo\/image\/","url":"https:\/\/www.pallokarhut.fi\/jaakiekko\/wp-content\/uploads\/2023\/02\/pakalogo.svg","contentUrl":"https:\/\/www.pallokarhut.fi\/jaakiekko\/wp-content\/uploads\/2023\/02\/pakalogo.svg","width":1,"height":1,"caption":"Pallo-Karhut, j\u00e4\u00e4kiekko"},"image":{"@id":"https:\/\/www.pallokarhut.fi\/jaakiekko\/#\/schema\/logo\/image\/"},"sameAs":["https:\/\/www.facebook.com\/profile.php?id=100041232415788"]}]}},"_links":{"self":[{"href":"https:\/\/pallokarhut.fi\/jaakiekko\/wp-json\/wp\/v2\/pages\/253","targetHints":{"allow":["GET"]}}],"collection":[{"href":"https:\/\/pallokarhut.fi\/jaakiekko\/wp-json\/wp\/v2\/pages"}],"about":[{"href":"https:\/\/pallokarhut.fi\/jaakiekko\/wp-json\/wp\/v2\/types\/page"}],"author":[{"embeddable":true,"href":"https:\/\/pallokarhut.fi\/jaakiekko\/wp-json\/wp\/v2\/users\/1"}],"replies":[{"embeddable":true,"href":"https:\/\/pallokarhut.fi\/jaakiekko\/wp-json\/wp\/v2\/comments?post=253"}],"version-history":[{"count":0,"href":"https:\/\/pallokarhut.fi\/jaakiekko\/wp-json\/wp\/v2\/pages\/253\/revisions"}],"wp:attachment":[{"href":"https:\/\/pallokarhut.fi\/jaakiekko\/wp-json\/wp\/v2\/media?parent=253"}],"curies":[{"name":"wp","href":"https:\/\/api.w.org\/{rel}","templated":true}]}}