{"id":245,"date":"2018-12-29T13:28:10","date_gmt":"2018-12-29T11:28:10","guid":{"rendered":"http:\/\/www.pallokarhut.fi\/jaakiekko\/?p=245"},"modified":"2023-01-21T12:13:28","modified_gmt":"2023-01-21T10:13:28","slug":"pakan-urheilubaari","status":"publish","type":"page","link":"https:\/\/pallokarhut.fi\/jaakiekko\/pakan-urheilubaari\/","title":{"rendered":"PaKan Urheilubaari palvelee"},"content":{"rendered":"<h1>PaKan urheilubaari palvelee<\/h1>\n<div>\n<p>Urheilubaari palvelee otteluiden ja seuran tapahtumien aikana. Tule maistamaan kuuluja kisamakkaroitamme! Sopii my\u00f6s kokousk\u00e4ytt\u00f6\u00f6n.<\/p>\n<p>Tervetuloa!<\/p>\n<p>PaKan Urheilubaari<br \/>Kuusamon j\u00e4\u00e4halli<br \/>Kitkantie 42\u00a0<br \/>93600 KUUSAMO<\/p>\n<\/div>\n<ul>\n<li>\n<p>        <img decoding=\"async\" src=\"\/jaakiekko\/wp-content\/uploads\/2018\/12\/urheilubaariyla.jpg\" alt=\"\"><\/p>\n<h3>urheilubaariyla<\/h3>\n<\/li>\n<li>\n<p>        <img decoding=\"async\" src=\"\/jaakiekko\/wp-content\/uploads\/2018\/12\/urheilubaari.jpg\" alt=\"\"><\/p>\n<h3>urheilubaari<\/h3>\n<\/li>\n<li>\n<p>        <img decoding=\"async\" src=\"\/jaakiekko\/wp-content\/uploads\/2018\/12\/urheilubaarikokous.jpg\" alt=\"\"><\/p>\n<h3>urheilubaarikokous<\/h3>\n<\/li>\n<\/ul>\n<p><!--more--><br \/>\n<!-- {\"type\":\"layout\",\"children\":[{\"type\":\"section\",\"props\":{\"image_position\":\"center-center\",\"style\":\"default\",\"title_breakpoint\":\"xl\",\"title_position\":\"top-left\",\"title_rotation\":\"left\",\"vertical_align\":\"middle\",\"width\":\"default\"},\"children\":[{\"type\":\"row\",\"props\":{\"layout\":\"1-2,1-2\"},\"children\":[{\"type\":\"column\",\"props\":{\"image_position\":\"center-center\",\"media_overlay_gradient\":\"\",\"position_sticky_breakpoint\":\"m\",\"width_medium\":\"1-2\"},\"children\":[{\"type\":\"headline\",\"props\":{\"content\":\"PaKan urheilubaari palvelee\",\"title_element\":\"h1\"}},{\"type\":\"text\",\"props\":{\"column_breakpoint\":\"m\",\"content\":\"\n\n<p>Urheilubaari palvelee otteluiden ja seuran tapahtumien aikana. Tule maistamaan kuuluja kisamakkaroitamme! Sopii my\\u00f6s kokousk\\u00e4ytt\\u00f6\\u00f6n.<\\\/p>\\n\n\n<p>Tervetuloa!<\\\/p>\\n\n\n<p>PaKan Urheilubaari<br \\\/>Kuusamon j\\u00e4\\u00e4halli<br \\\/>Kitkantie 42\\u00a0<br \\\/>93600 KUUSAMO<\\\/p>\",\"margin\":\"default\"}}]},{\"type\":\"column\",\"props\":{\"image_position\":\"center-center\",\"media_overlay_gradient\":\"\",\"position_sticky_breakpoint\":\"m\",\"width_medium\":\"1-2\"},\"children\":[{\"name\":\"Overlay Slider Column Gap Small\",\"type\":\"overlay-slider\",\"children\":[{\"type\":\"overlay-slider_item\",\"props\":{\"image\":\"wp-content\\\/uploads\\\/2018\\\/12\\\/urheilubaariyla.jpg\",\"title\":\"urheilubaariyla\"}},{\"type\":\"overlay-slider_item\",\"props\":{\"image\":\"wp-content\\\/uploads\\\/2018\\\/12\\\/urheilubaari.jpg\",\"title\":\"urheilubaari\"}},{\"type\":\"overlay-slider_item\",\"props\":{\"image\":\"wp-content\\\/uploads\\\/2018\\\/12\\\/urheilubaarikokous.jpg\",\"title\":\"urheilubaarikokous\"}}],\"props\":{\"image_transition\":\"scale-up\",\"image_width\":\"630\",\"link_style\":\"default\",\"link_text\":\"\",\"margin\":\"default\",\"meta_align\":\"above-title\",\"meta_element\":\"div\",\"meta_style\":\"text-meta\",\"nav\":\"\",\"nav_align\":\"center\",\"nav_breakpoint\":\"s\",\"nav_color\":\"\",\"nav_margin\":\"\",\"overlay_hover\":false,\"overlay_link\":true,\"overlay_margin\":\"medium\",\"overlay_maxwidth\":\"large\",\"overlay_mode\":\"caption\",\"overlay_position\":\"bottom\",\"overlay_style\":\"tile-default\",\"overlay_transition\":\"fade\",\"show_content\":true,\"show_hover_image\":true,\"show_link\":true,\"show_meta\":true,\"show_title\":false,\"slidenav\":\"outside\",\"slidenav_breakpoint\":\"s\",\"slidenav_color\":\"light\",\"slidenav_hover\":false,\"slidenav_large\":false,\"slidenav_margin\":\"small\",\"slidenav_outside_breakpoint\":\"xl\",\"slidenav_outside_color\":\"\",\"slider_autoplay\":true,\"slider_autoplay_pause\":true,\"slider_center\":false,\"slider_divider\":false,\"slider_finite\":false,\"slider_gap\":\"small\",\"slider_height\":\"\",\"slider_sets\":false,\"slider_velocity\":\"0.8\",\"slider_width\":\"fixed\",\"slider_width_default\":\"5-6\",\"slider_width_large\":\"\",\"slider_width_medium\":\"1-2\",\"slider_width_small\":\"3-5\",\"slider_width_xlarge\":\"\",\"text_align\":\"center\",\"text_color\":\"light\",\"title_element\":\"h3\",\"title_hover_style\":\"reset\",\"title_margin\":\"small\",\"title_style\":\"h4\"}}]}]}]}],\"version\":\"3.0.18\"} --><\/p>\n","protected":false},"excerpt":{"rendered":"<p>PaKan urheilubaari palvelee Urheilubaari palvelee otteluiden ja seuran tapahtumien aikana. Tule maistamaan kuuluja kisamakkaroitamme! Sopii my\u00f6s kokousk\u00e4ytt\u00f6\u00f6n. Tervetuloa! PaKan UrheilubaariKuusamon j\u00e4\u00e4halliKitkantie 42\u00a093600 KUUSAMO urheilubaariyla urheilubaari urheilubaarikokous<\/p>\n","protected":false},"author":1,"featured_media":242,"parent":0,"menu_order":2,"comment_status":"closed","ping_status":"closed","template":"","meta":{"footnotes":""},"class_list":["post-245","page","type-page","status-publish","has-post-thumbnail","hentry"],"yoast_head":"<!-- This site is optimized with the Yoast SEO plugin v27.3 - https:\/\/yoast.com\/product\/yoast-seo-wordpress\/ -->\n<title>PaKan Urheilubaari palvelee - Pallokarhut J\u00e4\u00e4kiekko, Kuusamo<\/title>\n<meta name=\"description\" content=\"Urheilubaari palvelee j\u00e4\u00e4hallilla tapahtumien aikana.\" \/>\n<meta name=\"robots\" content=\"index, follow, max-snippet:-1, max-image-preview:large, max-video-preview:-1\" \/>\n<link rel=\"canonical\" href=\"https:\/\/www.pallokarhut.fi\/jaakiekko\/pakan-urheilubaari\/\" \/>\n<meta property=\"og:locale\" content=\"fi_FI\" \/>\n<meta property=\"og:type\" content=\"article\" \/>\n<meta property=\"og:title\" content=\"PaKan Urheilubaari palvelee - Pallokarhut J\u00e4\u00e4kiekko, Kuusamo\" \/>\n<meta property=\"og:description\" content=\"Urheilubaari palvelee j\u00e4\u00e4hallilla tapahtumien aikana.\" \/>\n<meta property=\"og:url\" content=\"https:\/\/www.pallokarhut.fi\/jaakiekko\/pakan-urheilubaari\/\" \/>\n<meta property=\"og:site_name\" content=\"Pallokarhut J\u00e4\u00e4kiekko, Kuusamo\" \/>\n<meta property=\"article:publisher\" content=\"https:\/\/www.facebook.com\/profile.php?id=100041232415788\" \/>\n<meta property=\"article:modified_time\" content=\"2023-01-21T10:13:28+00:00\" \/>\n<meta property=\"og:image\" content=\"https:\/\/www.pallokarhut.fi\/jaakiekko\/wp-content\/uploads\/2018\/12\/urheilubaari.jpg\" \/>\n\t<meta property=\"og:image:width\" content=\"768\" \/>\n\t<meta property=\"og:image:height\" content=\"1024\" \/>\n\t<meta property=\"og:image:type\" content=\"image\/jpeg\" \/>\n<meta name=\"twitter:card\" content=\"summary_large_image\" \/>\n<meta name=\"twitter:label1\" content=\"Arvioitu lukuaika\" \/>\n\t<meta name=\"twitter:data1\" content=\"1 minuutti\" \/>\n<script type=\"application\/ld+json\" class=\"yoast-schema-graph\">{\"@context\":\"https:\\\/\\\/schema.org\",\"@graph\":[{\"@type\":\"WebPage\",\"@id\":\"https:\\\/\\\/www.pallokarhut.fi\\\/jaakiekko\\\/pakan-urheilubaari\\\/\",\"url\":\"https:\\\/\\\/www.pallokarhut.fi\\\/jaakiekko\\\/pakan-urheilubaari\\\/\",\"name\":\"PaKan Urheilubaari palvelee - Pallokarhut J\u00e4\u00e4kiekko, Kuusamo\",\"isPartOf\":{\"@id\":\"https:\\\/\\\/www.pallokarhut.fi\\\/jaakiekko\\\/#website\"},\"primaryImageOfPage\":{\"@id\":\"https:\\\/\\\/www.pallokarhut.fi\\\/jaakiekko\\\/pakan-urheilubaari\\\/#primaryimage\"},\"image\":{\"@id\":\"https:\\\/\\\/www.pallokarhut.fi\\\/jaakiekko\\\/pakan-urheilubaari\\\/#primaryimage\"},\"thumbnailUrl\":\"https:\\\/\\\/pallokarhut.fi\\\/jaakiekko\\\/wp-content\\\/uploads\\\/2018\\\/12\\\/urheilubaari.jpg\",\"datePublished\":\"2018-12-29T11:28:10+00:00\",\"dateModified\":\"2023-01-21T10:13:28+00:00\",\"description\":\"Urheilubaari palvelee j\u00e4\u00e4hallilla tapahtumien aikana.\",\"breadcrumb\":{\"@id\":\"https:\\\/\\\/www.pallokarhut.fi\\\/jaakiekko\\\/pakan-urheilubaari\\\/#breadcrumb\"},\"inLanguage\":\"fi\",\"potentialAction\":[{\"@type\":\"ReadAction\",\"target\":[\"https:\\\/\\\/www.pallokarhut.fi\\\/jaakiekko\\\/pakan-urheilubaari\\\/\"]}]},{\"@type\":\"ImageObject\",\"inLanguage\":\"fi\",\"@id\":\"https:\\\/\\\/www.pallokarhut.fi\\\/jaakiekko\\\/pakan-urheilubaari\\\/#primaryimage\",\"url\":\"https:\\\/\\\/pallokarhut.fi\\\/jaakiekko\\\/wp-content\\\/uploads\\\/2018\\\/12\\\/urheilubaari.jpg\",\"contentUrl\":\"https:\\\/\\\/pallokarhut.fi\\\/jaakiekko\\\/wp-content\\\/uploads\\\/2018\\\/12\\\/urheilubaari.jpg\",\"width\":768,\"height\":1024,\"caption\":\"urheilubaari\"},{\"@type\":\"BreadcrumbList\",\"@id\":\"https:\\\/\\\/www.pallokarhut.fi\\\/jaakiekko\\\/pakan-urheilubaari\\\/#breadcrumb\",\"itemListElement\":[{\"@type\":\"ListItem\",\"position\":1,\"name\":\"Etusivu\",\"item\":\"https:\\\/\\\/www.pallokarhut.fi\\\/jaakiekko\\\/\"},{\"@type\":\"ListItem\",\"position\":2,\"name\":\"PaKan Urheilubaari palvelee\"}]},{\"@type\":\"WebSite\",\"@id\":\"https:\\\/\\\/www.pallokarhut.fi\\\/jaakiekko\\\/#website\",\"url\":\"https:\\\/\\\/www.pallokarhut.fi\\\/jaakiekko\\\/\",\"name\":\"Pallokarhut J\u00e4\u00e4kiekko, Kuusamo\",\"description\":\"Uusi harrastus lapsille, nuorille ja koko perheelle! - Pallokarhut J\u00e4\u00e4kiekko, Kuusamo\",\"publisher\":{\"@id\":\"https:\\\/\\\/www.pallokarhut.fi\\\/jaakiekko\\\/#organization\"},\"potentialAction\":[{\"@type\":\"SearchAction\",\"target\":{\"@type\":\"EntryPoint\",\"urlTemplate\":\"https:\\\/\\\/www.pallokarhut.fi\\\/jaakiekko\\\/?s={search_term_string}\"},\"query-input\":{\"@type\":\"PropertyValueSpecification\",\"valueRequired\":true,\"valueName\":\"search_term_string\"}}],\"inLanguage\":\"fi\"},{\"@type\":\"Organization\",\"@id\":\"https:\\\/\\\/www.pallokarhut.fi\\\/jaakiekko\\\/#organization\",\"name\":\"Pallo-Karhut, j\u00e4\u00e4kiekko\",\"url\":\"https:\\\/\\\/www.pallokarhut.fi\\\/jaakiekko\\\/\",\"logo\":{\"@type\":\"ImageObject\",\"inLanguage\":\"fi\",\"@id\":\"https:\\\/\\\/www.pallokarhut.fi\\\/jaakiekko\\\/#\\\/schema\\\/logo\\\/image\\\/\",\"url\":\"https:\\\/\\\/www.pallokarhut.fi\\\/jaakiekko\\\/wp-content\\\/uploads\\\/2023\\\/02\\\/pakalogo.svg\",\"contentUrl\":\"https:\\\/\\\/www.pallokarhut.fi\\\/jaakiekko\\\/wp-content\\\/uploads\\\/2023\\\/02\\\/pakalogo.svg\",\"width\":1,\"height\":1,\"caption\":\"Pallo-Karhut, j\u00e4\u00e4kiekko\"},\"image\":{\"@id\":\"https:\\\/\\\/www.pallokarhut.fi\\\/jaakiekko\\\/#\\\/schema\\\/logo\\\/image\\\/\"},\"sameAs\":[\"https:\\\/\\\/www.facebook.com\\\/profile.php?id=100041232415788\"]}]}<\/script>\n<!-- \/ Yoast SEO plugin. -->","yoast_head_json":{"title":"PaKan Urheilubaari palvelee - Pallokarhut J\u00e4\u00e4kiekko, Kuusamo","description":"Urheilubaari palvelee j\u00e4\u00e4hallilla tapahtumien aikana.","robots":{"index":"index","follow":"follow","max-snippet":"max-snippet:-1","max-image-preview":"max-image-preview:large","max-video-preview":"max-video-preview:-1"},"canonical":"https:\/\/www.pallokarhut.fi\/jaakiekko\/pakan-urheilubaari\/","og_locale":"fi_FI","og_type":"article","og_title":"PaKan Urheilubaari palvelee - Pallokarhut J\u00e4\u00e4kiekko, Kuusamo","og_description":"Urheilubaari palvelee j\u00e4\u00e4hallilla tapahtumien aikana.","og_url":"https:\/\/www.pallokarhut.fi\/jaakiekko\/pakan-urheilubaari\/","og_site_name":"Pallokarhut J\u00e4\u00e4kiekko, Kuusamo","article_publisher":"https:\/\/www.facebook.com\/profile.php?id=100041232415788","article_modified_time":"2023-01-21T10:13:28+00:00","og_image":[{"width":768,"height":1024,"url":"https:\/\/www.pallokarhut.fi\/jaakiekko\/wp-content\/uploads\/2018\/12\/urheilubaari.jpg","type":"image\/jpeg"}],"twitter_card":"summary_large_image","twitter_misc":{"Arvioitu lukuaika":"1 minuutti"},"schema":{"@context":"https:\/\/schema.org","@graph":[{"@type":"WebPage","@id":"https:\/\/www.pallokarhut.fi\/jaakiekko\/pakan-urheilubaari\/","url":"https:\/\/www.pallokarhut.fi\/jaakiekko\/pakan-urheilubaari\/","name":"PaKan Urheilubaari palvelee - Pallokarhut J\u00e4\u00e4kiekko, Kuusamo","isPartOf":{"@id":"https:\/\/www.pallokarhut.fi\/jaakiekko\/#website"},"primaryImageOfPage":{"@id":"https:\/\/www.pallokarhut.fi\/jaakiekko\/pakan-urheilubaari\/#primaryimage"},"image":{"@id":"https:\/\/www.pallokarhut.fi\/jaakiekko\/pakan-urheilubaari\/#primaryimage"},"thumbnailUrl":"https:\/\/pallokarhut.fi\/jaakiekko\/wp-content\/uploads\/2018\/12\/urheilubaari.jpg","datePublished":"2018-12-29T11:28:10+00:00","dateModified":"2023-01-21T10:13:28+00:00","description":"Urheilubaari palvelee j\u00e4\u00e4hallilla tapahtumien aikana.","breadcrumb":{"@id":"https:\/\/www.pallokarhut.fi\/jaakiekko\/pakan-urheilubaari\/#breadcrumb"},"inLanguage":"fi","potentialAction":[{"@type":"ReadAction","target":["https:\/\/www.pallokarhut.fi\/jaakiekko\/pakan-urheilubaari\/"]}]},{"@type":"ImageObject","inLanguage":"fi","@id":"https:\/\/www.pallokarhut.fi\/jaakiekko\/pakan-urheilubaari\/#primaryimage","url":"https:\/\/pallokarhut.fi\/jaakiekko\/wp-content\/uploads\/2018\/12\/urheilubaari.jpg","contentUrl":"https:\/\/pallokarhut.fi\/jaakiekko\/wp-content\/uploads\/2018\/12\/urheilubaari.jpg","width":768,"height":1024,"caption":"urheilubaari"},{"@type":"BreadcrumbList","@id":"https:\/\/www.pallokarhut.fi\/jaakiekko\/pakan-urheilubaari\/#breadcrumb","itemListElement":[{"@type":"ListItem","position":1,"name":"Etusivu","item":"https:\/\/www.pallokarhut.fi\/jaakiekko\/"},{"@type":"ListItem","position":2,"name":"PaKan Urheilubaari palvelee"}]},{"@type":"WebSite","@id":"https:\/\/www.pallokarhut.fi\/jaakiekko\/#website","url":"https:\/\/www.pallokarhut.fi\/jaakiekko\/","name":"Pallokarhut J\u00e4\u00e4kiekko, Kuusamo","description":"Uusi harrastus lapsille, nuorille ja koko perheelle! - Pallokarhut J\u00e4\u00e4kiekko, Kuusamo","publisher":{"@id":"https:\/\/www.pallokarhut.fi\/jaakiekko\/#organization"},"potentialAction":[{"@type":"SearchAction","target":{"@type":"EntryPoint","urlTemplate":"https:\/\/www.pallokarhut.fi\/jaakiekko\/?s={search_term_string}"},"query-input":{"@type":"PropertyValueSpecification","valueRequired":true,"valueName":"search_term_string"}}],"inLanguage":"fi"},{"@type":"Organization","@id":"https:\/\/www.pallokarhut.fi\/jaakiekko\/#organization","name":"Pallo-Karhut, j\u00e4\u00e4kiekko","url":"https:\/\/www.pallokarhut.fi\/jaakiekko\/","logo":{"@type":"ImageObject","inLanguage":"fi","@id":"https:\/\/www.pallokarhut.fi\/jaakiekko\/#\/schema\/logo\/image\/","url":"https:\/\/www.pallokarhut.fi\/jaakiekko\/wp-content\/uploads\/2023\/02\/pakalogo.svg","contentUrl":"https:\/\/www.pallokarhut.fi\/jaakiekko\/wp-content\/uploads\/2023\/02\/pakalogo.svg","width":1,"height":1,"caption":"Pallo-Karhut, j\u00e4\u00e4kiekko"},"image":{"@id":"https:\/\/www.pallokarhut.fi\/jaakiekko\/#\/schema\/logo\/image\/"},"sameAs":["https:\/\/www.facebook.com\/profile.php?id=100041232415788"]}]}},"_links":{"self":[{"href":"https:\/\/pallokarhut.fi\/jaakiekko\/wp-json\/wp\/v2\/pages\/245","targetHints":{"allow":["GET"]}}],"collection":[{"href":"https:\/\/pallokarhut.fi\/jaakiekko\/wp-json\/wp\/v2\/pages"}],"about":[{"href":"https:\/\/pallokarhut.fi\/jaakiekko\/wp-json\/wp\/v2\/types\/page"}],"author":[{"embeddable":true,"href":"https:\/\/pallokarhut.fi\/jaakiekko\/wp-json\/wp\/v2\/users\/1"}],"replies":[{"embeddable":true,"href":"https:\/\/pallokarhut.fi\/jaakiekko\/wp-json\/wp\/v2\/comments?post=245"}],"version-history":[{"count":0,"href":"https:\/\/pallokarhut.fi\/jaakiekko\/wp-json\/wp\/v2\/pages\/245\/revisions"}],"wp:featuredmedia":[{"embeddable":true,"href":"https:\/\/pallokarhut.fi\/jaakiekko\/wp-json\/wp\/v2\/media\/242"}],"wp:attachment":[{"href":"https:\/\/pallokarhut.fi\/jaakiekko\/wp-json\/wp\/v2\/media?parent=245"}],"curies":[{"name":"wp","href":"https:\/\/api.w.org\/{rel}","templated":true}]}}