{"id":228,"date":"2023-01-15T08:26:10","date_gmt":"2023-01-15T06:26:10","guid":{"rendered":"http:\/\/www.pallokarhut.fi\/jaakiekko\/?p=228"},"modified":"2025-03-22T15:27:44","modified_gmt":"2025-03-22T13:27:44","slug":"kiinnostaako-junnukiekko-harrastuksena","status":"publish","type":"page","link":"https:\/\/pallokarhut.fi\/jaakiekko\/kiinnostaako-junnukiekko-harrastuksena\/","title":{"rendered":"Tule hyv\u00e4\u00e4n seuraan!"},"content":{"rendered":"<div>\n<h1 class=\"uk-article-title\">Tule hyv\u00e4\u00e4n seuraan!<\/h1>\n<div class=\"uk-margin-medium\" property=\"text\">\n<p>Terve! L\u00f6yd\u00e4t n\u00e4ilt\u00e4 sivuilta tietoa PaKa J\u00e4\u00e4kiekko ry:n joukkueista ja toimihenkil\u00f6ist\u00e4 sek\u00e4 seuramme toimintaperiaatteista.<\/p>\n<p>Uusi harrastus lapsille, nuorille ja koko perheelle!<\/p>\n<ul>\n<li>Perheen nuorimpien on helppo aloittaa harrastus luistelu- ja kiekkokoulusta. Katso lis\u00e4tiedot sivulta LKK.<\/li>\n<li>Joukkuetoimintaan p\u00e4\u00e4see mukaan olemalla yhteydess\u00e4 lapsen ik\u00e4ryhm\u00e4n joukkueenjohtajaan. Lis\u00e4tiedot joukkuesivuilta.<\/li>\n<li>Tarjoamme nuorimmille ik\u00e4ryhmille my\u00f6s edullisia vuokravarusteita kiekkoharrastuksen alkutaipaleelle.<\/li>\n<li>Kouluik\u00e4isten on mahdollista harrastaa lajia my\u00f6s Harrastekiekon muodossa kerran viikossa.<\/li>\n<li>Kiinnostaako sinua seuraty\u00f6? PaKa J\u00e4\u00e4kiekko ry tarjoaa yhteis\u00f6llist\u00e4 ja mukavaa tekemist\u00e4 my\u00f6s taustajoukoille sek\u00e4 muille lajista kiinnostuneille.<\/li>\n<\/ul>\n<p>Seuramme asiointiposti junnukiekko(at)pallokarhut.fi on k\u00e4yt\u00f6ss\u00e4 kaikissa seuraan liittyviss\u00e4 kysymyksiss\u00e4, joten otahan yhteytt\u00e4.\u00a0<\/p>\n<p>PaKa J\u00e4\u00e4kiekko ry on mukana <a href=\"https:\/\/www.olympiakomitea.fi\/seuratoiminta\/tahtiseurat\/\" target=\"_blank\" rel=\"noopener noreferrer\" class=\"customize-unpreviewable\">T\u00e4htiseura<\/a>-ohjelmassa. T\u00e4htiseura on Olympiakomitean ja lajiliittojen laatuohjelma, joka tukee ja kehitt\u00e4\u00e4 suomalaisen urheilun keskeist\u00e4 vahvuutta ja selk\u00e4rankaa: seuratoimintaa.\u00a0<\/p>\n<p>J\u00e4\u00e4kiekon harrastamiseen on mahdollista saada taloudellista tukea. Lue lis\u00e4\u00e4<span>\u00a0<\/span><a href=\"http:\/\/www.finhockey.fi\/index.php\/vanhemmalle\/tukea-harrastamiseen\" target=\"_blank\" rel=\"noopener noreferrer\" class=\"customize-unpreviewable\">J\u00e4\u00e4kiekkoliiton sivuilta<\/a>.<\/p>\n<p>Voit seurata meit\u00e4 Facebookissa ja Instagramissa.<\/p>\n<p><span><strong>Tervetuloa mukaan iloiseen PaKan kiekkoperheeseen!<\/strong><\/span><\/p>\n<\/div>\n<\/div>\n<p><!--more--><br \/>\n<!-- {\"type\":\"layout\",\"children\":[{\"type\":\"section\",\"props\":{\"height\":\"viewport\",\"height_offset_top\":true,\"height_viewport\":80,\"image\":\"wp-content\\\/uploads\\\/2022\\\/12\\\/pakakiekkoperhe2-scaled.jpg\",\"image_loading\":true,\"image_position\":\"center-center\",\"image_size\":\"cover\",\"padding\":\"none\",\"style\":\"default\",\"title_breakpoint\":\"xl\",\"title_position\":\"top-left\",\"title_rotation\":\"left\",\"vertical_align\":\"middle\",\"width\":\"\"},\"children\":[{\"type\":\"row\",\"children\":[{\"type\":\"column\",\"props\":{\"image_position\":\"center-center\",\"position_sticky_breakpoint\":\"m\"}}]}]},{\"type\":\"section\",\"props\":{\"image_position\":\"center-center\",\"style\":\"default\",\"title_breakpoint\":\"xl\",\"title_position\":\"top-left\",\"title_rotation\":\"left\",\"vertical_align\":\"\",\"width\":\"small\"},\"children\":[{\"type\":\"row\",\"children\":[{\"type\":\"column\",\"props\":{\"image_position\":\"center-center\",\"position_sticky_breakpoint\":\"m\"},\"children\":[{\"type\":\"text\",\"props\":{\"column_breakpoint\":\"m\",\"content\":\"\n\n<h1 class=\\\"uk-article-title\\\">Tule hyv\\u00e4\\u00e4n seuraan!<\\\/h1>\\n\n\n<div class=\\\"uk-margin-medium\\\" property=\\\"text\\\">\\n\n\n<p>Terve! L\\u00f6yd\\u00e4t n\\u00e4ilt\\u00e4 sivuilta tietoa PaKa J\\u00e4\\u00e4kiekko ry:n joukkueista ja toimihenkil\\u00f6ist\\u00e4 sek\\u00e4 seuramme toimintaperiaatteista.<\\\/p>\\n\n\n<p>Uusi harrastus lapsille, nuorille ja koko perheelle!<\\\/p>\\n\n\n<ul>\\n\n\n<li>Perheen nuorimpien on helppo aloittaa harrastus luistelu- ja kiekkokoulusta. Katso lis\\u00e4tiedot sivulta LKK.<\\\/li>\\n\n\n<li>Joukkuetoimintaan p\\u00e4\\u00e4see mukaan olemalla yhteydess\\u00e4 lapsen ik\\u00e4ryhm\\u00e4n joukkueenjohtajaan. Lis\\u00e4tiedot joukkuesivuilta.<\\\/li>\\n\n\n<li>Tarjoamme nuorimmille ik\\u00e4ryhmille my\\u00f6s edullisia vuokravarusteita kiekkoharrastuksen alkutaipaleelle.<\\\/li>\\n\n\n<li>Kouluik\\u00e4isten on mahdollista harrastaa lajia my\\u00f6s Harrastekiekon muodossa kerran viikossa.<\\\/li>\\n\n\n<li>Kiinnostaako sinua seuraty\\u00f6? PaKa J\\u00e4\\u00e4kiekko ry tarjoaa yhteis\\u00f6llist\\u00e4 ja mukavaa tekemist\\u00e4 my\\u00f6s taustajoukoille sek\\u00e4 muille lajista kiinnostuneille.<\\\/li>\\n<\\\/ul>\\n\n\n<p>Seuramme asiointiposti junnukiekko(at)pallokarhut.fi on k\\u00e4yt\\u00f6ss\\u00e4 kaikissa seuraan liittyviss\\u00e4 kysymyksiss\\u00e4, joten otahan yhteytt\\u00e4.\\u00a0<\\\/p>\\n\n\n<p>PaKa J\\u00e4\\u00e4kiekko ry on mukana <a href=\\\"https:\\\/\\\/www.olympiakomitea.fi\\\/seuratoiminta\\\/tahtiseurat\\\/\\\" target=\\\"_blank\\\" rel=\\\"noopener noreferrer\\\" class=\\\"customize-unpreviewable\\\">T\\u00e4htiseura<\\\/a>-ohjelmassa. T\\u00e4htiseura on Olympiakomitean ja lajiliittojen laatuohjelma, joka tukee ja kehitt\\u00e4\\u00e4 suomalaisen urheilun keskeist\\u00e4 vahvuutta ja selk\\u00e4rankaa: seuratoimintaa.\\u00a0<\\\/p>\\n\n\n<p>J\\u00e4\\u00e4kiekon harrastamiseen on mahdollista saada taloudellista tukea. Lue lis\\u00e4\\u00e4<span>\\u00a0<\\\/span><a href=\\\"http:\\\/\\\/www.finhockey.fi\\\/index.php\\\/vanhemmalle\\\/tukea-harrastamiseen\\\" target=\\\"_blank\\\" rel=\\\"noopener noreferrer\\\" class=\\\"customize-unpreviewable\\\">J\\u00e4\\u00e4kiekkoliiton sivuilta<\\\/a>.<\\\/p>\\n\n\n<p>Voit seurata meit\\u00e4 Facebookissa ja Instagramissa.<\\\/p>\\n\n\n<p><span><strong>Tervetuloa mukaan iloiseen PaKan kiekkoperheeseen!<\\\/strong><\\\/span><\\\/p>\\n<\\\/div>\",\"margin\":\"default\"}}]}]}]}],\"version\":\"4.5.3\"} --><\/p>\n","protected":false},"excerpt":{"rendered":"<p>Tule hyv\u00e4\u00e4n seuraan! Terve! L\u00f6yd\u00e4t n\u00e4ilt\u00e4 sivuilta tietoa PaKa J\u00e4\u00e4kiekko ry:n joukkueista ja toimihenkil\u00f6ist\u00e4 sek\u00e4 seuramme toimintaperiaatteista. Uusi harrastus lapsille, nuorille ja koko perheelle! Perheen nuorimpien on helppo aloittaa harrastus [&hellip;]<\/p>\n","protected":false},"author":1,"featured_media":227,"parent":0,"menu_order":27,"comment_status":"closed","ping_status":"closed","template":"","meta":{"footnotes":""},"class_list":["post-228","page","type-page","status-publish","has-post-thumbnail","hentry"],"yoast_head":"<!-- This site is optimized with the Yoast SEO plugin v27.3 - https:\/\/yoast.com\/product\/yoast-seo-wordpress\/ -->\n<title>Tule hyv\u00e4\u00e4n seuraan! - Pallokarhut J\u00e4\u00e4kiekko, Kuusamo<\/title>\n<meta name=\"description\" content=\"Tervetuloa mukaan iloiseen PaKan j\u00e4\u00e4kiekkoperheeseen! L\u00f6yd\u00e4t n\u00e4ilt\u00e4 sivuilta tietoa joukkueista ja toimihenkil\u00f6ist\u00e4 sek\u00e4 seurasta.\" \/>\n<meta name=\"robots\" content=\"index, follow, max-snippet:-1, max-image-preview:large, max-video-preview:-1\" \/>\n<link rel=\"canonical\" href=\"https:\/\/www.pallokarhut.fi\/jaakiekko\/kiinnostaako-junnukiekko-harrastuksena\/\" \/>\n<meta property=\"og:locale\" content=\"fi_FI\" \/>\n<meta property=\"og:type\" content=\"article\" \/>\n<meta property=\"og:title\" content=\"Tule hyv\u00e4\u00e4n seuraan! - Pallokarhut J\u00e4\u00e4kiekko, Kuusamo\" \/>\n<meta property=\"og:description\" content=\"Tervetuloa mukaan iloiseen PaKan j\u00e4\u00e4kiekkoperheeseen! L\u00f6yd\u00e4t n\u00e4ilt\u00e4 sivuilta tietoa joukkueista ja toimihenkil\u00f6ist\u00e4 sek\u00e4 seurasta.\" \/>\n<meta property=\"og:url\" content=\"https:\/\/www.pallokarhut.fi\/jaakiekko\/kiinnostaako-junnukiekko-harrastuksena\/\" \/>\n<meta property=\"og:site_name\" content=\"Pallokarhut J\u00e4\u00e4kiekko, Kuusamo\" \/>\n<meta property=\"article:publisher\" content=\"https:\/\/www.facebook.com\/profile.php?id=100041232415788\" \/>\n<meta property=\"article:modified_time\" content=\"2025-03-22T13:27:44+00:00\" \/>\n<meta property=\"og:image\" content=\"https:\/\/www.pallokarhut.fi\/jaakiekko\/wp-content\/uploads\/2018\/08\/pakakiekkoperhe-scaled.jpg\" \/>\n\t<meta property=\"og:image:width\" content=\"2560\" \/>\n\t<meta property=\"og:image:height\" content=\"1860\" \/>\n\t<meta property=\"og:image:type\" content=\"image\/jpeg\" \/>\n<meta name=\"twitter:card\" content=\"summary_large_image\" \/>\n<meta name=\"twitter:label1\" content=\"Arvioitu lukuaika\" \/>\n\t<meta name=\"twitter:data1\" content=\"3 minuuttia\" \/>\n<script type=\"application\/ld+json\" class=\"yoast-schema-graph\">{\"@context\":\"https:\\\/\\\/schema.org\",\"@graph\":[{\"@type\":\"WebPage\",\"@id\":\"https:\\\/\\\/www.pallokarhut.fi\\\/jaakiekko\\\/kiinnostaako-junnukiekko-harrastuksena\\\/\",\"url\":\"https:\\\/\\\/www.pallokarhut.fi\\\/jaakiekko\\\/kiinnostaako-junnukiekko-harrastuksena\\\/\",\"name\":\"Tule hyv\u00e4\u00e4n seuraan! - Pallokarhut J\u00e4\u00e4kiekko, Kuusamo\",\"isPartOf\":{\"@id\":\"https:\\\/\\\/www.pallokarhut.fi\\\/jaakiekko\\\/#website\"},\"primaryImageOfPage\":{\"@id\":\"https:\\\/\\\/www.pallokarhut.fi\\\/jaakiekko\\\/kiinnostaako-junnukiekko-harrastuksena\\\/#primaryimage\"},\"image\":{\"@id\":\"https:\\\/\\\/www.pallokarhut.fi\\\/jaakiekko\\\/kiinnostaako-junnukiekko-harrastuksena\\\/#primaryimage\"},\"thumbnailUrl\":\"https:\\\/\\\/pallokarhut.fi\\\/jaakiekko\\\/wp-content\\\/uploads\\\/2018\\\/08\\\/pakakiekkoperhe-scaled.jpg\",\"datePublished\":\"2023-01-15T06:26:10+00:00\",\"dateModified\":\"2025-03-22T13:27:44+00:00\",\"description\":\"Tervetuloa mukaan iloiseen PaKan j\u00e4\u00e4kiekkoperheeseen! L\u00f6yd\u00e4t n\u00e4ilt\u00e4 sivuilta tietoa joukkueista ja toimihenkil\u00f6ist\u00e4 sek\u00e4 seurasta.\",\"breadcrumb\":{\"@id\":\"https:\\\/\\\/www.pallokarhut.fi\\\/jaakiekko\\\/kiinnostaako-junnukiekko-harrastuksena\\\/#breadcrumb\"},\"inLanguage\":\"fi\",\"potentialAction\":[{\"@type\":\"ReadAction\",\"target\":[\"https:\\\/\\\/www.pallokarhut.fi\\\/jaakiekko\\\/kiinnostaako-junnukiekko-harrastuksena\\\/\"]}]},{\"@type\":\"ImageObject\",\"inLanguage\":\"fi\",\"@id\":\"https:\\\/\\\/www.pallokarhut.fi\\\/jaakiekko\\\/kiinnostaako-junnukiekko-harrastuksena\\\/#primaryimage\",\"url\":\"https:\\\/\\\/pallokarhut.fi\\\/jaakiekko\\\/wp-content\\\/uploads\\\/2018\\\/08\\\/pakakiekkoperhe-scaled.jpg\",\"contentUrl\":\"https:\\\/\\\/pallokarhut.fi\\\/jaakiekko\\\/wp-content\\\/uploads\\\/2018\\\/08\\\/pakakiekkoperhe-scaled.jpg\",\"width\":2560,\"height\":1860,\"caption\":\"pakakiekkoperhe\"},{\"@type\":\"BreadcrumbList\",\"@id\":\"https:\\\/\\\/www.pallokarhut.fi\\\/jaakiekko\\\/kiinnostaako-junnukiekko-harrastuksena\\\/#breadcrumb\",\"itemListElement\":[{\"@type\":\"ListItem\",\"position\":1,\"name\":\"Etusivu\",\"item\":\"https:\\\/\\\/www.pallokarhut.fi\\\/jaakiekko\\\/\"},{\"@type\":\"ListItem\",\"position\":2,\"name\":\"Tule hyv\u00e4\u00e4n seuraan!\"}]},{\"@type\":\"WebSite\",\"@id\":\"https:\\\/\\\/www.pallokarhut.fi\\\/jaakiekko\\\/#website\",\"url\":\"https:\\\/\\\/www.pallokarhut.fi\\\/jaakiekko\\\/\",\"name\":\"Pallokarhut J\u00e4\u00e4kiekko, Kuusamo\",\"description\":\"Uusi harrastus lapsille, nuorille ja koko perheelle! - Pallokarhut J\u00e4\u00e4kiekko, Kuusamo\",\"publisher\":{\"@id\":\"https:\\\/\\\/www.pallokarhut.fi\\\/jaakiekko\\\/#organization\"},\"potentialAction\":[{\"@type\":\"SearchAction\",\"target\":{\"@type\":\"EntryPoint\",\"urlTemplate\":\"https:\\\/\\\/www.pallokarhut.fi\\\/jaakiekko\\\/?s={search_term_string}\"},\"query-input\":{\"@type\":\"PropertyValueSpecification\",\"valueRequired\":true,\"valueName\":\"search_term_string\"}}],\"inLanguage\":\"fi\"},{\"@type\":\"Organization\",\"@id\":\"https:\\\/\\\/www.pallokarhut.fi\\\/jaakiekko\\\/#organization\",\"name\":\"Pallo-Karhut, j\u00e4\u00e4kiekko\",\"url\":\"https:\\\/\\\/www.pallokarhut.fi\\\/jaakiekko\\\/\",\"logo\":{\"@type\":\"ImageObject\",\"inLanguage\":\"fi\",\"@id\":\"https:\\\/\\\/www.pallokarhut.fi\\\/jaakiekko\\\/#\\\/schema\\\/logo\\\/image\\\/\",\"url\":\"https:\\\/\\\/www.pallokarhut.fi\\\/jaakiekko\\\/wp-content\\\/uploads\\\/2023\\\/02\\\/pakalogo.svg\",\"contentUrl\":\"https:\\\/\\\/www.pallokarhut.fi\\\/jaakiekko\\\/wp-content\\\/uploads\\\/2023\\\/02\\\/pakalogo.svg\",\"width\":1,\"height\":1,\"caption\":\"Pallo-Karhut, j\u00e4\u00e4kiekko\"},\"image\":{\"@id\":\"https:\\\/\\\/www.pallokarhut.fi\\\/jaakiekko\\\/#\\\/schema\\\/logo\\\/image\\\/\"},\"sameAs\":[\"https:\\\/\\\/www.facebook.com\\\/profile.php?id=100041232415788\"]}]}<\/script>\n<!-- \/ Yoast SEO plugin. -->","yoast_head_json":{"title":"Tule hyv\u00e4\u00e4n seuraan! - Pallokarhut J\u00e4\u00e4kiekko, Kuusamo","description":"Tervetuloa mukaan iloiseen PaKan j\u00e4\u00e4kiekkoperheeseen! L\u00f6yd\u00e4t n\u00e4ilt\u00e4 sivuilta tietoa joukkueista ja toimihenkil\u00f6ist\u00e4 sek\u00e4 seurasta.","robots":{"index":"index","follow":"follow","max-snippet":"max-snippet:-1","max-image-preview":"max-image-preview:large","max-video-preview":"max-video-preview:-1"},"canonical":"https:\/\/www.pallokarhut.fi\/jaakiekko\/kiinnostaako-junnukiekko-harrastuksena\/","og_locale":"fi_FI","og_type":"article","og_title":"Tule hyv\u00e4\u00e4n seuraan! - Pallokarhut J\u00e4\u00e4kiekko, Kuusamo","og_description":"Tervetuloa mukaan iloiseen PaKan j\u00e4\u00e4kiekkoperheeseen! L\u00f6yd\u00e4t n\u00e4ilt\u00e4 sivuilta tietoa joukkueista ja toimihenkil\u00f6ist\u00e4 sek\u00e4 seurasta.","og_url":"https:\/\/www.pallokarhut.fi\/jaakiekko\/kiinnostaako-junnukiekko-harrastuksena\/","og_site_name":"Pallokarhut J\u00e4\u00e4kiekko, Kuusamo","article_publisher":"https:\/\/www.facebook.com\/profile.php?id=100041232415788","article_modified_time":"2025-03-22T13:27:44+00:00","og_image":[{"width":2560,"height":1860,"url":"https:\/\/www.pallokarhut.fi\/jaakiekko\/wp-content\/uploads\/2018\/08\/pakakiekkoperhe-scaled.jpg","type":"image\/jpeg"}],"twitter_card":"summary_large_image","twitter_misc":{"Arvioitu lukuaika":"3 minuuttia"},"schema":{"@context":"https:\/\/schema.org","@graph":[{"@type":"WebPage","@id":"https:\/\/www.pallokarhut.fi\/jaakiekko\/kiinnostaako-junnukiekko-harrastuksena\/","url":"https:\/\/www.pallokarhut.fi\/jaakiekko\/kiinnostaako-junnukiekko-harrastuksena\/","name":"Tule hyv\u00e4\u00e4n seuraan! - Pallokarhut J\u00e4\u00e4kiekko, Kuusamo","isPartOf":{"@id":"https:\/\/www.pallokarhut.fi\/jaakiekko\/#website"},"primaryImageOfPage":{"@id":"https:\/\/www.pallokarhut.fi\/jaakiekko\/kiinnostaako-junnukiekko-harrastuksena\/#primaryimage"},"image":{"@id":"https:\/\/www.pallokarhut.fi\/jaakiekko\/kiinnostaako-junnukiekko-harrastuksena\/#primaryimage"},"thumbnailUrl":"https:\/\/pallokarhut.fi\/jaakiekko\/wp-content\/uploads\/2018\/08\/pakakiekkoperhe-scaled.jpg","datePublished":"2023-01-15T06:26:10+00:00","dateModified":"2025-03-22T13:27:44+00:00","description":"Tervetuloa mukaan iloiseen PaKan j\u00e4\u00e4kiekkoperheeseen! L\u00f6yd\u00e4t n\u00e4ilt\u00e4 sivuilta tietoa joukkueista ja toimihenkil\u00f6ist\u00e4 sek\u00e4 seurasta.","breadcrumb":{"@id":"https:\/\/www.pallokarhut.fi\/jaakiekko\/kiinnostaako-junnukiekko-harrastuksena\/#breadcrumb"},"inLanguage":"fi","potentialAction":[{"@type":"ReadAction","target":["https:\/\/www.pallokarhut.fi\/jaakiekko\/kiinnostaako-junnukiekko-harrastuksena\/"]}]},{"@type":"ImageObject","inLanguage":"fi","@id":"https:\/\/www.pallokarhut.fi\/jaakiekko\/kiinnostaako-junnukiekko-harrastuksena\/#primaryimage","url":"https:\/\/pallokarhut.fi\/jaakiekko\/wp-content\/uploads\/2018\/08\/pakakiekkoperhe-scaled.jpg","contentUrl":"https:\/\/pallokarhut.fi\/jaakiekko\/wp-content\/uploads\/2018\/08\/pakakiekkoperhe-scaled.jpg","width":2560,"height":1860,"caption":"pakakiekkoperhe"},{"@type":"BreadcrumbList","@id":"https:\/\/www.pallokarhut.fi\/jaakiekko\/kiinnostaako-junnukiekko-harrastuksena\/#breadcrumb","itemListElement":[{"@type":"ListItem","position":1,"name":"Etusivu","item":"https:\/\/www.pallokarhut.fi\/jaakiekko\/"},{"@type":"ListItem","position":2,"name":"Tule hyv\u00e4\u00e4n seuraan!"}]},{"@type":"WebSite","@id":"https:\/\/www.pallokarhut.fi\/jaakiekko\/#website","url":"https:\/\/www.pallokarhut.fi\/jaakiekko\/","name":"Pallokarhut J\u00e4\u00e4kiekko, Kuusamo","description":"Uusi harrastus lapsille, nuorille ja koko perheelle! - Pallokarhut J\u00e4\u00e4kiekko, Kuusamo","publisher":{"@id":"https:\/\/www.pallokarhut.fi\/jaakiekko\/#organization"},"potentialAction":[{"@type":"SearchAction","target":{"@type":"EntryPoint","urlTemplate":"https:\/\/www.pallokarhut.fi\/jaakiekko\/?s={search_term_string}"},"query-input":{"@type":"PropertyValueSpecification","valueRequired":true,"valueName":"search_term_string"}}],"inLanguage":"fi"},{"@type":"Organization","@id":"https:\/\/www.pallokarhut.fi\/jaakiekko\/#organization","name":"Pallo-Karhut, j\u00e4\u00e4kiekko","url":"https:\/\/www.pallokarhut.fi\/jaakiekko\/","logo":{"@type":"ImageObject","inLanguage":"fi","@id":"https:\/\/www.pallokarhut.fi\/jaakiekko\/#\/schema\/logo\/image\/","url":"https:\/\/www.pallokarhut.fi\/jaakiekko\/wp-content\/uploads\/2023\/02\/pakalogo.svg","contentUrl":"https:\/\/www.pallokarhut.fi\/jaakiekko\/wp-content\/uploads\/2023\/02\/pakalogo.svg","width":1,"height":1,"caption":"Pallo-Karhut, j\u00e4\u00e4kiekko"},"image":{"@id":"https:\/\/www.pallokarhut.fi\/jaakiekko\/#\/schema\/logo\/image\/"},"sameAs":["https:\/\/www.facebook.com\/profile.php?id=100041232415788"]}]}},"_links":{"self":[{"href":"https:\/\/pallokarhut.fi\/jaakiekko\/wp-json\/wp\/v2\/pages\/228","targetHints":{"allow":["GET"]}}],"collection":[{"href":"https:\/\/pallokarhut.fi\/jaakiekko\/wp-json\/wp\/v2\/pages"}],"about":[{"href":"https:\/\/pallokarhut.fi\/jaakiekko\/wp-json\/wp\/v2\/types\/page"}],"author":[{"embeddable":true,"href":"https:\/\/pallokarhut.fi\/jaakiekko\/wp-json\/wp\/v2\/users\/1"}],"replies":[{"embeddable":true,"href":"https:\/\/pallokarhut.fi\/jaakiekko\/wp-json\/wp\/v2\/comments?post=228"}],"version-history":[{"count":0,"href":"https:\/\/pallokarhut.fi\/jaakiekko\/wp-json\/wp\/v2\/pages\/228\/revisions"}],"wp:featuredmedia":[{"embeddable":true,"href":"https:\/\/pallokarhut.fi\/jaakiekko\/wp-json\/wp\/v2\/media\/227"}],"wp:attachment":[{"href":"https:\/\/pallokarhut.fi\/jaakiekko\/wp-json\/wp\/v2\/media?parent=228"}],"curies":[{"name":"wp","href":"https:\/\/api.w.org\/{rel}","templated":true}]}}