{"id":224,"date":"2018-06-15T18:45:08","date_gmt":"2018-06-15T15:45:08","guid":{"rendered":"http:\/\/www.pallokarhut.fi\/jaakiekko\/?p=224"},"modified":"2026-03-02T15:55:23","modified_gmt":"2026-03-02T13:55:23","slug":"tyttokiekko","status":"publish","type":"page","link":"https:\/\/pallokarhut.fi\/jaakiekko\/tyttokiekko\/","title":{"rendered":"Tytt\u00f6kiekko"},"content":{"rendered":"<h1>\n<p>Tytt\u00f6kiekko &amp; Mimmit<\/p>\n<\/h1>\n<p><img decoding=\"async\" src=\"\/jaakiekko\/wp-content\/uploads\/2026\/01\/N12-scaled.jpeg\" alt=\"\"><\/p>\n<div>\n<p><strong>Tytt\u00f6kiekossa voit kokeilla, harrastaa ja pelata j\u00e4\u00e4kiekkoa matalalla kynnyksell\u00e4. Kaikki tyt\u00f6t ovat tervetulleita mukaan!<\/p>\n<p>Kuusamon Pallo-Karhuissa voit osallistua tytt\u00f6kiekkoon seuraavasti:<\/strong><\/p>\n<p><strong>Tytt\u00f6kiekkokoulu<\/strong><br \/>Kenelle: Kaikille tyt\u00f6ille. Suunnattu erityisesti 6\u201312-vuotiaille\u00a0<br \/>Hinta: Maksuton kaudella 2025-2026! <br \/>Huom! Kiekkokoulurekister\u00f6inti 3,75 euroa pakollinen.<br \/>Varusteet: tarvitset v\u00e4hint\u00e4\u00e4n ristikkokyp\u00e4r\u00e4n, luistimet, mailan, kaulasuojan sek\u00e4 kyyn\u00e4r- ja polvisuojat. Seuramme vuokraa varustesettej\u00e4 hintaan 20 euroa\/kausi. <br \/>Milloin: keskiviikkoisin klo 18:10-19:00 (Kev\u00e4tkausi 14.1.2026 alkaen)<\/p>\n<p><strong>Ilmoittautuminen ja lis\u00e4tiedot:<\/strong> <br \/><strong>Tytt\u00f6kiekkovastaava<\/strong> <br \/>Elise Ylitalo (puh 050 362 8368)<\/p>\n<p><strong>Mukaan voi tulla kauden aikana, milloin vaan!<\/p>\n<p>Tapahtumat<br \/><a href=\"https:\/\/www.pallokarhut.fi\/jaakiekko\/tapahtuma\/global-girls-game-tyttojen-pelit-tule-kokeilemaan-jaakiekkoa\/\">12.2.2026 Global Girls&#8217; Game &#8211; Tytt\u00f6jen pelit 6-12 -vuotialle.<\/a><\/strong><\/p>\n<p><strong>U-joukkueet<br \/><\/strong>Tyt\u00f6t harjoittelevat ja pelaavat U8 &#8211; U18-joukkueissa.<\/p>\n<p><strong>Kiinnostuitko j\u00e4\u00e4kiekosta harrastuksena?<\/strong><br \/><strong>Tytt\u00f6kiekkovastaava<\/strong> <br \/>Elise Ylitalo (puh 050 362 8368)<\/p>\n<p><strong>Ole yhteydess\u00e4, katsotaan sinulle sopiva tapa harrastaa!<\/strong><\/p>\n<\/p>\n<\/p>\n<\/div>\n<div>\n<p><em>Huom! Kuusamon Pallo-Karhut J\u00e4\u00e4kiekko ry ja Kajaanin Junnu Hokki ry suunnittelevat yhteisty\u00f6ss\u00e4 naisten Suomi-sarjajoukkuetta kaudelle 2026\u20132027. Oletko kiinnostunut pelaamaan naisten Suomi-sarjassa? <strong>Katso <a href=\"https:\/\/www.pallokarhut.fi\/jaakiekko\/kuusamoon-suunnitteilla-naisten-jaakiekon-suomi-sarjajoukkue-yhteistyossa-kajaanin-junnu-hokki-ryn-kanssa\/\">lis\u00e4tietoja.<\/a><\/strong><\/em><\/p>\n<\/div>\n<div>\n<div class=\"uk-width-1-2@s uk-width-1-2@m uk-first-column\">\n<div class=\"uk-panel uk-margin\">\n<p><strong>N12<\/strong><\/p>\n<\/div>\n<\/div>\n<div class=\"uk-width-1-2@s uk-width-1-2@m\">\n<div class=\"uk-panel uk-margin\">\n<p><strong>Pelaajat 2025-2026<br \/><\/strong>Kantola Tetta<br \/>Ervasti Jessica<br \/>Haataja Enniina<br \/>Huotari Eevi<br \/>Kouri Emmi<br \/>M\u00e4\u00e4tt\u00e4 Iida<br \/>Parkkinen Mirja<br \/>Pitk\u00e4nen Minttu<br \/>Rytioja Alma<br \/>Suoraj\u00e4rvi Netta<br \/>Toivanen Anna<\/p>\n<p><b>Vastuuvalmentaja<br \/><\/b>Tero Parkkinen<\/p>\n<p><b>Valmentaja<br \/><\/b>Antti Kouri<\/p>\n<p><b>Joukkueenjohtaja<br \/><\/b>Jukka Rytioja (puh 044 056 2265)<\/p>\n<p><b>Huoltajat<br \/><\/b>Tetta Haataja<\/p>\n<p><b>Katso joukkueen otteluohjelma<span>\u00a0<\/span><a href=\"https:\/\/tulospalvelu.leijonat.fi\/serie\/?lang=fi\">t\u00e4\u00e4lt\u00e4<\/a><\/b><\/p>\n<\/div>\n<\/div>\n<\/div>\n<div>\n<hr \/>\n<p><strong>Oletko kiinnostunut naiskiekosta harrastuksena?\u00a0<\/strong><strong>Ota yhteytt\u00e4!<\/strong><\/p>\n<p><strong>Mimmien joukkueenjohtaja<\/strong><br \/>P\u00e4tsi Annukka (puh 040 749 5300)<\/p>\n<p><strong>J\u00e4\u00e4harjoitusajat kaudella 2025-2026<\/strong><br \/>Sunnuntai klo 18:00-19:15<\/p>\n<\/div>\n<ul>\n<li><a href=\"https:\/\/www.instagram.com\/pakatyttokiekko\/\">instagram<\/a>\n<\/li>\n<\/ul>\n<p><!--more--><br \/>\n<!-- {\"type\":\"layout\",\"children\":[{\"type\":\"section\",\"props\":{\"animation\":\"slide-left\",\"image_position\":\"center-center\",\"padding_bottom\":\"none\",\"padding_top\":\"none\",\"style\":\"default\",\"title_breakpoint\":\"xl\",\"title_position\":\"top-left\",\"title_rotation\":\"left\",\"vertical_align\":\"\",\"width\":\"\"},\"children\":[{\"type\":\"row\",\"props\":{\"column_gap\":\"collapse\",\"layout\":\"1-3,2-3\",\"row_gap\":\"collapse\"},\"children\":[{\"type\":\"column\",\"props\":{\"image_position\":\"center-center\",\"position_sticky_breakpoint\":\"m\",\"style\":\"tile-primary\",\"vertical_align\":\"middle\",\"width_medium\":\"1-3\"},\"children\":[{\"type\":\"headline\",\"props\":{\"content\":\"\n\n<p>Tytt\u00f6kiekko &amp; Mimmit<\/p>\n\n\",\"image_align\":\"left\",\"image_margin\":\"xsmall\",\"text_align\":\"center\",\"title_element\":\"h1\",\"title_style\":\"heading-small\"}},{\"type\":\"image\",\"props\":{\"image\":\"\",\"image_alt\":\"etoleyksin\",\"image_svg_color\":\"emphasis\",\"image_width\":\"180\",\"margin_bottom\":\"default\",\"margin_top\":\"default\",\"text_align\":\"center\"},\"name\":\"et ole yksin\"}]},{\"type\":\"column\",\"props\":{\"image_position\":\"center-center\",\"position_sticky_breakpoint\":\"m\",\"width_medium\":\"2-3\"},\"children\":[{\"type\":\"image\",\"props\":{\"image\":\"wp-content\/uploads\/2026\/01\/N12-scaled.jpeg\",\"image_svg_color\":\"emphasis\",\"margin_bottom\":\"default\",\"margin_top\":\"default\"}}]}]}]},{\"type\":\"section\",\"props\":{\"image_position\":\"center-center\",\"style\":\"default\",\"title_breakpoint\":\"xl\",\"title_position\":\"top-left\",\"title_rotation\":\"left\",\"vertical_align\":\"\",\"width\":\"small\"},\"children\":[{\"type\":\"row\",\"props\":{\"layout\":\"1-2,1-2\"},\"children\":[{\"type\":\"column\",\"props\":{\"image_position\":\"center-center\",\"position_sticky_breakpoint\":\"m\",\"width_medium\":\"1-2\",\"width_small\":\"1-2\"},\"children\":[{\"type\":\"text\",\"props\":{\"column_breakpoint\":\"m\",\"content\":\"\n\n<p><strong>Tytt\u00f6kiekossa voit kokeilla, harrastaa ja pelata j\u00e4\u00e4kiekkoa matalalla kynnyksell\u00e4. Kaikki tyt\u00f6t ovat tervetulleita mukaan!\n\nKuusamon Pallo-Karhuissa voit osallistua tytt\u00f6kiekkoon seuraavasti:<\/strong><\/p>\n\n\\n\n\n<p><strong>Tytt\u00f6kiekkokoulu<\/strong><br \/>Kenelle: Kaikille tyt\u00f6ille. Suunnattu erityisesti 6\u201312-vuotiaille\u00a0<br \/>Hinta: Maksuton kaudella 2025-2026! <br \/>Huom! Kiekkokoulurekister\u00f6inti 3,75 euroa pakollinen.<br \/>Varusteet: tarvitset v\u00e4hint\u00e4\u00e4n ristikkokyp\u00e4r\u00e4n, luistimet, mailan, kaulasuojan sek\u00e4 kyyn\u00e4r- ja polvisuojat. Seuramme vuokraa varustesettej\u00e4 hintaan 20 euroa\/kausi. <br \/>Milloin: keskiviikkoisin klo 18:10-19:00 (Kev\u00e4tkausi 14.1.2026 alkaen)\n\n<strong>Ilmoittautuminen ja lis\u00e4tiedot:<\/strong> <br \/><strong>Tytt\u00f6kiekkovastaava<\/strong> <br \/>Elise Ylitalo (puh 050 362 8368)<\/p>\n\n\\n\n\n<p><strong>Mukaan voi tulla kauden aikana, milloin vaan!\n\nTapahtumat<br \/><a href=\\\"https:\/\/www.pallokarhut.fi\/jaakiekko\/tapahtuma\/global-girls-game-tyttojen-pelit-tule-kokeilemaan-jaakiekkoa\/\\\">12.2.2026 Global Girls' Game - Tytt\u00f6jen pelit 6-12 -vuotialle.<\/a><\/strong><\/p>\n\n\\n\n\n<p><strong>U-joukkueet<br \/><\/strong>Tyt\u00f6t harjoittelevat ja pelaavat U8 - U18-joukkueissa.\n\n<strong>Kiinnostuitko j\u00e4\u00e4kiekosta harrastuksena?<\/strong><br \/><strong>Tytt\u00f6kiekkovastaava<\/strong> <br \/>Elise Ylitalo (puh 050 362 8368)<\/p>\n\n\\n\n\n<p><strong>Ole yhteydess\u00e4, katsotaan sinulle sopiva tapa harrastaa!<\/strong><\/p>\n\n\\n\n\n\n\n\\n\n\n\n\n\\n\n\n\n\n\",\"margin_bottom\":\"default\",\"margin_top\":\"default\"}},{\"type\":\"text\",\"props\":{\"column_breakpoint\":\"m\",\"content\":\"\n\n<p><em>Huom! Kuusamon Pallo-Karhut J\u00e4\u00e4kiekko ry ja Kajaanin Junnu Hokki ry suunnittelevat yhteisty\u00f6ss\u00e4 naisten Suomi-sarjajoukkuetta kaudelle 2026\u20132027. Oletko kiinnostunut pelaamaan naisten Suomi-sarjassa? <strong>Katso <a href=\\\"https:\/\/www.pallokarhut.fi\/jaakiekko\/kuusamoon-suunnitteilla-naisten-jaakiekon-suomi-sarjajoukkue-yhteistyossa-kajaanin-junnu-hokki-ryn-kanssa\/\\\">lis\u00e4tietoja.<\/a><\/strong><\/em><\/p>\n\n\",\"margin_bottom\":\"default\",\"margin_top\":\"default\"}}]},{\"type\":\"column\",\"props\":{\"image_position\":\"center-center\",\"position_sticky_breakpoint\":\"m\",\"width_medium\":\"1-2\",\"width_small\":\"1-2\"},\"children\":[{\"type\":\"text\",\"props\":{\"column_breakpoint\":\"m\",\"content\":\"\n\n<div class=\\\"uk-width-1-2@s uk-width-1-2@m uk-first-column\\\">\\n\n\n<div class=\\\"uk-panel uk-margin\\\">\\n\n\n<p><strong>N12<\/strong><\/p>\n\n\\n<\/div>\n\n\\n<\/div>\n\n\\n\n\n<div class=\\\"uk-width-1-2@s uk-width-1-2@m\\\">\\n\n\n<div class=\\\"uk-panel uk-margin\\\">\\n\n\n<p><strong>Pelaajat 2025-2026<br \/><\/strong>Kantola Tetta<br \/>Ervasti Jessica<br \/>Haataja Enniina<br \/>Huotari Eevi<br \/>Kouri Emmi<br \/>M\u00e4\u00e4tt\u00e4 Iida<br \/>Parkkinen Mirja<br \/>Pitk\u00e4nen Minttu<br \/>Rytioja Alma<br \/>Suoraj\u00e4rvi Netta<br \/>Toivanen Anna\n\n<b>Vastuuvalmentaja<br \/><\/b>Tero Parkkinen\n\n<b>Valmentaja<br \/><\/b>Antti Kouri\n\n<b>Joukkueenjohtaja<br \/><\/b>Jukka Rytioja (puh 044 056 2265)\n\n<b>Huoltajat<br \/><\/b>Tetta Haataja\n\n<b>Katso joukkueen otteluohjelma<span>\u00a0<\/span><a href=\\\"https:\/\/tulospalvelu.leijonat.fi\/serie\/?lang=fi\\\">t\u00e4\u00e4lt\u00e4<\/a><\/b><\/p>\n\n\\n<\/div>\n\n\\n<\/div>\n\n\",\"margin_bottom\":\"default\",\"margin_top\":\"default\"}},{\"type\":\"text\",\"props\":{\"column_breakpoint\":\"m\",\"content\":\"\n\n\n\n\\n\n\n<hr \/>\n\n\\n\n\n<p><strong>Oletko kiinnostunut naiskiekosta harrastuksena?\u00a0<\/strong><strong>Ota yhteytt\u00e4!<\/strong><\/p>\n\n\\n\n\n<p><strong>Mimmien joukkueenjohtaja<\/strong><br \/>P\u00e4tsi Annukka (puh 040 749 5300)<\/p>\n\n\\n\n\n<p><strong>J\u00e4\u00e4harjoitusajat kaudella 2025-2026<\/strong><br \/>Sunnuntai klo 18:00-19:15<\/p>\n\n\",\"margin_bottom\":\"default\",\"margin_top\":\"default\"}}]}]}]},{\"type\":\"section\",\"props\":{\"image_position\":\"center-center\",\"style\":\"default\",\"title_breakpoint\":\"xl\",\"title_position\":\"top-left\",\"title_rotation\":\"left\",\"vertical_align\":\"middle\",\"width\":\"default\"},\"children\":[{\"type\":\"row\",\"children\":[{\"type\":\"column\",\"props\":{\"image_position\":\"center-center\",\"position_sticky_breakpoint\":\"m\"},\"children\":[{\"type\":\"social\",\"props\":{\"grid\":\"horizontal\",\"grid_column_gap\":\"small\",\"grid_row_gap\":\"small\",\"image_svg_inline\":true,\"link_style\":\"button\",\"margin_bottom\":\"default\",\"margin_top\":\"default\"},\"children\":[{\"type\":\"social_item\",\"props\":{\"icon\":\"instagram\",\"link\":\"https:\/\/www.instagram.com\/pakatyttokiekko\/\"}}]}]}]}]}],\"version\":\"5.0.14\"} --><\/p>\n","protected":false},"excerpt":{"rendered":"<p>Tytt\u00f6kiekko &amp; Mimmit Tytt\u00f6kiekossa voit kokeilla, harrastaa ja pelata j\u00e4\u00e4kiekkoa matalalla kynnyksell\u00e4. Kaikki tyt\u00f6t ovat tervetulleita mukaan! Kuusamon Pallo-Karhuissa voit osallistua tytt\u00f6kiekkoon seuraavasti: Tytt\u00f6kiekkokouluKenelle: Kaikille tyt\u00f6ille. Suunnattu erityisesti 6\u201312-vuotiaille\u00a0Hinta: Maksuton [&hellip;]<\/p>\n","protected":false},"author":1,"featured_media":2001,"parent":0,"menu_order":7,"comment_status":"closed","ping_status":"closed","template":"","meta":{"footnotes":""},"class_list":["post-224","page","type-page","status-publish","has-post-thumbnail","hentry"],"yoast_head":"<!-- This site is optimized with the Yoast SEO plugin v27.3 - https:\/\/yoast.com\/product\/yoast-seo-wordpress\/ -->\n<title>Tytt\u00f6kiekko - Pallokarhut J\u00e4\u00e4kiekko, Kuusamo<\/title>\n<meta name=\"description\" content=\"n15 ja mimmit\" \/>\n<meta name=\"robots\" content=\"index, follow, max-snippet:-1, max-image-preview:large, max-video-preview:-1\" \/>\n<link rel=\"canonical\" href=\"https:\/\/www.pallokarhut.fi\/jaakiekko\/tyttokiekko\/\" \/>\n<meta property=\"og:locale\" content=\"fi_FI\" \/>\n<meta property=\"og:type\" content=\"article\" \/>\n<meta property=\"og:title\" content=\"Tytt\u00f6kiekko - Pallokarhut J\u00e4\u00e4kiekko, Kuusamo\" \/>\n<meta property=\"og:description\" content=\"n15 ja mimmit\" \/>\n<meta property=\"og:url\" content=\"https:\/\/www.pallokarhut.fi\/jaakiekko\/tyttokiekko\/\" \/>\n<meta property=\"og:site_name\" content=\"Pallokarhut J\u00e4\u00e4kiekko, Kuusamo\" \/>\n<meta property=\"article:publisher\" content=\"https:\/\/www.facebook.com\/profile.php?id=100041232415788\" \/>\n<meta property=\"article:modified_time\" content=\"2026-03-02T13:55:23+00:00\" \/>\n<meta property=\"og:image\" content=\"https:\/\/www.pallokarhut.fi\/jaakiekko\/wp-content\/uploads\/2023\/09\/N15_2023_2024.jpg\" \/>\n\t<meta property=\"og:image:width\" content=\"2048\" \/>\n\t<meta property=\"og:image:height\" content=\"1398\" \/>\n\t<meta property=\"og:image:type\" content=\"image\/jpeg\" \/>\n<meta name=\"twitter:card\" content=\"summary_large_image\" \/>\n<meta name=\"twitter:label1\" content=\"Arvioitu lukuaika\" \/>\n\t<meta name=\"twitter:data1\" content=\"2 minuuttia\" \/>\n<script type=\"application\/ld+json\" class=\"yoast-schema-graph\">{\"@context\":\"https:\\\/\\\/schema.org\",\"@graph\":[{\"@type\":\"WebPage\",\"@id\":\"https:\\\/\\\/www.pallokarhut.fi\\\/jaakiekko\\\/tyttokiekko\\\/\",\"url\":\"https:\\\/\\\/www.pallokarhut.fi\\\/jaakiekko\\\/tyttokiekko\\\/\",\"name\":\"Tytt\u00f6kiekko - Pallokarhut J\u00e4\u00e4kiekko, Kuusamo\",\"isPartOf\":{\"@id\":\"https:\\\/\\\/www.pallokarhut.fi\\\/jaakiekko\\\/#website\"},\"primaryImageOfPage\":{\"@id\":\"https:\\\/\\\/www.pallokarhut.fi\\\/jaakiekko\\\/tyttokiekko\\\/#primaryimage\"},\"image\":{\"@id\":\"https:\\\/\\\/www.pallokarhut.fi\\\/jaakiekko\\\/tyttokiekko\\\/#primaryimage\"},\"thumbnailUrl\":\"https:\\\/\\\/pallokarhut.fi\\\/jaakiekko\\\/wp-content\\\/uploads\\\/2023\\\/09\\\/N15_2023_2024.jpg\",\"datePublished\":\"2018-06-15T15:45:08+00:00\",\"dateModified\":\"2026-03-02T13:55:23+00:00\",\"description\":\"n15 ja mimmit\",\"breadcrumb\":{\"@id\":\"https:\\\/\\\/www.pallokarhut.fi\\\/jaakiekko\\\/tyttokiekko\\\/#breadcrumb\"},\"inLanguage\":\"fi\",\"potentialAction\":[{\"@type\":\"ReadAction\",\"target\":[\"https:\\\/\\\/www.pallokarhut.fi\\\/jaakiekko\\\/tyttokiekko\\\/\"]}]},{\"@type\":\"ImageObject\",\"inLanguage\":\"fi\",\"@id\":\"https:\\\/\\\/www.pallokarhut.fi\\\/jaakiekko\\\/tyttokiekko\\\/#primaryimage\",\"url\":\"https:\\\/\\\/pallokarhut.fi\\\/jaakiekko\\\/wp-content\\\/uploads\\\/2023\\\/09\\\/N15_2023_2024.jpg\",\"contentUrl\":\"https:\\\/\\\/pallokarhut.fi\\\/jaakiekko\\\/wp-content\\\/uploads\\\/2023\\\/09\\\/N15_2023_2024.jpg\",\"width\":2048,\"height\":1398,\"caption\":\"N15 joukkue kaudella 2023-2024\"},{\"@type\":\"BreadcrumbList\",\"@id\":\"https:\\\/\\\/www.pallokarhut.fi\\\/jaakiekko\\\/tyttokiekko\\\/#breadcrumb\",\"itemListElement\":[{\"@type\":\"ListItem\",\"position\":1,\"name\":\"Etusivu\",\"item\":\"https:\\\/\\\/www.pallokarhut.fi\\\/jaakiekko\\\/\"},{\"@type\":\"ListItem\",\"position\":2,\"name\":\"Tytt\u00f6kiekko\"}]},{\"@type\":\"WebSite\",\"@id\":\"https:\\\/\\\/www.pallokarhut.fi\\\/jaakiekko\\\/#website\",\"url\":\"https:\\\/\\\/www.pallokarhut.fi\\\/jaakiekko\\\/\",\"name\":\"Pallokarhut J\u00e4\u00e4kiekko, Kuusamo\",\"description\":\"Uusi harrastus lapsille, nuorille ja koko perheelle! - Pallokarhut J\u00e4\u00e4kiekko, Kuusamo\",\"publisher\":{\"@id\":\"https:\\\/\\\/www.pallokarhut.fi\\\/jaakiekko\\\/#organization\"},\"potentialAction\":[{\"@type\":\"SearchAction\",\"target\":{\"@type\":\"EntryPoint\",\"urlTemplate\":\"https:\\\/\\\/www.pallokarhut.fi\\\/jaakiekko\\\/?s={search_term_string}\"},\"query-input\":{\"@type\":\"PropertyValueSpecification\",\"valueRequired\":true,\"valueName\":\"search_term_string\"}}],\"inLanguage\":\"fi\"},{\"@type\":\"Organization\",\"@id\":\"https:\\\/\\\/www.pallokarhut.fi\\\/jaakiekko\\\/#organization\",\"name\":\"Pallo-Karhut, j\u00e4\u00e4kiekko\",\"url\":\"https:\\\/\\\/www.pallokarhut.fi\\\/jaakiekko\\\/\",\"logo\":{\"@type\":\"ImageObject\",\"inLanguage\":\"fi\",\"@id\":\"https:\\\/\\\/www.pallokarhut.fi\\\/jaakiekko\\\/#\\\/schema\\\/logo\\\/image\\\/\",\"url\":\"https:\\\/\\\/www.pallokarhut.fi\\\/jaakiekko\\\/wp-content\\\/uploads\\\/2023\\\/02\\\/pakalogo.svg\",\"contentUrl\":\"https:\\\/\\\/www.pallokarhut.fi\\\/jaakiekko\\\/wp-content\\\/uploads\\\/2023\\\/02\\\/pakalogo.svg\",\"width\":1,\"height\":1,\"caption\":\"Pallo-Karhut, j\u00e4\u00e4kiekko\"},\"image\":{\"@id\":\"https:\\\/\\\/www.pallokarhut.fi\\\/jaakiekko\\\/#\\\/schema\\\/logo\\\/image\\\/\"},\"sameAs\":[\"https:\\\/\\\/www.facebook.com\\\/profile.php?id=100041232415788\"]}]}<\/script>\n<!-- \/ Yoast SEO plugin. -->","yoast_head_json":{"title":"Tytt\u00f6kiekko - Pallokarhut J\u00e4\u00e4kiekko, Kuusamo","description":"n15 ja mimmit","robots":{"index":"index","follow":"follow","max-snippet":"max-snippet:-1","max-image-preview":"max-image-preview:large","max-video-preview":"max-video-preview:-1"},"canonical":"https:\/\/www.pallokarhut.fi\/jaakiekko\/tyttokiekko\/","og_locale":"fi_FI","og_type":"article","og_title":"Tytt\u00f6kiekko - Pallokarhut J\u00e4\u00e4kiekko, Kuusamo","og_description":"n15 ja mimmit","og_url":"https:\/\/www.pallokarhut.fi\/jaakiekko\/tyttokiekko\/","og_site_name":"Pallokarhut J\u00e4\u00e4kiekko, Kuusamo","article_publisher":"https:\/\/www.facebook.com\/profile.php?id=100041232415788","article_modified_time":"2026-03-02T13:55:23+00:00","og_image":[{"width":2048,"height":1398,"url":"https:\/\/www.pallokarhut.fi\/jaakiekko\/wp-content\/uploads\/2023\/09\/N15_2023_2024.jpg","type":"image\/jpeg"}],"twitter_card":"summary_large_image","twitter_misc":{"Arvioitu lukuaika":"2 minuuttia"},"schema":{"@context":"https:\/\/schema.org","@graph":[{"@type":"WebPage","@id":"https:\/\/www.pallokarhut.fi\/jaakiekko\/tyttokiekko\/","url":"https:\/\/www.pallokarhut.fi\/jaakiekko\/tyttokiekko\/","name":"Tytt\u00f6kiekko - Pallokarhut J\u00e4\u00e4kiekko, Kuusamo","isPartOf":{"@id":"https:\/\/www.pallokarhut.fi\/jaakiekko\/#website"},"primaryImageOfPage":{"@id":"https:\/\/www.pallokarhut.fi\/jaakiekko\/tyttokiekko\/#primaryimage"},"image":{"@id":"https:\/\/www.pallokarhut.fi\/jaakiekko\/tyttokiekko\/#primaryimage"},"thumbnailUrl":"https:\/\/pallokarhut.fi\/jaakiekko\/wp-content\/uploads\/2023\/09\/N15_2023_2024.jpg","datePublished":"2018-06-15T15:45:08+00:00","dateModified":"2026-03-02T13:55:23+00:00","description":"n15 ja mimmit","breadcrumb":{"@id":"https:\/\/www.pallokarhut.fi\/jaakiekko\/tyttokiekko\/#breadcrumb"},"inLanguage":"fi","potentialAction":[{"@type":"ReadAction","target":["https:\/\/www.pallokarhut.fi\/jaakiekko\/tyttokiekko\/"]}]},{"@type":"ImageObject","inLanguage":"fi","@id":"https:\/\/www.pallokarhut.fi\/jaakiekko\/tyttokiekko\/#primaryimage","url":"https:\/\/pallokarhut.fi\/jaakiekko\/wp-content\/uploads\/2023\/09\/N15_2023_2024.jpg","contentUrl":"https:\/\/pallokarhut.fi\/jaakiekko\/wp-content\/uploads\/2023\/09\/N15_2023_2024.jpg","width":2048,"height":1398,"caption":"N15 joukkue kaudella 2023-2024"},{"@type":"BreadcrumbList","@id":"https:\/\/www.pallokarhut.fi\/jaakiekko\/tyttokiekko\/#breadcrumb","itemListElement":[{"@type":"ListItem","position":1,"name":"Etusivu","item":"https:\/\/www.pallokarhut.fi\/jaakiekko\/"},{"@type":"ListItem","position":2,"name":"Tytt\u00f6kiekko"}]},{"@type":"WebSite","@id":"https:\/\/www.pallokarhut.fi\/jaakiekko\/#website","url":"https:\/\/www.pallokarhut.fi\/jaakiekko\/","name":"Pallokarhut J\u00e4\u00e4kiekko, Kuusamo","description":"Uusi harrastus lapsille, nuorille ja koko perheelle! - Pallokarhut J\u00e4\u00e4kiekko, Kuusamo","publisher":{"@id":"https:\/\/www.pallokarhut.fi\/jaakiekko\/#organization"},"potentialAction":[{"@type":"SearchAction","target":{"@type":"EntryPoint","urlTemplate":"https:\/\/www.pallokarhut.fi\/jaakiekko\/?s={search_term_string}"},"query-input":{"@type":"PropertyValueSpecification","valueRequired":true,"valueName":"search_term_string"}}],"inLanguage":"fi"},{"@type":"Organization","@id":"https:\/\/www.pallokarhut.fi\/jaakiekko\/#organization","name":"Pallo-Karhut, j\u00e4\u00e4kiekko","url":"https:\/\/www.pallokarhut.fi\/jaakiekko\/","logo":{"@type":"ImageObject","inLanguage":"fi","@id":"https:\/\/www.pallokarhut.fi\/jaakiekko\/#\/schema\/logo\/image\/","url":"https:\/\/www.pallokarhut.fi\/jaakiekko\/wp-content\/uploads\/2023\/02\/pakalogo.svg","contentUrl":"https:\/\/www.pallokarhut.fi\/jaakiekko\/wp-content\/uploads\/2023\/02\/pakalogo.svg","width":1,"height":1,"caption":"Pallo-Karhut, j\u00e4\u00e4kiekko"},"image":{"@id":"https:\/\/www.pallokarhut.fi\/jaakiekko\/#\/schema\/logo\/image\/"},"sameAs":["https:\/\/www.facebook.com\/profile.php?id=100041232415788"]}]}},"_links":{"self":[{"href":"https:\/\/pallokarhut.fi\/jaakiekko\/wp-json\/wp\/v2\/pages\/224","targetHints":{"allow":["GET"]}}],"collection":[{"href":"https:\/\/pallokarhut.fi\/jaakiekko\/wp-json\/wp\/v2\/pages"}],"about":[{"href":"https:\/\/pallokarhut.fi\/jaakiekko\/wp-json\/wp\/v2\/types\/page"}],"author":[{"embeddable":true,"href":"https:\/\/pallokarhut.fi\/jaakiekko\/wp-json\/wp\/v2\/users\/1"}],"replies":[{"embeddable":true,"href":"https:\/\/pallokarhut.fi\/jaakiekko\/wp-json\/wp\/v2\/comments?post=224"}],"version-history":[{"count":0,"href":"https:\/\/pallokarhut.fi\/jaakiekko\/wp-json\/wp\/v2\/pages\/224\/revisions"}],"wp:featuredmedia":[{"embeddable":true,"href":"https:\/\/pallokarhut.fi\/jaakiekko\/wp-json\/wp\/v2\/media\/2001"}],"wp:attachment":[{"href":"https:\/\/pallokarhut.fi\/jaakiekko\/wp-json\/wp\/v2\/media?parent=224"}],"curies":[{"name":"wp","href":"https:\/\/api.w.org\/{rel}","templated":true}]}}