{"id":207,"date":"2017-09-11T09:20:02","date_gmt":"2017-09-11T06:20:02","guid":{"rendered":"http:\/\/www.pallokarhut.fi\/jaakiekko\/?p=207"},"modified":"2026-01-10T22:36:02","modified_gmt":"2026-01-10T20:36:02","slug":"junnut-u13","status":"publish","type":"page","link":"https:\/\/pallokarhut.fi\/jaakiekko\/junnut-u13\/","title":{"rendered":"Junnut U13"},"content":{"rendered":"<h1>U13<\/h1>\n<p><img decoding=\"async\" src=\"\/jaakiekko\/wp-content\/uploads\/2023\/01\/etoleyksin_logo.svg\" alt=\"etoleyksin\"><br \/>\n<img decoding=\"async\" src=\"\/jaakiekko\/wp-content\/uploads\/2025\/11\/WhatsApp-Image-2025-11-04-at-07.27.43.jpeg\" alt=\"u11 2022 2023\"><\/p>\n<div>\n<p><strong>Pelaajat 2024-2025<br \/><\/strong>Autio Emil<br \/>Denisov Leon<br \/>Heikkala Aapeli<br \/>H\u00e4rk\u00f6nen Minea<br \/>Kantola Tetta<br \/>Karjalainen Perttu<br \/>Korhonen Arttu<br \/>Kumpulainen Rasmus<br \/>K\u00e4kel\u00e4 Ville<br \/>K\u00e4m\u00e4r\u00e4inen Panu\u00a0 <br \/>K\u00e4m\u00e4r\u00e4inen Kiira<br \/>Laihola Joose<br \/>Nevanper\u00e4 Arvo<br \/>Pitk\u00e4nen Ilari<br \/>Pitk\u00e4nen Kasperi<br \/>Poussu Viljami<br \/>Takkula Niklas<\/p>\n<p><strong>Katso joukkueen otteluohjelma <a href=\"https:\/\/tulospalvelu.leijonat.fi\/serie\/?lang=fi\">t\u00e4\u00e4lt\u00e4<\/a><\/strong><\/p>\n<\/div>\n<div>\n<p><strong>Vastuuvalmentaja<\/strong><br \/>Hannu Pitk\u00e4nen<\/p>\n<p><strong>Valmentaja<\/strong><br \/>Antti Autio<br \/>Janne Laihola<br \/>Mirka P\u00e4tsi (fysiikkavalmentaja)<\/p>\n<p><b>Joukkueenjohtaja<br \/><\/b>Sanna Pitk\u00e4nen<\/p>\n<p><strong>Huoltajat<\/strong><br \/>Miia Koskenniska<br \/>Mikko Heikkala<\/p>\n<p><strong>J\u00e4\u00e4harjoitusajat kaudella 2025-2026<\/strong><br \/>Maanantai klo 18:20-19:30<br \/>Tiistai klo 18:30-19:30<br \/>Torstai klo 18:30-19:30<\/p>\n<\/div>\n<p><!--more--><br \/>\n<!-- {\"type\":\"layout\",\"children\":[{\"type\":\"section\",\"props\":{\"animation\":\"slide-left\",\"image_position\":\"center-center\",\"padding\":\"none\",\"style\":\"default\",\"title_breakpoint\":\"xl\",\"title_position\":\"top-left\",\"title_rotation\":\"left\",\"vertical_align\":\"\",\"width\":\"\"},\"children\":[{\"type\":\"row\",\"props\":{\"column_gap\":\"collapse\",\"layout\":\"1-3,2-3\",\"row_gap\":\"collapse\"},\"children\":[{\"type\":\"column\",\"props\":{\"image_position\":\"center-center\",\"position_sticky_breakpoint\":\"m\",\"style\":\"tile-primary\",\"vertical_align\":\"middle\",\"width_medium\":\"1-3\"},\"children\":[{\"type\":\"headline\",\"props\":{\"content\":\"U13\",\"text_align\":\"center\",\"title_element\":\"h1\",\"title_style\":\"heading-small\"}},{\"type\":\"image\",\"props\":{\"image\":\"wp-content\\\/uploads\\\/2023\\\/01\\\/etoleyksin_logo.svg\",\"image_alt\":\"etoleyksin\",\"image_svg_color\":\"emphasis\",\"image_width\":\"180\",\"margin\":\"default\",\"text_align\":\"center\"},\"name\":\"et ole yksin\"}]},{\"type\":\"column\",\"props\":{\"image_position\":\"center-center\",\"position_sticky_breakpoint\":\"m\",\"width_medium\":\"2-3\"},\"children\":[{\"type\":\"image\",\"props\":{\"image\":\"wp-content\\\/uploads\\\/2025\\\/11\\\/WhatsApp-Image-2025-11-04-at-07.27.43.jpeg\",\"image_alt\":\"u11 2022 2023\",\"image_height\":\"800\",\"image_svg_color\":\"emphasis\",\"image_width\":\"1600\",\"margin\":\"default\",\"text_align\":\"center\"}}]}]}]},{\"type\":\"section\",\"props\":{\"image_position\":\"center-center\",\"style\":\"default\",\"title_breakpoint\":\"xl\",\"title_position\":\"top-left\",\"title_rotation\":\"left\",\"vertical_align\":\"\",\"width\":\"small\"},\"children\":[{\"type\":\"row\",\"props\":{\"layout\":\"1-2,1-2\"},\"children\":[{\"type\":\"column\",\"props\":{\"image_position\":\"center-center\",\"position_sticky_breakpoint\":\"m\",\"width_medium\":\"1-2\",\"width_small\":\"1-2\"},\"children\":[{\"type\":\"text\",\"props\":{\"column_breakpoint\":\"m\",\"content\":\"\n\n<p><strong>Pelaajat 2024-2025<br \\\/><\\\/strong>Autio Emil<br \\\/>Denisov Leon<br \\\/>Heikkala Aapeli<br \\\/>H\\u00e4rk\\u00f6nen Minea<br \\\/>Kantola Tetta<br \\\/>Karjalainen Perttu<br \\\/>Korhonen Arttu<br \\\/>Kumpulainen Rasmus<br \\\/>K\\u00e4kel\\u00e4 Ville<br \\\/>K\\u00e4m\\u00e4r\\u00e4inen Panu\\u00a0 <br \\\/>K\\u00e4m\\u00e4r\\u00e4inen Kiira<br \\\/>Laihola Joose<br \\\/>Nevanper\\u00e4 Arvo<br \\\/>Pitk\\u00e4nen Ilari<br \\\/>Pitk\\u00e4nen Kasperi<br \\\/>Poussu Viljami<br \\\/>Takkula Niklas<br \\\/><br \\\/><strong>Katso joukkueen otteluohjelma <a href=\\\"https:\\\/\\\/tulospalvelu.leijonat.fi\\\/serie\\\/?lang=fi\\\">t\\u00e4\\u00e4lt\\u00e4<\\\/a><\\\/strong><\\\/p>\",\"margin\":\"default\"}}]},{\"type\":\"column\",\"props\":{\"image_position\":\"center-center\",\"position_sticky_breakpoint\":\"m\",\"width_medium\":\"1-2\",\"width_small\":\"1-2\"},\"children\":[{\"type\":\"text\",\"props\":{\"column_breakpoint\":\"m\",\"content\":\"\n\n<p><strong>Vastuuvalmentaja<\\\/strong><br \\\/>Hannu Pitk\\u00e4nen<\\\/p>\\n\n\n<p><strong>Valmentaja<\\\/strong><br \\\/>Antti Autio<br \\\/>Janne Laihola<br \\\/>Mirka P\\u00e4tsi (fysiikkavalmentaja)<br \\\/><br \\\/><b>Joukkueenjohtaja<br \\\/><\\\/b>Sanna Pitk\\u00e4nen<\\\/p>\\n\n\n<p><strong>Huoltajat<\\\/strong><br \\\/>Miia Koskenniska<br \\\/>Mikko Heikkala<\\\/p>\\n\n\n<p><strong>J\\u00e4\\u00e4harjoitusajat kaudella 2025-2026<\\\/strong><br \\\/>Maanantai klo 18:20-19:30<br \\\/>Tiistai klo 18:30-19:30<br \\\/>Torstai klo 18:30-19:30<\\\/p>\",\"margin\":\"default\"}}]}]}]}],\"version\":\"4.5.32\"} --><\/p>\n","protected":false},"excerpt":{"rendered":"<p>U13 Pelaajat 2024-2025Autio EmilDenisov LeonHeikkala AapeliH\u00e4rk\u00f6nen MineaKantola TettaKarjalainen PerttuKorhonen ArttuKumpulainen RasmusK\u00e4kel\u00e4 VilleK\u00e4m\u00e4r\u00e4inen Panu\u00a0 K\u00e4m\u00e4r\u00e4inen KiiraLaihola JooseNevanper\u00e4 ArvoPitk\u00e4nen IlariPitk\u00e4nen KasperiPoussu ViljamiTakkula Niklas Katso joukkueen otteluohjelma t\u00e4\u00e4lt\u00e4 VastuuvalmentajaHannu Pitk\u00e4nen ValmentajaAntti AutioJanne LaiholaMirka [&hellip;]<\/p>\n","protected":false},"author":1,"featured_media":0,"parent":0,"menu_order":13,"comment_status":"closed","ping_status":"closed","template":"","meta":{"footnotes":""},"class_list":["post-207","page","type-page","status-publish","hentry"],"yoast_head":"<!-- This site is optimized with the Yoast SEO plugin v27.3 - https:\/\/yoast.com\/product\/yoast-seo-wordpress\/ -->\n<title>Junnut U13 - Pallokarhut J\u00e4\u00e4kiekko, Kuusamo<\/title>\n<meta name=\"description\" content=\"Junnut U13\" \/>\n<meta name=\"robots\" content=\"index, follow, max-snippet:-1, max-image-preview:large, max-video-preview:-1\" \/>\n<link rel=\"canonical\" href=\"https:\/\/www.pallokarhut.fi\/jaakiekko\/junnut-u13\/\" \/>\n<meta property=\"og:locale\" content=\"fi_FI\" \/>\n<meta property=\"og:type\" content=\"article\" \/>\n<meta property=\"og:title\" content=\"Junnut U13 - Pallokarhut J\u00e4\u00e4kiekko, Kuusamo\" \/>\n<meta property=\"og:description\" content=\"Junnut U13\" \/>\n<meta property=\"og:url\" content=\"https:\/\/www.pallokarhut.fi\/jaakiekko\/junnut-u13\/\" \/>\n<meta property=\"og:site_name\" content=\"Pallokarhut J\u00e4\u00e4kiekko, Kuusamo\" \/>\n<meta property=\"article:publisher\" content=\"https:\/\/www.facebook.com\/profile.php?id=100041232415788\" \/>\n<meta property=\"article:modified_time\" content=\"2026-01-10T20:36:02+00:00\" \/>\n<meta property=\"og:image\" content=\"https:\/\/pallokarhut.fi\/jaakiekko\/wp-content\/uploads\/2023\/02\/pallokarhut-logo-iso-sin-tausta.jpg\" \/>\n\t<meta property=\"og:image:width\" content=\"1200\" \/>\n\t<meta property=\"og:image:height\" content=\"675\" \/>\n\t<meta property=\"og:image:type\" content=\"image\/jpeg\" \/>\n<meta name=\"twitter:card\" content=\"summary_large_image\" \/>\n<meta name=\"twitter:label1\" content=\"Arvioitu lukuaika\" \/>\n\t<meta name=\"twitter:data1\" content=\"2 minuuttia\" \/>\n<script type=\"application\/ld+json\" class=\"yoast-schema-graph\">{\"@context\":\"https:\\\/\\\/schema.org\",\"@graph\":[{\"@type\":\"WebPage\",\"@id\":\"https:\\\/\\\/www.pallokarhut.fi\\\/jaakiekko\\\/junnut-u13\\\/\",\"url\":\"https:\\\/\\\/www.pallokarhut.fi\\\/jaakiekko\\\/junnut-u13\\\/\",\"name\":\"Junnut U13 - Pallokarhut J\u00e4\u00e4kiekko, Kuusamo\",\"isPartOf\":{\"@id\":\"https:\\\/\\\/www.pallokarhut.fi\\\/jaakiekko\\\/#website\"},\"datePublished\":\"2017-09-11T06:20:02+00:00\",\"dateModified\":\"2026-01-10T20:36:02+00:00\",\"description\":\"Junnut U13\",\"breadcrumb\":{\"@id\":\"https:\\\/\\\/www.pallokarhut.fi\\\/jaakiekko\\\/junnut-u13\\\/#breadcrumb\"},\"inLanguage\":\"fi\",\"potentialAction\":[{\"@type\":\"ReadAction\",\"target\":[\"https:\\\/\\\/www.pallokarhut.fi\\\/jaakiekko\\\/junnut-u13\\\/\"]}]},{\"@type\":\"BreadcrumbList\",\"@id\":\"https:\\\/\\\/www.pallokarhut.fi\\\/jaakiekko\\\/junnut-u13\\\/#breadcrumb\",\"itemListElement\":[{\"@type\":\"ListItem\",\"position\":1,\"name\":\"Etusivu\",\"item\":\"https:\\\/\\\/www.pallokarhut.fi\\\/jaakiekko\\\/\"},{\"@type\":\"ListItem\",\"position\":2,\"name\":\"Junnut U13\"}]},{\"@type\":\"WebSite\",\"@id\":\"https:\\\/\\\/www.pallokarhut.fi\\\/jaakiekko\\\/#website\",\"url\":\"https:\\\/\\\/www.pallokarhut.fi\\\/jaakiekko\\\/\",\"name\":\"Pallokarhut J\u00e4\u00e4kiekko, Kuusamo\",\"description\":\"Uusi harrastus lapsille, nuorille ja koko perheelle! - Pallokarhut J\u00e4\u00e4kiekko, Kuusamo\",\"publisher\":{\"@id\":\"https:\\\/\\\/www.pallokarhut.fi\\\/jaakiekko\\\/#organization\"},\"potentialAction\":[{\"@type\":\"SearchAction\",\"target\":{\"@type\":\"EntryPoint\",\"urlTemplate\":\"https:\\\/\\\/www.pallokarhut.fi\\\/jaakiekko\\\/?s={search_term_string}\"},\"query-input\":{\"@type\":\"PropertyValueSpecification\",\"valueRequired\":true,\"valueName\":\"search_term_string\"}}],\"inLanguage\":\"fi\"},{\"@type\":\"Organization\",\"@id\":\"https:\\\/\\\/www.pallokarhut.fi\\\/jaakiekko\\\/#organization\",\"name\":\"Pallo-Karhut, j\u00e4\u00e4kiekko\",\"url\":\"https:\\\/\\\/www.pallokarhut.fi\\\/jaakiekko\\\/\",\"logo\":{\"@type\":\"ImageObject\",\"inLanguage\":\"fi\",\"@id\":\"https:\\\/\\\/www.pallokarhut.fi\\\/jaakiekko\\\/#\\\/schema\\\/logo\\\/image\\\/\",\"url\":\"https:\\\/\\\/www.pallokarhut.fi\\\/jaakiekko\\\/wp-content\\\/uploads\\\/2023\\\/02\\\/pakalogo.svg\",\"contentUrl\":\"https:\\\/\\\/www.pallokarhut.fi\\\/jaakiekko\\\/wp-content\\\/uploads\\\/2023\\\/02\\\/pakalogo.svg\",\"width\":1,\"height\":1,\"caption\":\"Pallo-Karhut, j\u00e4\u00e4kiekko\"},\"image\":{\"@id\":\"https:\\\/\\\/www.pallokarhut.fi\\\/jaakiekko\\\/#\\\/schema\\\/logo\\\/image\\\/\"},\"sameAs\":[\"https:\\\/\\\/www.facebook.com\\\/profile.php?id=100041232415788\"]}]}<\/script>\n<!-- \/ Yoast SEO plugin. -->","yoast_head_json":{"title":"Junnut U13 - Pallokarhut J\u00e4\u00e4kiekko, Kuusamo","description":"Junnut U13","robots":{"index":"index","follow":"follow","max-snippet":"max-snippet:-1","max-image-preview":"max-image-preview:large","max-video-preview":"max-video-preview:-1"},"canonical":"https:\/\/www.pallokarhut.fi\/jaakiekko\/junnut-u13\/","og_locale":"fi_FI","og_type":"article","og_title":"Junnut U13 - Pallokarhut J\u00e4\u00e4kiekko, Kuusamo","og_description":"Junnut U13","og_url":"https:\/\/www.pallokarhut.fi\/jaakiekko\/junnut-u13\/","og_site_name":"Pallokarhut J\u00e4\u00e4kiekko, Kuusamo","article_publisher":"https:\/\/www.facebook.com\/profile.php?id=100041232415788","article_modified_time":"2026-01-10T20:36:02+00:00","og_image":[{"width":1200,"height":675,"url":"https:\/\/pallokarhut.fi\/jaakiekko\/wp-content\/uploads\/2023\/02\/pallokarhut-logo-iso-sin-tausta.jpg","type":"image\/jpeg"}],"twitter_card":"summary_large_image","twitter_misc":{"Arvioitu lukuaika":"2 minuuttia"},"schema":{"@context":"https:\/\/schema.org","@graph":[{"@type":"WebPage","@id":"https:\/\/www.pallokarhut.fi\/jaakiekko\/junnut-u13\/","url":"https:\/\/www.pallokarhut.fi\/jaakiekko\/junnut-u13\/","name":"Junnut U13 - Pallokarhut J\u00e4\u00e4kiekko, Kuusamo","isPartOf":{"@id":"https:\/\/www.pallokarhut.fi\/jaakiekko\/#website"},"datePublished":"2017-09-11T06:20:02+00:00","dateModified":"2026-01-10T20:36:02+00:00","description":"Junnut U13","breadcrumb":{"@id":"https:\/\/www.pallokarhut.fi\/jaakiekko\/junnut-u13\/#breadcrumb"},"inLanguage":"fi","potentialAction":[{"@type":"ReadAction","target":["https:\/\/www.pallokarhut.fi\/jaakiekko\/junnut-u13\/"]}]},{"@type":"BreadcrumbList","@id":"https:\/\/www.pallokarhut.fi\/jaakiekko\/junnut-u13\/#breadcrumb","itemListElement":[{"@type":"ListItem","position":1,"name":"Etusivu","item":"https:\/\/www.pallokarhut.fi\/jaakiekko\/"},{"@type":"ListItem","position":2,"name":"Junnut U13"}]},{"@type":"WebSite","@id":"https:\/\/www.pallokarhut.fi\/jaakiekko\/#website","url":"https:\/\/www.pallokarhut.fi\/jaakiekko\/","name":"Pallokarhut J\u00e4\u00e4kiekko, Kuusamo","description":"Uusi harrastus lapsille, nuorille ja koko perheelle! - Pallokarhut J\u00e4\u00e4kiekko, Kuusamo","publisher":{"@id":"https:\/\/www.pallokarhut.fi\/jaakiekko\/#organization"},"potentialAction":[{"@type":"SearchAction","target":{"@type":"EntryPoint","urlTemplate":"https:\/\/www.pallokarhut.fi\/jaakiekko\/?s={search_term_string}"},"query-input":{"@type":"PropertyValueSpecification","valueRequired":true,"valueName":"search_term_string"}}],"inLanguage":"fi"},{"@type":"Organization","@id":"https:\/\/www.pallokarhut.fi\/jaakiekko\/#organization","name":"Pallo-Karhut, j\u00e4\u00e4kiekko","url":"https:\/\/www.pallokarhut.fi\/jaakiekko\/","logo":{"@type":"ImageObject","inLanguage":"fi","@id":"https:\/\/www.pallokarhut.fi\/jaakiekko\/#\/schema\/logo\/image\/","url":"https:\/\/www.pallokarhut.fi\/jaakiekko\/wp-content\/uploads\/2023\/02\/pakalogo.svg","contentUrl":"https:\/\/www.pallokarhut.fi\/jaakiekko\/wp-content\/uploads\/2023\/02\/pakalogo.svg","width":1,"height":1,"caption":"Pallo-Karhut, j\u00e4\u00e4kiekko"},"image":{"@id":"https:\/\/www.pallokarhut.fi\/jaakiekko\/#\/schema\/logo\/image\/"},"sameAs":["https:\/\/www.facebook.com\/profile.php?id=100041232415788"]}]}},"_links":{"self":[{"href":"https:\/\/pallokarhut.fi\/jaakiekko\/wp-json\/wp\/v2\/pages\/207","targetHints":{"allow":["GET"]}}],"collection":[{"href":"https:\/\/pallokarhut.fi\/jaakiekko\/wp-json\/wp\/v2\/pages"}],"about":[{"href":"https:\/\/pallokarhut.fi\/jaakiekko\/wp-json\/wp\/v2\/types\/page"}],"author":[{"embeddable":true,"href":"https:\/\/pallokarhut.fi\/jaakiekko\/wp-json\/wp\/v2\/users\/1"}],"replies":[{"embeddable":true,"href":"https:\/\/pallokarhut.fi\/jaakiekko\/wp-json\/wp\/v2\/comments?post=207"}],"version-history":[{"count":0,"href":"https:\/\/pallokarhut.fi\/jaakiekko\/wp-json\/wp\/v2\/pages\/207\/revisions"}],"wp:attachment":[{"href":"https:\/\/pallokarhut.fi\/jaakiekko\/wp-json\/wp\/v2\/media?parent=207"}],"curies":[{"name":"wp","href":"https:\/\/api.w.org\/{rel}","templated":true}]}}