{"id":19,"date":"2010-01-28T22:49:40","date_gmt":"2010-01-28T20:49:40","guid":{"rendered":"http:\/\/www.pallokarhut.fi\/jaakiekko\/?p=19"},"modified":"2025-05-01T18:38:48","modified_gmt":"2025-05-01T15:38:48","slug":"yhteystiedot","status":"publish","type":"page","link":"https:\/\/pallokarhut.fi\/jaakiekko\/yhteystiedot\/","title":{"rendered":"Yhteystiedot"},"content":{"rendered":"<div>\n<h1 class=\"uk-article-title\">Yhteystiedot<\/h1>\n<div class=\"uk-margin-medium\" property=\"text\">\n<p><span><strong>Kuusamon Pallo-Karhut J\u00e4\u00e4kiekko ry<\/strong><\/span><\/p>\n<p><span><strong>Asiointis\u00e4hk\u00f6posti<br \/><\/strong>junnukiekko(at)pallokarhut.fi<\/span><\/p>\n<p><strong><span>Kotihallin yhteystiedot<br \/><\/span><\/strong><span>Kuusamon j\u00e4\u00e4halli, EVO Areena<br \/>Kitkantie 42<br \/>93600 KUUSAMO\u00a0<br \/>puh 040 753 5681\u00a0<\/span><\/p>\n<p><span><strong>Johtokunta 2025-2026<br \/><\/strong>Puheenjohtaja Perttu Karjalainen, puh 040 531 6572<\/span><br \/><span>Varapuheenjohtaja Raimo Lohilahti, puh 0400 508 207<\/span><br \/><span>Rahastonhoitaja Jaana L\u00e4ms\u00e4-Valkola, puh 040 512 8195 <\/span><br \/><span>Jussi Loukusa<\/span><br \/><span>Henri M\u00e4\u00e4tt\u00e4<br \/>Markku Aikio<br \/>Mikko Heikkala<br \/>Antti Maaninka<br \/>Hannu Pitk\u00e4nen<\/span><\/p>\n<p><span><strong>Edustuskiekkojaosto 2025-2026<br \/><\/strong><\/span><span>Puheenjohtaja\u00a0Raimo Lohilahti, puh 0400 508 207<br \/>Henri M\u00e4\u00e4tt\u00e4<br \/>Esa T\u00f6rm\u00e4nen<br \/>Tommi Kajava<\/span><\/p>\n<p><span><strong>Juniorikiekkojaosto 2025-2026<br \/><\/strong><\/span><span>Puheenjohtaja Perttu Karjalainen, puh 040 531 6572<br \/>Rahastonhoitaja Jaana L\u00e4ms\u00e4-Valkola, puh 040 512 8195<br \/>U8-U18 ja Mimmien joukkueenjohtajat<br \/><\/span><span>Seuran LKK-, tytt\u00f6kiekko- ja MV-vastaavat<\/p>\n<p><\/span><span><strong>Tytt\u00f6kiekkovastaava<br \/><\/strong><\/span><span>Elise Ylitalo<\/span><\/p>\n<p><strong>Maalivahtivastaava<\/strong><br \/>Markku Aikio<\/p>\n<\/div>\n<\/div>\n<p><img decoding=\"async\" src=\"\/jaakiekko\/wp-content\/uploads\/2010\/01\/kartta.gif\" alt=\"kartta\"><\/p>\n<div>\n<p><iframe width=\"100%\" height=\"450\" style=\"border: 0;\" src=\"https:\/\/www.google.com\/maps\/embed?pb=!1m18!1m12!1m3!1d1624.6222450692285!2d29.17732247748674!3d65.97143547848167!2m3!1f0!2f0!3f0!3m2!1i1024!2i768!4f13.1!3m3!1m2!1s0x44294fe5c9fcf073%3A0xd3f4e3947be7e8bd!2zS3V1c2Ftb24gasOkw6RoYWxsaQ!5e0!3m2!1sfi!2sfi!4v1671781472884!5m2!1sfi!2sfi\" allowfullscreen=\"allowfullscreen\" loading=\"lazy\" referrerpolicy=\"no-referrer-when-downgrade\"><\/iframe><\/p>\n<\/div>\n<p><!--more--><br \/>\n<!-- {\"type\":\"layout\",\"children\":[{\"type\":\"section\",\"props\":{\"image_position\":\"center-center\",\"style\":\"default\",\"title_breakpoint\":\"xl\",\"title_position\":\"top-left\",\"title_rotation\":\"left\",\"vertical_align\":\"\",\"width\":\"default\"},\"children\":[{\"type\":\"row\",\"props\":{\"layout\":\"3-5,2-5\"},\"children\":[{\"type\":\"column\",\"props\":{\"image_position\":\"center-center\",\"position_sticky_breakpoint\":\"m\",\"width_medium\":\"3-5\",\"width_small\":\"1-2\"},\"children\":[{\"type\":\"text\",\"props\":{\"column_breakpoint\":\"m\",\"content\":\"\n\n<h1 class=\\\"uk-article-title\\\">Yhteystiedot<\\\/h1>\\n\n\n<div class=\\\"uk-margin-medium\\\" property=\\\"text\\\">\\n\n\n<p><span><strong>Kuusamon Pallo-Karhut J\\u00e4\\u00e4kiekko ry<\\\/strong><\\\/span><\\\/p>\\n\n\n<p><span><strong>Asiointis\\u00e4hk\\u00f6posti<br \\\/><\\\/strong>junnukiekko(at)pallokarhut.fi<\\\/span><\\\/p>\\n\n\n<p><strong><span>Kotihallin yhteystiedot<br \\\/><\\\/span><\\\/strong><span>Kuusamon j\\u00e4\\u00e4halli, EVO Areena<br \\\/>Kitkantie 42<br \\\/>93600 KUUSAMO\\u00a0<br \\\/>puh 040 753 5681\\u00a0<\\\/span><\\\/p>\\n\n\n<p><span><strong>Johtokunta 2025-2026<br \\\/><\\\/strong>Puheenjohtaja Perttu Karjalainen, puh 040 531 6572<\\\/span><br \\\/><span>Varapuheenjohtaja Raimo Lohilahti, puh 0400 508 207<\\\/span><br \\\/><span>Rahastonhoitaja Jaana L\\u00e4ms\\u00e4-Valkola, puh 040 512 8195 <\\\/span><br \\\/><span>Jussi Loukusa<\\\/span><br \\\/><span>Henri M\\u00e4\\u00e4tt\\u00e4<br \\\/>Markku Aikio<br \\\/>Mikko Heikkala<br \\\/>Antti Maaninka<br \\\/>Hannu Pitk\\u00e4nen<\\\/span><\\\/p>\\n\n\n<p><span><strong>Edustuskiekkojaosto 2025-2026<br \\\/><\\\/strong><\\\/span><span>Puheenjohtaja\\u00a0Raimo Lohilahti, puh 0400 508 207<br \\\/>Henri M\\u00e4\\u00e4tt\\u00e4<br \\\/>Esa T\\u00f6rm\\u00e4nen<br \\\/>Tommi Kajava<\\\/span><\\\/p>\\n\n\n<p><span><strong>Juniorikiekkojaosto 2025-2026<br \\\/><\\\/strong><\\\/span><span>Puheenjohtaja Perttu Karjalainen, puh 040 531 6572<br \\\/>Rahastonhoitaja Jaana L\\u00e4ms\\u00e4-Valkola, puh 040 512 8195<br \\\/>U8-U18 ja Mimmien joukkueenjohtajat<br \\\/><\\\/span><span>Seuran LKK-, tytt\\u00f6kiekko- ja MV-vastaavat<br \\\/><br \\\/><\\\/span><span><strong>Tytt\\u00f6kiekkovastaava<br \\\/><\\\/strong><\\\/span><span>Elise Ylitalo<\\\/span><\\\/p>\\n\n\n<p><strong>Maalivahtivastaava<\\\/strong><br \\\/>Markku Aikio<\\\/p>\\n<\\\/div>\",\"margin\":\"default\"}}]},{\"type\":\"column\",\"props\":{\"image_position\":\"center-center\",\"position_sticky_breakpoint\":\"m\",\"width_medium\":\"2-5\",\"width_small\":\"1-2\"},\"children\":[{\"type\":\"image\",\"props\":{\"image\":\"wp-content\\\/uploads\\\/2010\\\/01\\\/kartta.gif\",\"image_alt\":\"kartta\",\"image_svg_color\":\"emphasis\",\"margin\":\"default\"}},{\"type\":\"text\",\"props\":{\"column_breakpoint\":\"m\",\"content\":\"\n\n<p><iframe width=\\\"100%\\\" height=\\\"450\\\" style=\\\"border: 0;\\\" src=\\\"https:\\\/\\\/www.google.com\\\/maps\\\/embed?pb=!1m18!1m12!1m3!1d1624.6222450692285!2d29.17732247748674!3d65.97143547848167!2m3!1f0!2f0!3f0!3m2!1i1024!2i768!4f13.1!3m3!1m2!1s0x44294fe5c9fcf073%3A0xd3f4e3947be7e8bd!2zS3V1c2Ftb24gasOkw6RoYWxsaQ!5e0!3m2!1sfi!2sfi!4v1671781472884!5m2!1sfi!2sfi\\\" allowfullscreen=\\\"allowfullscreen\\\" loading=\\\"lazy\\\" referrerpolicy=\\\"no-referrer-when-downgrade\\\"><\\\/iframe><\\\/p>\",\"margin\":\"default\"}}]}]}]}],\"version\":\"4.5.3\"} --><\/p>\n","protected":false},"excerpt":{"rendered":"<p>Yhteystiedot Kuusamon Pallo-Karhut J\u00e4\u00e4kiekko ry Asiointis\u00e4hk\u00f6postijunnukiekko(at)pallokarhut.fi Kotihallin yhteystiedotKuusamon j\u00e4\u00e4halli, EVO AreenaKitkantie 4293600 KUUSAMO\u00a0puh 040 753 5681\u00a0 Johtokunta 2025-2026Puheenjohtaja Perttu Karjalainen, puh 040 531 6572Varapuheenjohtaja Raimo Lohilahti, puh 0400 508 207Rahastonhoitaja [&hellip;]<\/p>\n","protected":false},"author":1,"featured_media":18,"parent":0,"menu_order":21,"comment_status":"closed","ping_status":"closed","template":"","meta":{"footnotes":""},"class_list":["post-19","page","type-page","status-publish","has-post-thumbnail","hentry"],"yoast_head":"<!-- This site is optimized with the Yoast SEO plugin v27.3 - https:\/\/yoast.com\/product\/yoast-seo-wordpress\/ -->\n<title>Yhteystiedot - Pallokarhut J\u00e4\u00e4kiekko, Kuusamo<\/title>\n<meta name=\"description\" content=\"PaKa J\u00e4\u00e4kiekko ry:n johtokunta, edustuskiekkojaosto, juniorikiekkojaosto ja seuran toimihenkil\u00f6iden yhteystiedot\" \/>\n<meta name=\"robots\" content=\"index, follow, max-snippet:-1, max-image-preview:large, max-video-preview:-1\" \/>\n<link rel=\"canonical\" href=\"https:\/\/www.pallokarhut.fi\/jaakiekko\/yhteystiedot\/\" \/>\n<meta property=\"og:locale\" content=\"fi_FI\" \/>\n<meta property=\"og:type\" content=\"article\" \/>\n<meta property=\"og:title\" content=\"Yhteystiedot - Pallokarhut J\u00e4\u00e4kiekko, Kuusamo\" \/>\n<meta property=\"og:description\" content=\"PaKa J\u00e4\u00e4kiekko ry:n johtokunta, edustuskiekkojaosto, juniorikiekkojaosto ja seuran toimihenkil\u00f6iden yhteystiedot\" \/>\n<meta property=\"og:url\" content=\"https:\/\/www.pallokarhut.fi\/jaakiekko\/yhteystiedot\/\" \/>\n<meta property=\"og:site_name\" content=\"Pallokarhut J\u00e4\u00e4kiekko, Kuusamo\" \/>\n<meta property=\"article:publisher\" content=\"https:\/\/www.facebook.com\/profile.php?id=100041232415788\" \/>\n<meta property=\"article:modified_time\" content=\"2025-05-01T15:38:48+00:00\" \/>\n<meta property=\"og:image\" content=\"https:\/\/www.pallokarhut.fi\/jaakiekko\/wp-content\/uploads\/2010\/01\/kartta.gif\" \/>\n\t<meta property=\"og:image:width\" content=\"380\" \/>\n\t<meta property=\"og:image:height\" content=\"400\" \/>\n\t<meta property=\"og:image:type\" content=\"image\/gif\" \/>\n<meta name=\"twitter:card\" content=\"summary_large_image\" \/>\n<meta name=\"twitter:label1\" content=\"Arvioitu lukuaika\" \/>\n\t<meta name=\"twitter:data1\" content=\"4 minuuttia\" \/>\n<script type=\"application\/ld+json\" class=\"yoast-schema-graph\">{\"@context\":\"https:\\\/\\\/schema.org\",\"@graph\":[{\"@type\":\"WebPage\",\"@id\":\"https:\\\/\\\/www.pallokarhut.fi\\\/jaakiekko\\\/yhteystiedot\\\/\",\"url\":\"https:\\\/\\\/www.pallokarhut.fi\\\/jaakiekko\\\/yhteystiedot\\\/\",\"name\":\"Yhteystiedot - Pallokarhut J\u00e4\u00e4kiekko, Kuusamo\",\"isPartOf\":{\"@id\":\"https:\\\/\\\/www.pallokarhut.fi\\\/jaakiekko\\\/#website\"},\"primaryImageOfPage\":{\"@id\":\"https:\\\/\\\/www.pallokarhut.fi\\\/jaakiekko\\\/yhteystiedot\\\/#primaryimage\"},\"image\":{\"@id\":\"https:\\\/\\\/www.pallokarhut.fi\\\/jaakiekko\\\/yhteystiedot\\\/#primaryimage\"},\"thumbnailUrl\":\"https:\\\/\\\/pallokarhut.fi\\\/jaakiekko\\\/wp-content\\\/uploads\\\/2010\\\/01\\\/kartta.gif\",\"datePublished\":\"2010-01-28T20:49:40+00:00\",\"dateModified\":\"2025-05-01T15:38:48+00:00\",\"description\":\"PaKa J\u00e4\u00e4kiekko ry:n johtokunta, edustuskiekkojaosto, juniorikiekkojaosto ja seuran toimihenkil\u00f6iden yhteystiedot\",\"breadcrumb\":{\"@id\":\"https:\\\/\\\/www.pallokarhut.fi\\\/jaakiekko\\\/yhteystiedot\\\/#breadcrumb\"},\"inLanguage\":\"fi\",\"potentialAction\":[{\"@type\":\"ReadAction\",\"target\":[\"https:\\\/\\\/www.pallokarhut.fi\\\/jaakiekko\\\/yhteystiedot\\\/\"]}]},{\"@type\":\"ImageObject\",\"inLanguage\":\"fi\",\"@id\":\"https:\\\/\\\/www.pallokarhut.fi\\\/jaakiekko\\\/yhteystiedot\\\/#primaryimage\",\"url\":\"https:\\\/\\\/pallokarhut.fi\\\/jaakiekko\\\/wp-content\\\/uploads\\\/2010\\\/01\\\/kartta.gif\",\"contentUrl\":\"https:\\\/\\\/pallokarhut.fi\\\/jaakiekko\\\/wp-content\\\/uploads\\\/2010\\\/01\\\/kartta.gif\",\"width\":380,\"height\":400,\"caption\":\"kartta\"},{\"@type\":\"BreadcrumbList\",\"@id\":\"https:\\\/\\\/www.pallokarhut.fi\\\/jaakiekko\\\/yhteystiedot\\\/#breadcrumb\",\"itemListElement\":[{\"@type\":\"ListItem\",\"position\":1,\"name\":\"Etusivu\",\"item\":\"https:\\\/\\\/www.pallokarhut.fi\\\/jaakiekko\\\/\"},{\"@type\":\"ListItem\",\"position\":2,\"name\":\"Yhteystiedot\"}]},{\"@type\":\"WebSite\",\"@id\":\"https:\\\/\\\/www.pallokarhut.fi\\\/jaakiekko\\\/#website\",\"url\":\"https:\\\/\\\/www.pallokarhut.fi\\\/jaakiekko\\\/\",\"name\":\"Pallokarhut J\u00e4\u00e4kiekko, Kuusamo\",\"description\":\"Uusi harrastus lapsille, nuorille ja koko perheelle! - Pallokarhut J\u00e4\u00e4kiekko, Kuusamo\",\"publisher\":{\"@id\":\"https:\\\/\\\/www.pallokarhut.fi\\\/jaakiekko\\\/#organization\"},\"potentialAction\":[{\"@type\":\"SearchAction\",\"target\":{\"@type\":\"EntryPoint\",\"urlTemplate\":\"https:\\\/\\\/www.pallokarhut.fi\\\/jaakiekko\\\/?s={search_term_string}\"},\"query-input\":{\"@type\":\"PropertyValueSpecification\",\"valueRequired\":true,\"valueName\":\"search_term_string\"}}],\"inLanguage\":\"fi\"},{\"@type\":\"Organization\",\"@id\":\"https:\\\/\\\/www.pallokarhut.fi\\\/jaakiekko\\\/#organization\",\"name\":\"Pallo-Karhut, j\u00e4\u00e4kiekko\",\"url\":\"https:\\\/\\\/www.pallokarhut.fi\\\/jaakiekko\\\/\",\"logo\":{\"@type\":\"ImageObject\",\"inLanguage\":\"fi\",\"@id\":\"https:\\\/\\\/www.pallokarhut.fi\\\/jaakiekko\\\/#\\\/schema\\\/logo\\\/image\\\/\",\"url\":\"https:\\\/\\\/www.pallokarhut.fi\\\/jaakiekko\\\/wp-content\\\/uploads\\\/2023\\\/02\\\/pakalogo.svg\",\"contentUrl\":\"https:\\\/\\\/www.pallokarhut.fi\\\/jaakiekko\\\/wp-content\\\/uploads\\\/2023\\\/02\\\/pakalogo.svg\",\"width\":1,\"height\":1,\"caption\":\"Pallo-Karhut, j\u00e4\u00e4kiekko\"},\"image\":{\"@id\":\"https:\\\/\\\/www.pallokarhut.fi\\\/jaakiekko\\\/#\\\/schema\\\/logo\\\/image\\\/\"},\"sameAs\":[\"https:\\\/\\\/www.facebook.com\\\/profile.php?id=100041232415788\"]}]}<\/script>\n<!-- \/ Yoast SEO plugin. -->","yoast_head_json":{"title":"Yhteystiedot - Pallokarhut J\u00e4\u00e4kiekko, Kuusamo","description":"PaKa J\u00e4\u00e4kiekko ry:n johtokunta, edustuskiekkojaosto, juniorikiekkojaosto ja seuran toimihenkil\u00f6iden yhteystiedot","robots":{"index":"index","follow":"follow","max-snippet":"max-snippet:-1","max-image-preview":"max-image-preview:large","max-video-preview":"max-video-preview:-1"},"canonical":"https:\/\/www.pallokarhut.fi\/jaakiekko\/yhteystiedot\/","og_locale":"fi_FI","og_type":"article","og_title":"Yhteystiedot - Pallokarhut J\u00e4\u00e4kiekko, Kuusamo","og_description":"PaKa J\u00e4\u00e4kiekko ry:n johtokunta, edustuskiekkojaosto, juniorikiekkojaosto ja seuran toimihenkil\u00f6iden yhteystiedot","og_url":"https:\/\/www.pallokarhut.fi\/jaakiekko\/yhteystiedot\/","og_site_name":"Pallokarhut J\u00e4\u00e4kiekko, Kuusamo","article_publisher":"https:\/\/www.facebook.com\/profile.php?id=100041232415788","article_modified_time":"2025-05-01T15:38:48+00:00","og_image":[{"width":380,"height":400,"url":"https:\/\/www.pallokarhut.fi\/jaakiekko\/wp-content\/uploads\/2010\/01\/kartta.gif","type":"image\/gif"}],"twitter_card":"summary_large_image","twitter_misc":{"Arvioitu lukuaika":"4 minuuttia"},"schema":{"@context":"https:\/\/schema.org","@graph":[{"@type":"WebPage","@id":"https:\/\/www.pallokarhut.fi\/jaakiekko\/yhteystiedot\/","url":"https:\/\/www.pallokarhut.fi\/jaakiekko\/yhteystiedot\/","name":"Yhteystiedot - Pallokarhut J\u00e4\u00e4kiekko, Kuusamo","isPartOf":{"@id":"https:\/\/www.pallokarhut.fi\/jaakiekko\/#website"},"primaryImageOfPage":{"@id":"https:\/\/www.pallokarhut.fi\/jaakiekko\/yhteystiedot\/#primaryimage"},"image":{"@id":"https:\/\/www.pallokarhut.fi\/jaakiekko\/yhteystiedot\/#primaryimage"},"thumbnailUrl":"https:\/\/pallokarhut.fi\/jaakiekko\/wp-content\/uploads\/2010\/01\/kartta.gif","datePublished":"2010-01-28T20:49:40+00:00","dateModified":"2025-05-01T15:38:48+00:00","description":"PaKa J\u00e4\u00e4kiekko ry:n johtokunta, edustuskiekkojaosto, juniorikiekkojaosto ja seuran toimihenkil\u00f6iden yhteystiedot","breadcrumb":{"@id":"https:\/\/www.pallokarhut.fi\/jaakiekko\/yhteystiedot\/#breadcrumb"},"inLanguage":"fi","potentialAction":[{"@type":"ReadAction","target":["https:\/\/www.pallokarhut.fi\/jaakiekko\/yhteystiedot\/"]}]},{"@type":"ImageObject","inLanguage":"fi","@id":"https:\/\/www.pallokarhut.fi\/jaakiekko\/yhteystiedot\/#primaryimage","url":"https:\/\/pallokarhut.fi\/jaakiekko\/wp-content\/uploads\/2010\/01\/kartta.gif","contentUrl":"https:\/\/pallokarhut.fi\/jaakiekko\/wp-content\/uploads\/2010\/01\/kartta.gif","width":380,"height":400,"caption":"kartta"},{"@type":"BreadcrumbList","@id":"https:\/\/www.pallokarhut.fi\/jaakiekko\/yhteystiedot\/#breadcrumb","itemListElement":[{"@type":"ListItem","position":1,"name":"Etusivu","item":"https:\/\/www.pallokarhut.fi\/jaakiekko\/"},{"@type":"ListItem","position":2,"name":"Yhteystiedot"}]},{"@type":"WebSite","@id":"https:\/\/www.pallokarhut.fi\/jaakiekko\/#website","url":"https:\/\/www.pallokarhut.fi\/jaakiekko\/","name":"Pallokarhut J\u00e4\u00e4kiekko, Kuusamo","description":"Uusi harrastus lapsille, nuorille ja koko perheelle! - Pallokarhut J\u00e4\u00e4kiekko, Kuusamo","publisher":{"@id":"https:\/\/www.pallokarhut.fi\/jaakiekko\/#organization"},"potentialAction":[{"@type":"SearchAction","target":{"@type":"EntryPoint","urlTemplate":"https:\/\/www.pallokarhut.fi\/jaakiekko\/?s={search_term_string}"},"query-input":{"@type":"PropertyValueSpecification","valueRequired":true,"valueName":"search_term_string"}}],"inLanguage":"fi"},{"@type":"Organization","@id":"https:\/\/www.pallokarhut.fi\/jaakiekko\/#organization","name":"Pallo-Karhut, j\u00e4\u00e4kiekko","url":"https:\/\/www.pallokarhut.fi\/jaakiekko\/","logo":{"@type":"ImageObject","inLanguage":"fi","@id":"https:\/\/www.pallokarhut.fi\/jaakiekko\/#\/schema\/logo\/image\/","url":"https:\/\/www.pallokarhut.fi\/jaakiekko\/wp-content\/uploads\/2023\/02\/pakalogo.svg","contentUrl":"https:\/\/www.pallokarhut.fi\/jaakiekko\/wp-content\/uploads\/2023\/02\/pakalogo.svg","width":1,"height":1,"caption":"Pallo-Karhut, j\u00e4\u00e4kiekko"},"image":{"@id":"https:\/\/www.pallokarhut.fi\/jaakiekko\/#\/schema\/logo\/image\/"},"sameAs":["https:\/\/www.facebook.com\/profile.php?id=100041232415788"]}]}},"_links":{"self":[{"href":"https:\/\/pallokarhut.fi\/jaakiekko\/wp-json\/wp\/v2\/pages\/19","targetHints":{"allow":["GET"]}}],"collection":[{"href":"https:\/\/pallokarhut.fi\/jaakiekko\/wp-json\/wp\/v2\/pages"}],"about":[{"href":"https:\/\/pallokarhut.fi\/jaakiekko\/wp-json\/wp\/v2\/types\/page"}],"author":[{"embeddable":true,"href":"https:\/\/pallokarhut.fi\/jaakiekko\/wp-json\/wp\/v2\/users\/1"}],"replies":[{"embeddable":true,"href":"https:\/\/pallokarhut.fi\/jaakiekko\/wp-json\/wp\/v2\/comments?post=19"}],"version-history":[{"count":0,"href":"https:\/\/pallokarhut.fi\/jaakiekko\/wp-json\/wp\/v2\/pages\/19\/revisions"}],"wp:featuredmedia":[{"embeddable":true,"href":"https:\/\/pallokarhut.fi\/jaakiekko\/wp-json\/wp\/v2\/media\/18"}],"wp:attachment":[{"href":"https:\/\/pallokarhut.fi\/jaakiekko\/wp-json\/wp\/v2\/media?parent=19"}],"curies":[{"name":"wp","href":"https:\/\/api.w.org\/{rel}","templated":true}]}}