{"id":1212,"date":"2023-01-23T08:26:55","date_gmt":"2023-01-23T06:26:55","guid":{"rendered":"http:\/\/www.pallokarhut.fi\/jaakiekko\/?page_id=1212"},"modified":"2026-03-02T15:52:23","modified_gmt":"2026-03-02T13:52:23","slug":"luistelukoulu-ja-leijona-kiekkokoulu","status":"publish","type":"page","link":"https:\/\/pallokarhut.fi\/jaakiekko\/luistelukoulu-ja-leijona-kiekkokoulu\/","title":{"rendered":"Luistelukoulu ja Leijona-kiekkokoulu"},"content":{"rendered":"<h1>Luistelukoulu ja Leijona-kiekkokoulu<\/h1>\n<div>\n<p><strong>Luistelukouluun, Tytt\u00f6kiekkokouluun ja Leijona-kiekkokouluun voi tulla mukaan koko kauden ajan!<\/strong><\/p>\n<p><strong>Lis\u00e4tiedot<br \/><\/strong><\/p>\n<p><strong>Kiekkokouluvastaava<\/strong><br \/>Henna Suorsa (puh 044 293 8485)<\/p>\n<p><strong>Tytt\u00f6kiekkokouluvastaava<br \/><\/strong>Elise Ylitalo (puh 050 362 8368)<\/p>\n<p><strong>Luistelukoulu ja Leijona-kiekkokoulu:<\/strong><\/p>\n<ul>\n<li>Suunnattu 4-10-vuotiaille lapsille.<\/li>\n<li>Hinnat: Luistelukoulu <del>40 euroa<\/del> ja Leijona-kiekkokoulu <del>40 euroa<\/del>\/kausi. <strong>Ilmainen kaudella 2025-2026!<\/strong><\/li>\n<li>Mahdollisuus osallistua sek\u00e4 luistelukouluun ett\u00e4 Leijona-kiekkokouluun yhdell\u00e4 kausimaksulla!<\/li>\n<li>Luistelukoulussa\u00a0v\u00e4himm\u00e4isvarusteina ovat ristikkokyp\u00e4r\u00e4 ja luistimet.<\/li>\n<li>Leijona-kiekkokoulussa tarvitset v\u00e4hint\u00e4\u00e4n ristikkokyp\u00e4r\u00e4n, luistimet, mailan, kaulasuojan sek\u00e4 kyyn\u00e4r- ja polvisuojat.<\/li>\n<li>Seuramme vuokraa varustesettej\u00e4 hintaan 20 euroa\/kausi.\u00a0<\/li>\n<li>Vanhempia toivotaan mukaan j\u00e4\u00e4lle pienimpien avuksi (varusteet: kyp\u00e4r\u00e4, luistimet ja maila).<\/li>\n<\/ul>\n<p>Kiekkokoulumme toteutetaan J\u00e4\u00e4kiekkoliiton Leijona-kiekkokoulu -konseptilla ja ohjaajat on koulutettu Leijona-kiekkokoulun ohjaajakoulutuksella.<\/p>\n<p><strong>LKK kaudella 2025-2026<\/strong><\/p>\n<ul>\n<li>Luistelukoulu keskiviikkoisin klo 17:25-18:10<\/li>\n<li>Kiekkokoulu ja <em>Tytt\u00f6kiekkokoulu<\/em> keskiviikkoisin klo 18:10-19:00<\/li>\n<li><strong>Kev\u00e4tkausi 14.1.2026 alkaen<\/strong><\/li>\n<\/ul>\n<p><strong>Ilmoittautuminen<\/strong><\/p>\n<ul>\n<li>Luistelukoulu: Henna Suorsa (puh 044 293 8485)<\/li>\n<li>Leijona kiekkokoulu: Henna Suorsa (puh 044 293 8485)<\/li>\n<li>Tytt\u00f6kiekkokoulu: Elise Ylitalo (puh 050 362 8268)<\/li>\n<\/ul>\n<p>LKK-toiminta edellytt\u00e4\u00e4 Kiekkokoulurekister\u00f6innin (3,75 euroa) Suomi-Sportissa. Lue lis\u00e4\u00e4 ja hanki rekister\u00f6inti <a href=\"https:\/\/info.suomisport.fi\/\" target=\"_blank\" rel=\"noopener\">t\u00e4\u00e4lt\u00e4<\/a>. Rekister\u00f6inti tarkistetaan toimintaan tullessa.<\/p>\n<p><strong>N\u00e4hd\u00e4\u00e4n EVO Areenalla!<\/strong><\/p>\n<\/div>\n<p><img decoding=\"async\" src=\"\/jaakiekko\/wp-content\/uploads\/2017\/12\/LKKlogo3.jpg\" alt=\"LKKlogo3.jpg\"><\/p>\n<p><!--more--><br \/>\n<!-- {\"type\":\"layout\",\"children\":[{\"type\":\"section\",\"props\":{\"image_position\":\"center-center\",\"style\":\"default\",\"title_breakpoint\":\"xl\",\"title_position\":\"top-left\",\"title_rotation\":\"left\",\"vertical_align\":\"\",\"width\":\"default\"},\"children\":[{\"type\":\"row\",\"children\":[{\"type\":\"column\",\"props\":{\"image_position\":\"center-center\",\"position_sticky_breakpoint\":\"m\"},\"children\":[{\"type\":\"headline\",\"props\":{\"content\":\"Luistelukoulu ja Leijona-kiekkokoulu\",\"image_align\":\"left\",\"image_margin\":\"xsmall\",\"title_element\":\"h1\"}}]}]},{\"type\":\"row\",\"props\":{\"layout\":\"1-2,1-2\"},\"children\":[{\"type\":\"column\",\"props\":{\"image_position\":\"center-center\",\"position_sticky_breakpoint\":\"m\",\"width_medium\":\"1-2\"},\"children\":[{\"type\":\"text\",\"props\":{\"column_breakpoint\":\"m\",\"content\":\"\n\n<p><strong>Luistelukouluun, Tytt\u00f6kiekkokouluun ja Leijona-kiekkokouluun voi tulla mukaan koko kauden ajan!<\/strong><\/p>\n\n\\n\n\n<p><strong>Lis\u00e4tiedot<br \/><\/strong><\/p>\n\n\\n\n\n<p><strong>Kiekkokouluvastaava<\/strong><br \/>Henna Suorsa (puh 044 293 8485)\n\n<strong>Tytt\u00f6kiekkokouluvastaava<br \/><\/strong>Elise Ylitalo (puh 050 362 8368)\n\n<strong>Luistelukoulu ja Leijona-kiekkokoulu:<\/strong><\/p>\n\n\\n\n\n<ul>\\n\n\n<li>Suunnattu 4-10-vuotiaille lapsille.<\/li>\n\n\\n\n\n<li>Hinnat: Luistelukoulu <del>40 euroa<\/del> ja Leijona-kiekkokoulu <del>40 euroa<\/del>\/kausi. <strong>Ilmainen kaudella 2025-2026!<\/strong><\/li>\n\n\\n\n\n<li>Mahdollisuus osallistua sek\u00e4 luistelukouluun ett\u00e4 Leijona-kiekkokouluun yhdell\u00e4 kausimaksulla!<\/li>\n\n\\n\n\n<li>Luistelukoulussa\u00a0v\u00e4himm\u00e4isvarusteina ovat ristikkokyp\u00e4r\u00e4 ja luistimet.<\/li>\n\n\\n\n\n<li>Leijona-kiekkokoulussa tarvitset v\u00e4hint\u00e4\u00e4n ristikkokyp\u00e4r\u00e4n, luistimet, mailan, kaulasuojan sek\u00e4 kyyn\u00e4r- ja polvisuojat.<\/li>\n\n\\n\n\n<li>Seuramme vuokraa varustesettej\u00e4 hintaan 20 euroa\/kausi.\u00a0<\/li>\n\n\\n\n\n<li>Vanhempia toivotaan mukaan j\u00e4\u00e4lle pienimpien avuksi (varusteet: kyp\u00e4r\u00e4, luistimet ja maila).<\/li>\n\n\\n<\/ul>\n\n\\n\n\n<p>Kiekkokoulumme toteutetaan J\u00e4\u00e4kiekkoliiton Leijona-kiekkokoulu -konseptilla ja ohjaajat on koulutettu Leijona-kiekkokoulun ohjaajakoulutuksella.<\/p>\n\n\\n\n\n<p><strong>LKK kaudella 2025-2026<\/strong><\/p>\n\n\\n\n\n<ul>\\n\n\n<li>Luistelukoulu keskiviikkoisin klo 17:25-18:10<\/li>\n\n\\n\n\n<li>Kiekkokoulu ja <em>Tytt\u00f6kiekkokoulu<\/em> keskiviikkoisin klo 18:10-19:00<\/li>\n\n\\n\n\n<li><strong>Kev\u00e4tkausi 14.1.2026 alkaen<\/strong><\/li>\n\n\\n<\/ul>\n\n\\n\n\n<p><strong>Ilmoittautuminen<\/strong><\/p>\n\n\\n\n\n<ul>\\n\n\n<li>Luistelukoulu: Henna Suorsa (puh 044 293 8485)<\/li>\n\n\\n\n\n<li>Leijona kiekkokoulu: Henna Suorsa (puh 044 293 8485)<\/li>\n\n\\n\n\n<li>Tytt\u00f6kiekkokoulu: Elise Ylitalo (puh 050 362 8268)<\/li>\n\n\\n<\/ul>\n\n\\n\n\n<p>LKK-toiminta edellytt\u00e4\u00e4 Kiekkokoulurekister\u00f6innin (3,75 euroa) Suomi-Sportissa. Lue lis\u00e4\u00e4 ja hanki rekister\u00f6inti <a href=\\\"https:\/\/info.suomisport.fi\/\\\" target=\\\"_blank\\\" rel=\\\"noopener\\\">t\u00e4\u00e4lt\u00e4<\/a>. Rekister\u00f6inti tarkistetaan toimintaan tullessa.<\/p>\n\n\\n\n\n<p><strong>N\u00e4hd\u00e4\u00e4n EVO Areenalla!<\/strong><\/p>\n\n\",\"margin_bottom\":\"default\",\"margin_top\":\"default\"}}]},{\"type\":\"column\",\"props\":{\"image_position\":\"center-center\",\"position_sticky_breakpoint\":\"m\",\"width_medium\":\"1-2\"},\"children\":[{\"type\":\"image\",\"props\":{\"image\":\"wp-content\/uploads\/2017\/12\/LKKlogo3.jpg\",\"image_alt\":\"LKKlogo3.jpg\",\"image_svg_color\":\"emphasis\",\"margin_bottom\":\"default\",\"margin_top\":\"default\"}}]}]}]}],\"version\":\"5.0.14\"} --><\/p>\n","protected":false},"excerpt":{"rendered":"<p>Luistelukoulu ja Leijona-kiekkokoulu Luistelukouluun, Tytt\u00f6kiekkokouluun ja Leijona-kiekkokouluun voi tulla mukaan koko kauden ajan! Lis\u00e4tiedot KiekkokouluvastaavaHenna Suorsa (puh 044 293 8485) Tytt\u00f6kiekkokouluvastaavaElise Ylitalo (puh 050 362 8368) Luistelukoulu ja Leijona-kiekkokoulu: Suunnattu [&hellip;]<\/p>\n","protected":false},"author":1,"featured_media":216,"parent":0,"menu_order":0,"comment_status":"closed","ping_status":"closed","template":"","meta":{"footnotes":""},"class_list":["post-1212","page","type-page","status-publish","has-post-thumbnail","hentry"],"yoast_head":"<!-- This site is optimized with the Yoast SEO plugin v27.3 - https:\/\/yoast.com\/product\/yoast-seo-wordpress\/ -->\n<title>Luistelukoulu ja Leijona-kiekkokoulu - Pallokarhut J\u00e4\u00e4kiekko, Kuusamo<\/title>\n<meta name=\"description\" content=\"Luistelukoulu ja Leijona-Kiekkokoulu on suunnattu 4-10-vuotiaille lapsille.\" \/>\n<meta name=\"robots\" content=\"index, follow, max-snippet:-1, max-image-preview:large, max-video-preview:-1\" \/>\n<link rel=\"canonical\" href=\"https:\/\/www.pallokarhut.fi\/jaakiekko\/luistelukoulu-ja-leijona-kiekkokoulu\/\" \/>\n<meta property=\"og:locale\" content=\"fi_FI\" \/>\n<meta property=\"og:type\" content=\"article\" \/>\n<meta property=\"og:title\" content=\"Luistelukoulu ja Leijona-kiekkokoulu - Pallokarhut J\u00e4\u00e4kiekko, Kuusamo\" \/>\n<meta property=\"og:description\" content=\"Luistelukoulu ja Leijona-Kiekkokoulu on suunnattu 4-10-vuotiaille lapsille.\" \/>\n<meta property=\"og:url\" content=\"https:\/\/www.pallokarhut.fi\/jaakiekko\/luistelukoulu-ja-leijona-kiekkokoulu\/\" \/>\n<meta property=\"og:site_name\" content=\"Pallokarhut J\u00e4\u00e4kiekko, Kuusamo\" \/>\n<meta property=\"article:publisher\" content=\"https:\/\/www.facebook.com\/profile.php?id=100041232415788\" \/>\n<meta property=\"article:modified_time\" content=\"2026-03-02T13:52:23+00:00\" \/>\n<meta property=\"og:image\" content=\"https:\/\/www.pallokarhut.fi\/jaakiekko\/wp-content\/uploads\/2017\/12\/LKKlogo3.jpg\" \/>\n\t<meta property=\"og:image:width\" content=\"594\" \/>\n\t<meta property=\"og:image:height\" content=\"490\" \/>\n\t<meta property=\"og:image:type\" content=\"image\/jpeg\" \/>\n<meta name=\"twitter:card\" content=\"summary_large_image\" \/>\n<meta name=\"twitter:label1\" content=\"Arvioitu lukuaika\" \/>\n\t<meta name=\"twitter:data1\" content=\"2 minuuttia\" \/>\n<script type=\"application\/ld+json\" class=\"yoast-schema-graph\">{\"@context\":\"https:\\\/\\\/schema.org\",\"@graph\":[{\"@type\":\"WebPage\",\"@id\":\"https:\\\/\\\/www.pallokarhut.fi\\\/jaakiekko\\\/luistelukoulu-ja-leijona-kiekkokoulu\\\/\",\"url\":\"https:\\\/\\\/www.pallokarhut.fi\\\/jaakiekko\\\/luistelukoulu-ja-leijona-kiekkokoulu\\\/\",\"name\":\"Luistelukoulu ja Leijona-kiekkokoulu - Pallokarhut J\u00e4\u00e4kiekko, Kuusamo\",\"isPartOf\":{\"@id\":\"https:\\\/\\\/www.pallokarhut.fi\\\/jaakiekko\\\/#website\"},\"primaryImageOfPage\":{\"@id\":\"https:\\\/\\\/www.pallokarhut.fi\\\/jaakiekko\\\/luistelukoulu-ja-leijona-kiekkokoulu\\\/#primaryimage\"},\"image\":{\"@id\":\"https:\\\/\\\/www.pallokarhut.fi\\\/jaakiekko\\\/luistelukoulu-ja-leijona-kiekkokoulu\\\/#primaryimage\"},\"thumbnailUrl\":\"https:\\\/\\\/pallokarhut.fi\\\/jaakiekko\\\/wp-content\\\/uploads\\\/2017\\\/12\\\/LKKlogo3.jpg\",\"datePublished\":\"2023-01-23T06:26:55+00:00\",\"dateModified\":\"2026-03-02T13:52:23+00:00\",\"description\":\"Luistelukoulu ja Leijona-Kiekkokoulu on suunnattu 4-10-vuotiaille lapsille.\",\"breadcrumb\":{\"@id\":\"https:\\\/\\\/www.pallokarhut.fi\\\/jaakiekko\\\/luistelukoulu-ja-leijona-kiekkokoulu\\\/#breadcrumb\"},\"inLanguage\":\"fi\",\"potentialAction\":[{\"@type\":\"ReadAction\",\"target\":[\"https:\\\/\\\/www.pallokarhut.fi\\\/jaakiekko\\\/luistelukoulu-ja-leijona-kiekkokoulu\\\/\"]}]},{\"@type\":\"ImageObject\",\"inLanguage\":\"fi\",\"@id\":\"https:\\\/\\\/www.pallokarhut.fi\\\/jaakiekko\\\/luistelukoulu-ja-leijona-kiekkokoulu\\\/#primaryimage\",\"url\":\"https:\\\/\\\/pallokarhut.fi\\\/jaakiekko\\\/wp-content\\\/uploads\\\/2017\\\/12\\\/LKKlogo3.jpg\",\"contentUrl\":\"https:\\\/\\\/pallokarhut.fi\\\/jaakiekko\\\/wp-content\\\/uploads\\\/2017\\\/12\\\/LKKlogo3.jpg\",\"width\":594,\"height\":490,\"caption\":\"LKKlogo3.jpg\"},{\"@type\":\"BreadcrumbList\",\"@id\":\"https:\\\/\\\/www.pallokarhut.fi\\\/jaakiekko\\\/luistelukoulu-ja-leijona-kiekkokoulu\\\/#breadcrumb\",\"itemListElement\":[{\"@type\":\"ListItem\",\"position\":1,\"name\":\"Etusivu\",\"item\":\"https:\\\/\\\/www.pallokarhut.fi\\\/jaakiekko\\\/\"},{\"@type\":\"ListItem\",\"position\":2,\"name\":\"Luistelukoulu ja Leijona-kiekkokoulu\"}]},{\"@type\":\"WebSite\",\"@id\":\"https:\\\/\\\/www.pallokarhut.fi\\\/jaakiekko\\\/#website\",\"url\":\"https:\\\/\\\/www.pallokarhut.fi\\\/jaakiekko\\\/\",\"name\":\"Pallokarhut J\u00e4\u00e4kiekko, Kuusamo\",\"description\":\"Uusi harrastus lapsille, nuorille ja koko perheelle! - Pallokarhut J\u00e4\u00e4kiekko, Kuusamo\",\"publisher\":{\"@id\":\"https:\\\/\\\/www.pallokarhut.fi\\\/jaakiekko\\\/#organization\"},\"potentialAction\":[{\"@type\":\"SearchAction\",\"target\":{\"@type\":\"EntryPoint\",\"urlTemplate\":\"https:\\\/\\\/www.pallokarhut.fi\\\/jaakiekko\\\/?s={search_term_string}\"},\"query-input\":{\"@type\":\"PropertyValueSpecification\",\"valueRequired\":true,\"valueName\":\"search_term_string\"}}],\"inLanguage\":\"fi\"},{\"@type\":\"Organization\",\"@id\":\"https:\\\/\\\/www.pallokarhut.fi\\\/jaakiekko\\\/#organization\",\"name\":\"Pallo-Karhut, j\u00e4\u00e4kiekko\",\"url\":\"https:\\\/\\\/www.pallokarhut.fi\\\/jaakiekko\\\/\",\"logo\":{\"@type\":\"ImageObject\",\"inLanguage\":\"fi\",\"@id\":\"https:\\\/\\\/www.pallokarhut.fi\\\/jaakiekko\\\/#\\\/schema\\\/logo\\\/image\\\/\",\"url\":\"https:\\\/\\\/www.pallokarhut.fi\\\/jaakiekko\\\/wp-content\\\/uploads\\\/2023\\\/02\\\/pakalogo.svg\",\"contentUrl\":\"https:\\\/\\\/www.pallokarhut.fi\\\/jaakiekko\\\/wp-content\\\/uploads\\\/2023\\\/02\\\/pakalogo.svg\",\"width\":1,\"height\":1,\"caption\":\"Pallo-Karhut, j\u00e4\u00e4kiekko\"},\"image\":{\"@id\":\"https:\\\/\\\/www.pallokarhut.fi\\\/jaakiekko\\\/#\\\/schema\\\/logo\\\/image\\\/\"},\"sameAs\":[\"https:\\\/\\\/www.facebook.com\\\/profile.php?id=100041232415788\"]}]}<\/script>\n<!-- \/ Yoast SEO plugin. -->","yoast_head_json":{"title":"Luistelukoulu ja Leijona-kiekkokoulu - Pallokarhut J\u00e4\u00e4kiekko, Kuusamo","description":"Luistelukoulu ja Leijona-Kiekkokoulu on suunnattu 4-10-vuotiaille lapsille.","robots":{"index":"index","follow":"follow","max-snippet":"max-snippet:-1","max-image-preview":"max-image-preview:large","max-video-preview":"max-video-preview:-1"},"canonical":"https:\/\/www.pallokarhut.fi\/jaakiekko\/luistelukoulu-ja-leijona-kiekkokoulu\/","og_locale":"fi_FI","og_type":"article","og_title":"Luistelukoulu ja Leijona-kiekkokoulu - Pallokarhut J\u00e4\u00e4kiekko, Kuusamo","og_description":"Luistelukoulu ja Leijona-Kiekkokoulu on suunnattu 4-10-vuotiaille lapsille.","og_url":"https:\/\/www.pallokarhut.fi\/jaakiekko\/luistelukoulu-ja-leijona-kiekkokoulu\/","og_site_name":"Pallokarhut J\u00e4\u00e4kiekko, Kuusamo","article_publisher":"https:\/\/www.facebook.com\/profile.php?id=100041232415788","article_modified_time":"2026-03-02T13:52:23+00:00","og_image":[{"width":594,"height":490,"url":"https:\/\/www.pallokarhut.fi\/jaakiekko\/wp-content\/uploads\/2017\/12\/LKKlogo3.jpg","type":"image\/jpeg"}],"twitter_card":"summary_large_image","twitter_misc":{"Arvioitu lukuaika":"2 minuuttia"},"schema":{"@context":"https:\/\/schema.org","@graph":[{"@type":"WebPage","@id":"https:\/\/www.pallokarhut.fi\/jaakiekko\/luistelukoulu-ja-leijona-kiekkokoulu\/","url":"https:\/\/www.pallokarhut.fi\/jaakiekko\/luistelukoulu-ja-leijona-kiekkokoulu\/","name":"Luistelukoulu ja Leijona-kiekkokoulu - Pallokarhut J\u00e4\u00e4kiekko, Kuusamo","isPartOf":{"@id":"https:\/\/www.pallokarhut.fi\/jaakiekko\/#website"},"primaryImageOfPage":{"@id":"https:\/\/www.pallokarhut.fi\/jaakiekko\/luistelukoulu-ja-leijona-kiekkokoulu\/#primaryimage"},"image":{"@id":"https:\/\/www.pallokarhut.fi\/jaakiekko\/luistelukoulu-ja-leijona-kiekkokoulu\/#primaryimage"},"thumbnailUrl":"https:\/\/pallokarhut.fi\/jaakiekko\/wp-content\/uploads\/2017\/12\/LKKlogo3.jpg","datePublished":"2023-01-23T06:26:55+00:00","dateModified":"2026-03-02T13:52:23+00:00","description":"Luistelukoulu ja Leijona-Kiekkokoulu on suunnattu 4-10-vuotiaille lapsille.","breadcrumb":{"@id":"https:\/\/www.pallokarhut.fi\/jaakiekko\/luistelukoulu-ja-leijona-kiekkokoulu\/#breadcrumb"},"inLanguage":"fi","potentialAction":[{"@type":"ReadAction","target":["https:\/\/www.pallokarhut.fi\/jaakiekko\/luistelukoulu-ja-leijona-kiekkokoulu\/"]}]},{"@type":"ImageObject","inLanguage":"fi","@id":"https:\/\/www.pallokarhut.fi\/jaakiekko\/luistelukoulu-ja-leijona-kiekkokoulu\/#primaryimage","url":"https:\/\/pallokarhut.fi\/jaakiekko\/wp-content\/uploads\/2017\/12\/LKKlogo3.jpg","contentUrl":"https:\/\/pallokarhut.fi\/jaakiekko\/wp-content\/uploads\/2017\/12\/LKKlogo3.jpg","width":594,"height":490,"caption":"LKKlogo3.jpg"},{"@type":"BreadcrumbList","@id":"https:\/\/www.pallokarhut.fi\/jaakiekko\/luistelukoulu-ja-leijona-kiekkokoulu\/#breadcrumb","itemListElement":[{"@type":"ListItem","position":1,"name":"Etusivu","item":"https:\/\/www.pallokarhut.fi\/jaakiekko\/"},{"@type":"ListItem","position":2,"name":"Luistelukoulu ja Leijona-kiekkokoulu"}]},{"@type":"WebSite","@id":"https:\/\/www.pallokarhut.fi\/jaakiekko\/#website","url":"https:\/\/www.pallokarhut.fi\/jaakiekko\/","name":"Pallokarhut J\u00e4\u00e4kiekko, Kuusamo","description":"Uusi harrastus lapsille, nuorille ja koko perheelle! - Pallokarhut J\u00e4\u00e4kiekko, Kuusamo","publisher":{"@id":"https:\/\/www.pallokarhut.fi\/jaakiekko\/#organization"},"potentialAction":[{"@type":"SearchAction","target":{"@type":"EntryPoint","urlTemplate":"https:\/\/www.pallokarhut.fi\/jaakiekko\/?s={search_term_string}"},"query-input":{"@type":"PropertyValueSpecification","valueRequired":true,"valueName":"search_term_string"}}],"inLanguage":"fi"},{"@type":"Organization","@id":"https:\/\/www.pallokarhut.fi\/jaakiekko\/#organization","name":"Pallo-Karhut, j\u00e4\u00e4kiekko","url":"https:\/\/www.pallokarhut.fi\/jaakiekko\/","logo":{"@type":"ImageObject","inLanguage":"fi","@id":"https:\/\/www.pallokarhut.fi\/jaakiekko\/#\/schema\/logo\/image\/","url":"https:\/\/www.pallokarhut.fi\/jaakiekko\/wp-content\/uploads\/2023\/02\/pakalogo.svg","contentUrl":"https:\/\/www.pallokarhut.fi\/jaakiekko\/wp-content\/uploads\/2023\/02\/pakalogo.svg","width":1,"height":1,"caption":"Pallo-Karhut, j\u00e4\u00e4kiekko"},"image":{"@id":"https:\/\/www.pallokarhut.fi\/jaakiekko\/#\/schema\/logo\/image\/"},"sameAs":["https:\/\/www.facebook.com\/profile.php?id=100041232415788"]}]}},"_links":{"self":[{"href":"https:\/\/pallokarhut.fi\/jaakiekko\/wp-json\/wp\/v2\/pages\/1212","targetHints":{"allow":["GET"]}}],"collection":[{"href":"https:\/\/pallokarhut.fi\/jaakiekko\/wp-json\/wp\/v2\/pages"}],"about":[{"href":"https:\/\/pallokarhut.fi\/jaakiekko\/wp-json\/wp\/v2\/types\/page"}],"author":[{"embeddable":true,"href":"https:\/\/pallokarhut.fi\/jaakiekko\/wp-json\/wp\/v2\/users\/1"}],"replies":[{"embeddable":true,"href":"https:\/\/pallokarhut.fi\/jaakiekko\/wp-json\/wp\/v2\/comments?post=1212"}],"version-history":[{"count":0,"href":"https:\/\/pallokarhut.fi\/jaakiekko\/wp-json\/wp\/v2\/pages\/1212\/revisions"}],"wp:featuredmedia":[{"embeddable":true,"href":"https:\/\/pallokarhut.fi\/jaakiekko\/wp-json\/wp\/v2\/media\/216"}],"wp:attachment":[{"href":"https:\/\/pallokarhut.fi\/jaakiekko\/wp-json\/wp\/v2\/media?parent=1212"}],"curies":[{"name":"wp","href":"https:\/\/api.w.org\/{rel}","templated":true}]}}